{"id":1211,"date":"2025-03-31T09:35:50","date_gmt":"2025-03-31T07:35:50","guid":{"rendered":"https:\/\/barrelandboar.nl\/product\/schoffel-newsboy-cap-m-loden-green-herringbone-tweed\/"},"modified":"2026-03-22T04:20:48","modified_gmt":"2026-03-22T03:20:48","slug":"schoffel-newsboy-cap-m-loden-green-herringbone-tweed","status":"publish","type":"product","link":"https:\/\/barrelandboar.nl\/en\/schoffel-newsboy-cap-m-loden-green-herringbone-tweed\/","title":{"rendered":"Sch\u00f6ffel Newsboy Cap M Loden Green Herringbone Tweed"},"content":{"rendered":"<p style=\"margin-top:0pt;margin-bottom:5pt\"><span style=\"font-size:10.5pt;color:#000000;background-color:#FFFFFF\">For those who want something different from the traditional cap, the\u00a0<\/span><span style=\"font-size:10.5pt;color:#000000;background-color:#FFFFFF;font-weight:bold\">Sch\u00f6ffel Newsboy Cap<\/span><span style=\"font-size:10.5pt;color:#000000;background-color:#FFFFFF\">\u00a0a more casual-looking hat.<\/span><\/p>\n<p style=\"margin-top:0pt;margin-bottom:5pt\"><span style=\"font-size:10.5pt;color:#000000;background-color:#FFFFFF\">This cap is made from pure lambswool in a British factory and of the highest quality. A deep neck and crest support and protect your head, while the hand-sewn flap and a moisture- and stain-resistant finish complete the cap to the highest standard.<\/span><\/p>\n<p style=\"margin-top:0pt;margin-bottom:0pt\"><span style=\"font-size:10.5pt;color:#000000;background-color:#FFFFFF;font-weight:bold\">Specifications:<\/span><\/p>\n<ul style=\"margin:0pt;padding:0pt;list-style-type:disc\">\n<li style=\"font-size:12pt\">\n<p style=\"margin-left:0pt;margin-top:0pt;margin-bottom:0pt\"><span style=\"color:#000000;background-color:#FFFFFF\">Material: 100% lambswool<\/span><\/p>\n<\/li>\n<li style=\"font-size:12pt\">\n<p style=\"margin-left:0pt;margin-top:0pt;margin-bottom:0pt\"><span style=\"color:#000000;background-color:#FFFFFF\">British Lovat tweed<\/span><\/p>\n<\/li>\n<li style=\"font-size:12pt\">\n<p style=\"margin-left:0pt;margin-top:0pt;margin-bottom:0pt\"><span style=\"color:#000000;background-color:#FFFFFF\">Contrasting satin lining<\/span><\/p>\n<\/li>\n<li style=\"font-size:12pt\">\n<p style=\"margin-left:0pt;margin-top:0pt;margin-bottom:0pt\"><span style=\"color:#000000;background-color:#FFFFFF\">Moisture and stain-resistant<\/span><\/p>\n<\/li>\n<li style=\"font-size:12pt\">\n<p style=\"margin-left:0pt;margin-top:0pt;margin-bottom:0pt\"><span style=\"color:#000000;background-color:#FFFFFF\">Deep neck and crown<\/span><\/p>\n<\/li>\n<\/ul>","protected":false},"excerpt":{"rendered":"<p style=\"margin-top:0pt;margin-bottom:0pt\"><span style=\"font-size:10.5pt;color:#000000;background-color:#FFFFFF\">For those who want something different from the traditional cap, the\u00a0<\/span><span style=\"font-size:10.5pt;color:#000000;background-color:#FFFFFF;font-weight:bold\">Sch\u00f6ffel Newsboy Cap<\/span><span style=\"font-size:10.5pt;color:#000000;background-color:#FFFFFF\">\u00a0a more casual-looking hat.<\/span><\/p>","protected":false},"featured_media":1210,"comment_status":"open","ping_status":"closed","template":"","meta":{"_acf_changed":false,"rank_math_title":"Sch\u00f6ffel Newsboy Cap M Loden Green Herringbone Tweed","rank_math_description":"","rank_math_focus_keyword":"20-4668-1, Sch\u00f6ffel, , Newsboy, Cap, M, , Loden, Green, Herringbone, Tweed, Sch\u00f6ffel Newsboy Cap M Loden Green Herringbone Tweed","GroupGuid":"","EcommerceProductGuid":"1410D1F8-F938-46C4-8AB5-08960F09E8B4","EcommerceProductVariationGuid":"","ProductNumber":"20-4668-1","ProductId":""},"product_brand":[1503],"product_cat":[357],"product_tag":[],"class_list":{"0":"post-1211","1":"product","2":"type-product","3":"status-publish","4":"has-post-thumbnail","6":"product_brand-schoffel","7":"product_cat-petten","8":"pa_kleur-loden_green_herringbone_tweed","10":"first","11":"instock","12":"taxable","13":"shipping-taxable","14":"purchasable","15":"product-type-variable"},"bundled_by":[],"bundle_stock_status":"instock","bundle_stock_quantity":null,"bundle_virtual":false,"bundle_layout":"","bundle_add_to_cart_form_location":"","bundle_editable_in_cart":false,"bundle_sold_individually_context":"","bundle_item_grouping":"","bundle_min_size":"","bundle_max_size":"","bundle_price":[],"bundled_items":[],"bundle_sell_ids":[],"acf":[],"rank_math_title":"Sch\u00f6ffel Newsboy Cap M Loden Green Herringbone Tweed","rank_math_description":null,"rank_math_focus_keyword":"20-4668-1, Sch\u00f6ffel, , Newsboy, Cap, M, , Loden, Green, Herringbone, Tweed, Sch\u00f6ffel Newsboy Cap M Loden Green Herringbone Tweed","GroupGuid":null,"EcommerceProductGuid":"1410D1F8-F938-46C4-8AB5-08960F09E8B4","EcommerceProductVariationGuid":null,"ProductNumber":"20-4668-1","ProductId":null,"IgnoreVenditGroupURL":null,"IgnoreVenditGroupSEO":null,"_links":{"self":[{"href":"https:\/\/barrelandboar.nl\/en\/wp-json\/wp\/v2\/product\/1211","targetHints":{"allow":["GET"]}}],"collection":[{"href":"https:\/\/barrelandboar.nl\/en\/wp-json\/wp\/v2\/product"}],"about":[{"href":"https:\/\/barrelandboar.nl\/en\/wp-json\/wp\/v2\/types\/product"}],"replies":[{"embeddable":true,"href":"https:\/\/barrelandboar.nl\/en\/wp-json\/wp\/v2\/comments?post=1211"}],"wp:featuredmedia":[{"embeddable":true,"href":"https:\/\/barrelandboar.nl\/en\/wp-json\/wp\/v2\/media\/1210"}],"wp:attachment":[{"href":"https:\/\/barrelandboar.nl\/en\/wp-json\/wp\/v2\/media?parent=1211"}],"wp:term":[{"taxonomy":"product_brand","embeddable":true,"href":"https:\/\/barrelandboar.nl\/en\/wp-json\/wp\/v2\/product_brand?post=1211"},{"taxonomy":"product_cat","embeddable":true,"href":"https:\/\/barrelandboar.nl\/en\/wp-json\/wp\/v2\/product_cat?post=1211"},{"taxonomy":"product_tag","embeddable":true,"href":"https:\/\/barrelandboar.nl\/en\/wp-json\/wp\/v2\/product_tag?post=1211"}],"curies":[{"name":"wp","href":"https:\/\/api.w.org\/{rel}","templated":true}]}}