{"id":13851,"date":"2025-09-18T13:04:55","date_gmt":"2025-09-18T11:04:55","guid":{"rendered":"https:\/\/barrelandboar.nl\/product\/boker-plus-worldwide-2-0\/"},"modified":"2026-03-22T04:36:34","modified_gmt":"2026-03-22T03:36:34","slug":"boker-plus-worldwide-2-0","status":"publish","type":"product","link":"https:\/\/barrelandboar.nl\/en\/diversen\/boker-plus-worldwide-2-0\/","title":{"rendered":"B\u00f6ker Plus Worldwide 2.0"},"content":{"rendered":"","protected":false},"excerpt":{"rendered":"","protected":false},"featured_media":13849,"comment_status":"open","ping_status":"closed","template":"","meta":{"_acf_changed":false,"rank_math_title":"B\u00f6ker Plus Worldwide 2.0","rank_math_description":"","rank_math_focus_keyword":"01BO798, B\u00f6ker, Plus, Worldwide, 2.0, B\u00f6ker Plus Worldwide 2.0","GroupGuid":"","EcommerceProductGuid":"DD8EE4A6-E427-47BD-89E2-7AC63B9AD76C","EcommerceProductVariationGuid":"","ProductNumber":"01BO798","ProductId":"11926-0"},"product_brand":[794],"product_cat":[757,869,870],"product_tag":[],"class_list":{"0":"post-13851","1":"product","2":"type-product","3":"status-publish","4":"has-post-thumbnail","6":"product_brand-boker","7":"product_cat-diversen","8":"product_cat-messen-diversen","9":"product_cat-vouwmes-messen-diversen","11":"first","12":"instock","13":"taxable","14":"shipping-taxable","15":"purchasable","16":"product-type-simple"},"bundled_by":[],"bundle_stock_status":"instock","bundle_stock_quantity":1,"bundle_virtual":false,"bundle_layout":"","bundle_add_to_cart_form_location":"","bundle_editable_in_cart":false,"bundle_sold_individually_context":"","bundle_item_grouping":"","bundle_min_size":"","bundle_max_size":"","bundle_price":[],"bundled_items":[],"bundle_sell_ids":[],"acf":[],"rank_math_title":"B\u00f6ker Plus Worldwide 2.0","rank_math_description":null,"rank_math_focus_keyword":"01BO798, B\u00f6ker, Plus, Worldwide, 2.0, B\u00f6ker Plus Worldwide 2.0","GroupGuid":null,"EcommerceProductGuid":"DD8EE4A6-E427-47BD-89E2-7AC63B9AD76C","EcommerceProductVariationGuid":null,"ProductNumber":"01BO798","ProductId":"11926-0","IgnoreVenditGroupURL":null,"IgnoreVenditGroupSEO":null,"_links":{"self":[{"href":"https:\/\/barrelandboar.nl\/en\/wp-json\/wp\/v2\/product\/13851","targetHints":{"allow":["GET"]}}],"collection":[{"href":"https:\/\/barrelandboar.nl\/en\/wp-json\/wp\/v2\/product"}],"about":[{"href":"https:\/\/barrelandboar.nl\/en\/wp-json\/wp\/v2\/types\/product"}],"replies":[{"embeddable":true,"href":"https:\/\/barrelandboar.nl\/en\/wp-json\/wp\/v2\/comments?post=13851"}],"wp:featuredmedia":[{"embeddable":true,"href":"https:\/\/barrelandboar.nl\/en\/wp-json\/wp\/v2\/media\/13849"}],"wp:attachment":[{"href":"https:\/\/barrelandboar.nl\/en\/wp-json\/wp\/v2\/media?parent=13851"}],"wp:term":[{"taxonomy":"product_brand","embeddable":true,"href":"https:\/\/barrelandboar.nl\/en\/wp-json\/wp\/v2\/product_brand?post=13851"},{"taxonomy":"product_cat","embeddable":true,"href":"https:\/\/barrelandboar.nl\/en\/wp-json\/wp\/v2\/product_cat?post=13851"},{"taxonomy":"product_tag","embeddable":true,"href":"https:\/\/barrelandboar.nl\/en\/wp-json\/wp\/v2\/product_tag?post=13851"}],"curies":[{"name":"wp","href":"https:\/\/api.w.org\/{rel}","templated":true}]}}