{"id":13865,"date":"2025-09-18T13:35:46","date_gmt":"2025-09-18T11:35:46","guid":{"rendered":"https:\/\/barrelandboar.nl\/product\/boker-magnum-skeksis\/"},"modified":"2026-03-22T04:28:26","modified_gmt":"2026-03-22T03:28:26","slug":"boker-magnum-skeksis","status":"publish","type":"product","link":"https:\/\/barrelandboar.nl\/en\/diversen\/boker-magnum-skeksis\/","title":{"rendered":"B\u00f6ker Magnum Skeksis"},"content":{"rendered":"","protected":false},"excerpt":{"rendered":"","protected":false},"featured_media":13863,"comment_status":"open","ping_status":"closed","template":"","meta":{"_acf_changed":false,"rank_math_title":"B\u00f6ker Magnum Skeksis","rank_math_description":"","rank_math_focus_keyword":"01SC008, B\u00f6ker, Magnum, Skeksis, B\u00f6ker Magnum Skeksis","GroupGuid":"","EcommerceProductGuid":"7A2677F9-E2B8-43D3-BF46-350B4EB32339","EcommerceProductVariationGuid":"","ProductNumber":"01SC008","ProductId":"11933-0"},"product_brand":[794],"product_cat":[757,869,870],"product_tag":[],"class_list":{"0":"post-13865","1":"product","2":"type-product","3":"status-publish","4":"has-post-thumbnail","6":"product_brand-boker","7":"product_cat-diversen","8":"product_cat-messen-diversen","9":"product_cat-vouwmes-messen-diversen","11":"first","12":"onbackorder","13":"taxable","14":"shipping-taxable","15":"purchasable","16":"product-type-simple"},"bundled_by":[],"bundle_stock_status":"onbackorder","bundle_stock_quantity":0,"bundle_virtual":false,"bundle_layout":"","bundle_add_to_cart_form_location":"","bundle_editable_in_cart":false,"bundle_sold_individually_context":"","bundle_item_grouping":"","bundle_min_size":"","bundle_max_size":"","bundle_price":[],"bundled_items":[],"bundle_sell_ids":[],"acf":[],"rank_math_title":"B\u00f6ker Magnum Skeksis","rank_math_description":null,"rank_math_focus_keyword":"01SC008, B\u00f6ker, Magnum, Skeksis, B\u00f6ker Magnum Skeksis","GroupGuid":null,"EcommerceProductGuid":"7A2677F9-E2B8-43D3-BF46-350B4EB32339","EcommerceProductVariationGuid":null,"ProductNumber":"01SC008","ProductId":"11933-0","IgnoreVenditGroupURL":null,"IgnoreVenditGroupSEO":null,"_links":{"self":[{"href":"https:\/\/barrelandboar.nl\/en\/wp-json\/wp\/v2\/product\/13865","targetHints":{"allow":["GET"]}}],"collection":[{"href":"https:\/\/barrelandboar.nl\/en\/wp-json\/wp\/v2\/product"}],"about":[{"href":"https:\/\/barrelandboar.nl\/en\/wp-json\/wp\/v2\/types\/product"}],"replies":[{"embeddable":true,"href":"https:\/\/barrelandboar.nl\/en\/wp-json\/wp\/v2\/comments?post=13865"}],"wp:featuredmedia":[{"embeddable":true,"href":"https:\/\/barrelandboar.nl\/en\/wp-json\/wp\/v2\/media\/13863"}],"wp:attachment":[{"href":"https:\/\/barrelandboar.nl\/en\/wp-json\/wp\/v2\/media?parent=13865"}],"wp:term":[{"taxonomy":"product_brand","embeddable":true,"href":"https:\/\/barrelandboar.nl\/en\/wp-json\/wp\/v2\/product_brand?post=13865"},{"taxonomy":"product_cat","embeddable":true,"href":"https:\/\/barrelandboar.nl\/en\/wp-json\/wp\/v2\/product_cat?post=13865"},{"taxonomy":"product_tag","embeddable":true,"href":"https:\/\/barrelandboar.nl\/en\/wp-json\/wp\/v2\/product_tag?post=13865"}],"curies":[{"name":"wp","href":"https:\/\/api.w.org\/{rel}","templated":true}]}}