{"id":13872,"date":"2025-09-18T14:06:45","date_gmt":"2025-09-18T12:06:45","guid":{"rendered":"https:\/\/barrelandboar.nl\/product\/boker-magnum-rockstub-blue-elox\/"},"modified":"2026-03-22T04:20:22","modified_gmt":"2026-03-22T03:20:22","slug":"boker-magnum-rockstub-blue-elox","status":"publish","type":"product","link":"https:\/\/barrelandboar.nl\/en\/diversen\/boker-magnum-rockstub-blue-elox\/","title":{"rendered":"B\u00f6ker Magnum Rockstub Blue Elox"},"content":{"rendered":"","protected":false},"excerpt":{"rendered":"","protected":false},"featured_media":13870,"comment_status":"open","ping_status":"closed","template":"","meta":{"_acf_changed":false,"rank_math_title":"B\u00f6ker Magnum Rockstub Blue Elox","rank_math_description":"","rank_math_focus_keyword":"01SC711, B\u00f6ker, Magnum, Rockstub, Blue, Elox, B\u00f6ker Magnum Rockstub Blue Elox","GroupGuid":"","EcommerceProductGuid":"140544B6-F08E-4A3B-A500-4751A2E38775","EcommerceProductVariationGuid":"","ProductNumber":"01SC711","ProductId":"11935-0"},"product_brand":[794],"product_cat":[757,869,870],"product_tag":[],"class_list":{"0":"post-13872","1":"product","2":"type-product","3":"status-publish","4":"has-post-thumbnail","6":"product_brand-boker","7":"product_cat-diversen","8":"product_cat-messen-diversen","9":"product_cat-vouwmes-messen-diversen","11":"first","12":"onbackorder","13":"taxable","14":"shipping-taxable","15":"purchasable","16":"product-type-simple"},"bundled_by":[],"bundle_stock_status":"onbackorder","bundle_stock_quantity":0,"bundle_virtual":false,"bundle_layout":"","bundle_add_to_cart_form_location":"","bundle_editable_in_cart":false,"bundle_sold_individually_context":"","bundle_item_grouping":"","bundle_min_size":"","bundle_max_size":"","bundle_price":[],"bundled_items":[],"bundle_sell_ids":[],"acf":[],"rank_math_title":"B\u00f6ker Magnum Rockstub Blue Elox","rank_math_description":null,"rank_math_focus_keyword":"01SC711, B\u00f6ker, Magnum, Rockstub, Blue, Elox, B\u00f6ker Magnum Rockstub Blue Elox","GroupGuid":null,"EcommerceProductGuid":"140544B6-F08E-4A3B-A500-4751A2E38775","EcommerceProductVariationGuid":null,"ProductNumber":"01SC711","ProductId":"11935-0","IgnoreVenditGroupURL":null,"IgnoreVenditGroupSEO":null,"_links":{"self":[{"href":"https:\/\/barrelandboar.nl\/en\/wp-json\/wp\/v2\/product\/13872","targetHints":{"allow":["GET"]}}],"collection":[{"href":"https:\/\/barrelandboar.nl\/en\/wp-json\/wp\/v2\/product"}],"about":[{"href":"https:\/\/barrelandboar.nl\/en\/wp-json\/wp\/v2\/types\/product"}],"replies":[{"embeddable":true,"href":"https:\/\/barrelandboar.nl\/en\/wp-json\/wp\/v2\/comments?post=13872"}],"wp:featuredmedia":[{"embeddable":true,"href":"https:\/\/barrelandboar.nl\/en\/wp-json\/wp\/v2\/media\/13870"}],"wp:attachment":[{"href":"https:\/\/barrelandboar.nl\/en\/wp-json\/wp\/v2\/media?parent=13872"}],"wp:term":[{"taxonomy":"product_brand","embeddable":true,"href":"https:\/\/barrelandboar.nl\/en\/wp-json\/wp\/v2\/product_brand?post=13872"},{"taxonomy":"product_cat","embeddable":true,"href":"https:\/\/barrelandboar.nl\/en\/wp-json\/wp\/v2\/product_cat?post=13872"},{"taxonomy":"product_tag","embeddable":true,"href":"https:\/\/barrelandboar.nl\/en\/wp-json\/wp\/v2\/product_tag?post=13872"}],"curies":[{"name":"wp","href":"https:\/\/api.w.org\/{rel}","templated":true}]}}