{"id":14603,"date":"2025-10-10T15:21:24","date_gmt":"2025-10-10T13:21:24","guid":{"rendered":"https:\/\/barrelandboar.nl\/product\/hestra-falt-guide-glove-5-finger-brown-black\/"},"modified":"2026-03-22T04:22:54","modified_gmt":"2026-03-22T03:22:54","slug":"hestra-falt-guide-glove-5-finger-brown-black","status":"publish","type":"product","link":"https:\/\/barrelandboar.nl\/en\/kleding\/accessoires-kleding\/hestra-falt-guide-glove-5-finger-brown-black\/","title":{"rendered":"Hestra F\u00e4lt Guide Glove 5 Finger Brown \/ Black"},"content":{"rendered":"<p style=\"margin-top:0pt;margin-bottom:0pt\"><span style=\"font-family:'Calibri';font-size:11pt\">Hestra's F\u00e4lt Guide Glove is named after one of Sweden's leading survival experts, Lars F\u00e4lt, who was also involved in its development.<br \/>A hard-wearing glove, made entirely of leather and featuring a removable, wool inner glove.<\/p>\n<p>The glove can also be combined with other inner gloves. This makes this item very versatile and, with proper care, it can become a favourite for years to come!<\/p>\n<p>Features:<br \/>Impregnated cow leather<\/span><\/p>\n<p style=\"margin-top:0pt;margin-bottom:0pt\"><span style=\"font-family:'Calibri';font-size:11pt\">Impregnated Army Leather goatskin in the palm of the hand<\/span><\/p>\n<p style=\"margin-top:0pt;margin-bottom:0pt\"><span style=\"font-family:'Calibri';font-size:11pt\">Removable inner glove with low-pile wool in the palm and high-pile wool on the back of the hand<\/span><\/p>\n<p style=\"margin-top:0pt;margin-bottom:0pt\"><span style=\"font-family:'Calibri';font-size:11pt\">Outward-facing seams, ensuring no loss of space and optimal comfort at the fingers<\/span><\/p>\n<p style=\"margin-top:0pt;margin-bottom:0pt\"><span style=\"font-family:'Calibri';font-size:11pt\">Elastic constriction at the wrists<\/span><\/p>\n<p style=\"margin-top:0pt;margin-bottom:0pt\"><span style=\"font-family:'Calibri';font-size:11pt\">Ring with carabiner<\/span><\/p>","protected":false},"excerpt":{"rendered":"<p>De\u00a0F\u00e4lt Guide Glove\u00a0van\u00a0Hestra\u00a0is vernoemd naar\u00a0\u00e9\u00e9n van Zwedens meest toonaangevende survivalexperts, Lars F\u00e4lt, die ook betrokken is bij de ontwikkeling van deze handschoen.Een slijtvaste handschoen, geheel gemaakt van leer en voorzien van een uitneembare, wollen binnenhandschoen. De handschoen kan ook worden gecombineerd met andere binnenhandschoenen. Daardoor is dit item zeer veelzijdig en met het juiste onderhoud [&hellip;]<\/p>\n","protected":false},"featured_media":14599,"comment_status":"open","ping_status":"closed","template":"","meta":{"_acf_changed":false,"rank_math_title":"Hestra F\u00e4lt Guide Glove 5 Finger Brown \/ Black","rank_math_description":"","rank_math_focus_keyword":"31270, Hestra, , F\u00e4lt, Guide, Glove, 5, Finger, , Brown, \/, Black, Hestra F\u00e4lt Guide Glove 5 Finger Brown \/ Black","GroupGuid":"","EcommerceProductGuid":"32299346-1FBD-4105-98B0-EF01083010BD","EcommerceProductVariationGuid":"","ProductNumber":"31270","ProductId":""},"product_brand":[131],"product_cat":[94,100,70],"product_tag":[],"class_list":{"0":"post-14603","1":"product","2":"type-product","3":"status-publish","4":"has-post-thumbnail","6":"product_brand-hestra","7":"product_cat-accessoires-kleding","8":"product_cat-handschoenen","9":"product_cat-kleding","10":"pa_kleur-bruin","12":"first","13":"instock","14":"taxable","15":"shipping-taxable","16":"purchasable","17":"product-type-variable"},"bundled_by":[],"bundle_stock_status":"instock","bundle_stock_quantity":null,"bundle_virtual":false,"bundle_layout":"","bundle_add_to_cart_form_location":"","bundle_editable_in_cart":false,"bundle_sold_individually_context":"","bundle_item_grouping":"","bundle_min_size":"","bundle_max_size":"","bundle_price":[],"bundled_items":[],"bundle_sell_ids":[],"acf":[],"rank_math_title":"Hestra F\u00e4lt Guide Glove 5 Finger Brown \/ Black","rank_math_description":null,"rank_math_focus_keyword":"31270, Hestra, , F\u00e4lt, Guide, Glove, 5, Finger, , Brown, \/, Black, Hestra F\u00e4lt Guide Glove 5 Finger Brown \/ Black","GroupGuid":null,"EcommerceProductGuid":"32299346-1FBD-4105-98B0-EF01083010BD","EcommerceProductVariationGuid":null,"ProductNumber":"31270","ProductId":null,"IgnoreVenditGroupURL":null,"IgnoreVenditGroupSEO":null,"_links":{"self":[{"href":"https:\/\/barrelandboar.nl\/en\/wp-json\/wp\/v2\/product\/14603","targetHints":{"allow":["GET"]}}],"collection":[{"href":"https:\/\/barrelandboar.nl\/en\/wp-json\/wp\/v2\/product"}],"about":[{"href":"https:\/\/barrelandboar.nl\/en\/wp-json\/wp\/v2\/types\/product"}],"replies":[{"embeddable":true,"href":"https:\/\/barrelandboar.nl\/en\/wp-json\/wp\/v2\/comments?post=14603"}],"wp:featuredmedia":[{"embeddable":true,"href":"https:\/\/barrelandboar.nl\/en\/wp-json\/wp\/v2\/media\/14599"}],"wp:attachment":[{"href":"https:\/\/barrelandboar.nl\/en\/wp-json\/wp\/v2\/media?parent=14603"}],"wp:term":[{"taxonomy":"product_brand","embeddable":true,"href":"https:\/\/barrelandboar.nl\/en\/wp-json\/wp\/v2\/product_brand?post=14603"},{"taxonomy":"product_cat","embeddable":true,"href":"https:\/\/barrelandboar.nl\/en\/wp-json\/wp\/v2\/product_cat?post=14603"},{"taxonomy":"product_tag","embeddable":true,"href":"https:\/\/barrelandboar.nl\/en\/wp-json\/wp\/v2\/product_tag?post=14603"}],"curies":[{"name":"wp","href":"https:\/\/api.w.org\/{rel}","templated":true}]}}