{"id":15184,"date":"2025-11-04T17:45:40","date_gmt":"2025-11-04T16:45:40","guid":{"rendered":"https:\/\/barrelandboar.nl\/product\/magpul-xtm-hand-stop-kit-blk\/"},"modified":"2026-03-22T04:28:00","modified_gmt":"2026-03-22T03:28:00","slug":"magpul-xtm-hand-stop-kit-blk","status":"publish","type":"product","link":"https:\/\/barrelandboar.nl\/en\/wapen\/magpul-xtm-hand-stop-kit-blk\/","title":{"rendered":"Magpul XTM Hand Stop Kit BLK"},"content":{"rendered":"<p style=\"margin-top:0pt;margin-bottom:0pt\"><span style=\"font-family:'Calibri';font-size:11pt\">The four-piece XTM Hand Stop Kit serves as a lightweight, flat index point on a rail for improved weapon control, or as a forward stop to prevent the shooter's hand from reaching the hot front sight or barrel of the weapon.<\/span><\/p>\n<p style=\"margin-top:0pt;margin-bottom:0pt\"><span style=\"font-family:'Calibri';font-size:11pt\">\u00a0<\/span><\/p>\n<p style=\"margin-top:0pt;margin-bottom:0pt\"><span style=\"font-family:'Calibri';font-size:11pt\">The kit includes one Hand Stop, one Index Panel, one full XTM Enhanced Panel and one XTM Enhanced Half Panel.<\/span><\/p>","protected":false},"excerpt":{"rendered":"<p>De vierdelige XTM Hand Stop Kit dient als een lichtgewicht, plat indexpunt op een rail voor verbeterde wapencontrole, of als een voorwaartse stop om te voorkomen dat de hand van de schutter het hete voorvizier of de loop van het wapen bereikt. \u00a0 De kit bevat \u00e9\u00e9n Hand Stop, \u00e9\u00e9n Index Panel, \u00e9\u00e9n volledig XTM [&hellip;]<\/p>\n","protected":false},"featured_media":15182,"comment_status":"open","ping_status":"closed","template":"","meta":{"_acf_changed":false,"rank_math_title":"Magpul XTM Hand Stop Kit BLK","rank_math_description":"","rank_math_focus_keyword":"MP-MAG511-BLK, Magpul, XTM, Hand, Stop, Kit, BLK, Magpul XTM Hand Stop Kit BLK","GroupGuid":"","EcommerceProductGuid":"766F5D6F-EE23-4796-A566-D43FE61B17E7","EcommerceProductVariationGuid":"","ProductNumber":"MP-MAG511-BLK","ProductId":"12528-0"},"product_brand":[728],"product_cat":[48,527],"product_tag":[],"class_list":{"0":"post-15184","1":"product","2":"type-product","3":"status-publish","4":"has-post-thumbnail","6":"product_brand-magpul","7":"product_cat-wapen","8":"product_cat-accessoires-wapen","10":"first","11":"instock","12":"taxable","13":"shipping-taxable","14":"product-type-simple"},"bundled_by":[],"bundle_stock_status":"instock","bundle_stock_quantity":1,"bundle_virtual":false,"bundle_layout":"","bundle_add_to_cart_form_location":"","bundle_editable_in_cart":false,"bundle_sold_individually_context":"","bundle_item_grouping":"","bundle_min_size":"","bundle_max_size":"","bundle_price":[],"bundled_items":[],"bundle_sell_ids":[],"acf":[],"rank_math_title":"Magpul XTM Hand Stop Kit BLK","rank_math_description":null,"rank_math_focus_keyword":"MP-MAG511-BLK, Magpul, XTM, Hand, Stop, Kit, BLK, Magpul XTM Hand Stop Kit BLK","GroupGuid":null,"EcommerceProductGuid":"766F5D6F-EE23-4796-A566-D43FE61B17E7","EcommerceProductVariationGuid":null,"ProductNumber":"MP-MAG511-BLK","ProductId":"12528-0","IgnoreVenditGroupURL":null,"IgnoreVenditGroupSEO":null,"_links":{"self":[{"href":"https:\/\/barrelandboar.nl\/en\/wp-json\/wp\/v2\/product\/15184","targetHints":{"allow":["GET"]}}],"collection":[{"href":"https:\/\/barrelandboar.nl\/en\/wp-json\/wp\/v2\/product"}],"about":[{"href":"https:\/\/barrelandboar.nl\/en\/wp-json\/wp\/v2\/types\/product"}],"replies":[{"embeddable":true,"href":"https:\/\/barrelandboar.nl\/en\/wp-json\/wp\/v2\/comments?post=15184"}],"wp:featuredmedia":[{"embeddable":true,"href":"https:\/\/barrelandboar.nl\/en\/wp-json\/wp\/v2\/media\/15182"}],"wp:attachment":[{"href":"https:\/\/barrelandboar.nl\/en\/wp-json\/wp\/v2\/media?parent=15184"}],"wp:term":[{"taxonomy":"product_brand","embeddable":true,"href":"https:\/\/barrelandboar.nl\/en\/wp-json\/wp\/v2\/product_brand?post=15184"},{"taxonomy":"product_cat","embeddable":true,"href":"https:\/\/barrelandboar.nl\/en\/wp-json\/wp\/v2\/product_cat?post=15184"},{"taxonomy":"product_tag","embeddable":true,"href":"https:\/\/barrelandboar.nl\/en\/wp-json\/wp\/v2\/product_tag?post=15184"}],"curies":[{"name":"wp","href":"https:\/\/api.w.org\/{rel}","templated":true}]}}