{"id":17677,"date":"2025-11-20T16:13:18","date_gmt":"2025-11-20T15:13:18","guid":{"rendered":"https:\/\/barrelandboar.nl\/product\/schoffel-stamford-vest-ii-hunter-green\/"},"modified":"2026-03-22T04:33:12","modified_gmt":"2026-03-22T03:33:12","slug":"schoffel-stamford-vest-ii-hunter-green","status":"publish","type":"product","link":"https:\/\/barrelandboar.nl\/en\/kleding\/heren\/schoffel-stamford-vest-ii-hunter-green\/","title":{"rendered":"Sch\u00f6ffel Stamford Cardigan II Hunter Green"},"content":{"rendered":"<p style=\"margin-top:0pt;margin-bottom:0pt\"><span style=\"font-family:'Calibri';font-size:11pt\">The Stamford II gilet is made from a durable, lightweight outer fabric with a cotton canvas finish. It is 100% windproof and highly breathable thanks to its Aerobloc lining, making it a handy layer for your outdoor activities. A removable recoil pad can be placed on the right or left shoulder for extra protection when shooting, and the large, reinforced pockets are ideal for storing cartridges. The waistcoat has two inner pockets with zips and microfleece-lined hand warmer pockets. The Stamford II waistcoat is machine washable and quick drying, and is excellent equipment for clay pigeon shooting or in the field.<\/span><\/p>","protected":false},"excerpt":{"rendered":"<p>Het Stamford II vest is gemaakt van een duurzame, lichtgewicht buitenstof met een afwerking van katoenen canvas. Het is 100% winddicht en zeer ademend dankzij de aerobloc voering en is een handige laag voor uw buitenactiviteiten. Een uitneembare terugslagbeschermer kan op de rechter- of linkerschouder worden geplaatst voor extra bescherming tijdens het schieten, en de [&hellip;]<\/p>\n","protected":false},"featured_media":22750,"comment_status":"open","ping_status":"closed","template":"","meta":{"_acf_changed":false,"rank_math_title":"Sch\u00f6ffel Stamford Vest II Hunter Green","rank_math_description":"","rank_math_focus_keyword":"6840, Sch\u00f6ffel, Stamford, Vest, II, Hunter, Green, Sch\u00f6ffel Stamford Vest II Hunter Green","GroupGuid":"","EcommerceProductGuid":"B069C006-57A8-457F-9024-2DB39BAB5CFB","EcommerceProductVariationGuid":"","ProductNumber":"6840","ProductId":""},"product_brand":[1503],"product_cat":[71,70,77],"product_tag":[],"class_list":{"0":"post-17677","1":"product","2":"type-product","3":"status-publish","4":"has-post-thumbnail","6":"product_brand-schoffel","7":"product_cat-heren","8":"product_cat-kleding","9":"product_cat-schietvesten","11":"first","12":"instock","13":"sale","14":"taxable","15":"shipping-taxable","16":"purchasable","17":"product-type-variable"},"bundled_by":[],"bundle_stock_status":"instock","bundle_stock_quantity":null,"bundle_virtual":false,"bundle_layout":"","bundle_add_to_cart_form_location":"","bundle_editable_in_cart":false,"bundle_sold_individually_context":"","bundle_item_grouping":"","bundle_min_size":"","bundle_max_size":"","bundle_price":[],"bundled_items":[],"bundle_sell_ids":[],"acf":[],"rank_math_title":"Sch\u00f6ffel Stamford Vest II Hunter Green","rank_math_description":null,"rank_math_focus_keyword":"6840, Sch\u00f6ffel, Stamford, Vest, II, Hunter, Green, Sch\u00f6ffel Stamford Vest II Hunter Green","GroupGuid":null,"EcommerceProductGuid":"B069C006-57A8-457F-9024-2DB39BAB5CFB","EcommerceProductVariationGuid":null,"ProductNumber":"6840","ProductId":null,"IgnoreVenditGroupURL":null,"IgnoreVenditGroupSEO":null,"_links":{"self":[{"href":"https:\/\/barrelandboar.nl\/en\/wp-json\/wp\/v2\/product\/17677","targetHints":{"allow":["GET"]}}],"collection":[{"href":"https:\/\/barrelandboar.nl\/en\/wp-json\/wp\/v2\/product"}],"about":[{"href":"https:\/\/barrelandboar.nl\/en\/wp-json\/wp\/v2\/types\/product"}],"replies":[{"embeddable":true,"href":"https:\/\/barrelandboar.nl\/en\/wp-json\/wp\/v2\/comments?post=17677"}],"wp:featuredmedia":[{"embeddable":true,"href":"https:\/\/barrelandboar.nl\/en\/wp-json\/wp\/v2\/media\/22750"}],"wp:attachment":[{"href":"https:\/\/barrelandboar.nl\/en\/wp-json\/wp\/v2\/media?parent=17677"}],"wp:term":[{"taxonomy":"product_brand","embeddable":true,"href":"https:\/\/barrelandboar.nl\/en\/wp-json\/wp\/v2\/product_brand?post=17677"},{"taxonomy":"product_cat","embeddable":true,"href":"https:\/\/barrelandboar.nl\/en\/wp-json\/wp\/v2\/product_cat?post=17677"},{"taxonomy":"product_tag","embeddable":true,"href":"https:\/\/barrelandboar.nl\/en\/wp-json\/wp\/v2\/product_tag?post=17677"}],"curies":[{"name":"wp","href":"https:\/\/api.w.org\/{rel}","templated":true}]}}