{"id":19909,"date":"2025-12-30T17:42:02","date_gmt":"2025-12-30T16:42:02","guid":{"rendered":"https:\/\/barrelandboar.nl\/product\/rusan-muzzle-brake-30-o17mm-m15x1\/"},"modified":"2026-03-22T04:28:25","modified_gmt":"2026-03-22T03:28:25","slug":"rusan-muzzle-brake-30-o17mm-m15x1","status":"publish","type":"product","link":"https:\/\/barrelandboar.nl\/en\/wapen-onderdelen\/rusan-muzzle-brake-30-o17mm-m15x1\/","title":{"rendered":"Rusan Muzzle Brake .30, \u00d817mm, M15x1"},"content":{"rendered":"","protected":false},"excerpt":{"rendered":"","protected":false},"featured_media":20121,"comment_status":"open","ping_status":"closed","template":"","meta":{"_acf_changed":false,"rank_math_title":"Rusan Muzzle Brake .30, \u00d817mm, M15x1","rank_math_description":"","rank_math_focus_keyword":"RUS008-02-30-17-M15, Rusan, Muzzle, Brake, .30,, \u00d817mm,, M15x1, Rusan Muzzle Brake .30, \u00d817mm, M15x1","GroupGuid":"","EcommerceProductGuid":"7BE3BD9C-2F73-4476-80E2-206599478FD2","EcommerceProductVariationGuid":"","ProductNumber":"RUS008-02-30-17-M15","ProductId":"10353-0"},"product_brand":[1683],"product_cat":[527],"product_tag":[],"class_list":{"0":"post-19909","1":"product","2":"type-product","3":"status-publish","4":"has-post-thumbnail","6":"product_brand-rusan","7":"product_cat-accessoires-wapen","9":"first","10":"onbackorder","11":"taxable","12":"shipping-taxable","13":"purchasable","14":"product-type-simple"},"bundled_by":[],"bundle_stock_status":"onbackorder","bundle_stock_quantity":0,"bundle_virtual":false,"bundle_layout":"","bundle_add_to_cart_form_location":"","bundle_editable_in_cart":false,"bundle_sold_individually_context":"","bundle_item_grouping":"","bundle_min_size":"","bundle_max_size":"","bundle_price":[],"bundled_items":[],"bundle_sell_ids":[],"acf":[],"rank_math_title":"Rusan Muzzle Brake .30, \u00d817mm, M15x1","rank_math_description":null,"rank_math_focus_keyword":"RUS008-02-30-17-M15, Rusan, Muzzle, Brake, .30,, \u00d817mm,, M15x1, Rusan Muzzle Brake .30, \u00d817mm, M15x1","GroupGuid":null,"EcommerceProductGuid":"7BE3BD9C-2F73-4476-80E2-206599478FD2","EcommerceProductVariationGuid":null,"ProductNumber":"RUS008-02-30-17-M15","ProductId":"10353-0","IgnoreVenditGroupURL":null,"IgnoreVenditGroupSEO":null,"_links":{"self":[{"href":"https:\/\/barrelandboar.nl\/en\/wp-json\/wp\/v2\/product\/19909","targetHints":{"allow":["GET"]}}],"collection":[{"href":"https:\/\/barrelandboar.nl\/en\/wp-json\/wp\/v2\/product"}],"about":[{"href":"https:\/\/barrelandboar.nl\/en\/wp-json\/wp\/v2\/types\/product"}],"replies":[{"embeddable":true,"href":"https:\/\/barrelandboar.nl\/en\/wp-json\/wp\/v2\/comments?post=19909"}],"wp:featuredmedia":[{"embeddable":true,"href":"https:\/\/barrelandboar.nl\/en\/wp-json\/wp\/v2\/media\/20121"}],"wp:attachment":[{"href":"https:\/\/barrelandboar.nl\/en\/wp-json\/wp\/v2\/media?parent=19909"}],"wp:term":[{"taxonomy":"product_brand","embeddable":true,"href":"https:\/\/barrelandboar.nl\/en\/wp-json\/wp\/v2\/product_brand?post=19909"},{"taxonomy":"product_cat","embeddable":true,"href":"https:\/\/barrelandboar.nl\/en\/wp-json\/wp\/v2\/product_cat?post=19909"},{"taxonomy":"product_tag","embeddable":true,"href":"https:\/\/barrelandboar.nl\/en\/wp-json\/wp\/v2\/product_tag?post=19909"}],"curies":[{"name":"wp","href":"https:\/\/api.w.org\/{rel}","templated":true}]}}