{"id":2125,"date":"2025-04-02T16:06:13","date_gmt":"2025-04-02T14:06:13","guid":{"rendered":"https:\/\/barrelandboar.nl\/product\/fjallraven-logo-t-shirt-w-green\/"},"modified":"2026-03-22T04:34:54","modified_gmt":"2026-03-22T03:34:54","slug":"fjallraven-logo-t-shirt-w-green","status":"publish","type":"product","link":"https:\/\/barrelandboar.nl\/en\/fjallraven-logo-t-shirt-w-green\/","title":{"rendered":"Fj\u00e4llr\u00e4ven Logo T-Shirt W Green"},"content":{"rendered":"<p style=\"margin-top:0pt;margin-bottom:0pt\"><span style=\"font-size:10.5pt;color:#000000;background-color:#FFFFFF\">The\u00a0<\/span><span style=\"font-size:10.5pt;color:#000000;background-color:#FFFFFF;font-weight:bold\">Fj\u00e4llr\u00e4ven Logo T-shirt<\/span><span style=\"font-size:10.5pt;color:#000000;background-color:#FFFFFF\">\u00a0for women is a comfortable round-neck T-shirt. It has short sleeves and is made of a blend of organic cotton and recycled polyester. On the front, it features the Fj\u00e4llr\u00e4ven logo.<\/span> <\/p>","protected":false},"excerpt":{"rendered":"<p style=\"margin-top:0pt;margin-bottom:0pt\"><span style=\"font-size:10.5pt;color:#000000;background-color:#FFFFFF\">The\u00a0<\/span><span style=\"font-size:10.5pt;color:#000000;background-color:#FFFFFF;font-weight:bold\">Fj\u00e4llr\u00e4ven Logo T-shirt<\/span><span style=\"font-size:10.5pt;color:#000000;background-color:#FFFFFF\">\u00a0for women is a comfortable round-neck T-shirt. It has short sleeves and is made of a blend of organic cotton and recycled polyester. On the front, it features the Fj\u00e4llr\u00e4ven logo.<\/span> <\/p>","protected":false},"featured_media":2194,"comment_status":"open","ping_status":"closed","template":"","meta":{"_acf_changed":false,"rank_math_title":"Fj\u00e4llr\u00e4ven Logo T-Shirt W Green","rank_math_description":"","rank_math_focus_keyword":"87146, Fj\u00e4llr\u00e4ven, Logo, T-Shirt, W, Green, Fj\u00e4llr\u00e4ven Logo T-Shirt W Green","GroupGuid":"","EcommerceProductGuid":"C822C95C-805A-421A-B140-CDE688AAF6E4","EcommerceProductVariationGuid":"","ProductNumber":"87146","ProductId":""},"product_brand":[137],"product_cat":[83,70,91],"product_tag":[],"class_list":{"0":"post-2125","1":"product","2":"type-product","3":"status-publish","4":"has-post-thumbnail","6":"product_brand-fjallraven","7":"product_cat-dames","8":"product_cat-kleding","9":"product_cat-t-shirts-dames","10":"pa_kleur-groen","12":"first","13":"instock","14":"taxable","15":"shipping-taxable","16":"purchasable","17":"product-type-variable"},"bundled_by":[],"bundle_stock_status":"instock","bundle_stock_quantity":null,"bundle_virtual":false,"bundle_layout":"","bundle_add_to_cart_form_location":"","bundle_editable_in_cart":false,"bundle_sold_individually_context":"","bundle_item_grouping":"","bundle_min_size":"","bundle_max_size":"","bundle_price":[],"bundled_items":[],"bundle_sell_ids":[],"acf":[],"rank_math_title":"Fj\u00e4llr\u00e4ven Logo T-Shirt W Green","rank_math_description":null,"rank_math_focus_keyword":"87146, Fj\u00e4llr\u00e4ven, Logo, T-Shirt, W, Green, Fj\u00e4llr\u00e4ven Logo T-Shirt W Green","GroupGuid":null,"EcommerceProductGuid":"C822C95C-805A-421A-B140-CDE688AAF6E4","EcommerceProductVariationGuid":null,"ProductNumber":"87146","ProductId":null,"IgnoreVenditGroupURL":null,"IgnoreVenditGroupSEO":null,"_links":{"self":[{"href":"https:\/\/barrelandboar.nl\/en\/wp-json\/wp\/v2\/product\/2125","targetHints":{"allow":["GET"]}}],"collection":[{"href":"https:\/\/barrelandboar.nl\/en\/wp-json\/wp\/v2\/product"}],"about":[{"href":"https:\/\/barrelandboar.nl\/en\/wp-json\/wp\/v2\/types\/product"}],"replies":[{"embeddable":true,"href":"https:\/\/barrelandboar.nl\/en\/wp-json\/wp\/v2\/comments?post=2125"}],"wp:featuredmedia":[{"embeddable":true,"href":"https:\/\/barrelandboar.nl\/en\/wp-json\/wp\/v2\/media\/2194"}],"wp:attachment":[{"href":"https:\/\/barrelandboar.nl\/en\/wp-json\/wp\/v2\/media?parent=2125"}],"wp:term":[{"taxonomy":"product_brand","embeddable":true,"href":"https:\/\/barrelandboar.nl\/en\/wp-json\/wp\/v2\/product_brand?post=2125"},{"taxonomy":"product_cat","embeddable":true,"href":"https:\/\/barrelandboar.nl\/en\/wp-json\/wp\/v2\/product_cat?post=2125"},{"taxonomy":"product_tag","embeddable":true,"href":"https:\/\/barrelandboar.nl\/en\/wp-json\/wp\/v2\/product_tag?post=2125"}],"curies":[{"name":"wp","href":"https:\/\/api.w.org\/{rel}","templated":true}]}}