{"id":2137,"date":"2025-04-02T16:06:31","date_gmt":"2025-04-02T14:06:31","guid":{"rendered":"https:\/\/barrelandboar.nl\/product\/fjallraven-arctic-fox-t-shirt-m-indigo-blue\/"},"modified":"2026-03-22T04:29:24","modified_gmt":"2026-03-22T03:29:24","slug":"fjallraven-arctic-fox-t-shirt-m-indigo-blue","status":"publish","type":"product","link":"https:\/\/barrelandboar.nl\/en\/fjallraven-arctic-fox-t-shirt-m-indigo-blue\/","title":{"rendered":"Fj\u00e4llr\u00e4ven Arctic Fox T-shirt M Indigo Blue"},"content":{"rendered":"<p style=\"margin-top:0pt;margin-bottom:5pt\"><span style=\"font-size:10.5pt;color:#000000;background-color:#FFFFFF\">The\u00a0<\/span><span style=\"font-size:10.5pt;color:#000000;background-color:#FFFFFF;font-weight:bold\">Fj\u00e4llr\u00e4ven Arctic Fox T-Shirt<\/span><span style=\"font-size:10.5pt;color:#000000;background-color:#FFFFFF\">\u00a0has short sleeves and is made of organic cotton. It has a round neck and print of polar fox on the front.<\/span><\/p>\n<p style=\"margin-top:0pt;margin-bottom:0pt\"><span style=\"font-size:10.5pt;color:#000000;background-color:#FFFFFF;font-weight:bold\">Specifications:<\/span><\/p>\n<ul style=\"margin:0pt;padding:0pt;list-style-type:disc\">\n<li style=\"font-size:12pt\">\n<p style=\"margin-left:0pt;margin-top:0pt;margin-bottom:0pt\"><span style=\"color:#000000;background-color:#FFFFFF\">Comfortable T-shirt made of organic cotton<\/span><\/p>\n<\/li>\n<li style=\"font-size:12pt\">\n<p style=\"margin-left:0pt;margin-top:0pt;margin-bottom:0pt\"><span style=\"color:#000000;background-color:#FFFFFF\">Round neck<\/span><\/p>\n<\/li>\n<li style=\"font-size:12pt\">\n<p style=\"margin-left:0pt;margin-top:0pt;margin-bottom:0pt\"><span style=\"color:#000000;background-color:#FFFFFF\">Print on the front<\/span><\/p>\n<\/li>\n<li style=\"font-size:12pt\">\n<p style=\"margin-left:0pt;margin-top:0pt;margin-bottom:0pt\"><span style=\"color:#000000;background-color:#FFFFFF\">Material: 100% cotton<\/span><\/p>\n<\/li>\n<\/ul>","protected":false},"excerpt":{"rendered":"<p style=\"margin-top:0pt;margin-bottom:0pt\"><span style=\"font-size:10.5pt;color:#000000;background-color:#FFFFFF\">The\u00a0<\/span><span style=\"font-size:10.5pt;color:#000000;background-color:#FFFFFF;font-weight:bold\">Fj\u00e4llr\u00e4ven Arctic Fox T-Shirt<\/span><span style=\"font-size:10.5pt;color:#000000;background-color:#FFFFFF\">\u00a0has short sleeves and is made of organic cotton. It has a round neck and print of polar fox on the front.<\/span><\/p>","protected":false},"featured_media":2135,"comment_status":"open","ping_status":"closed","template":"","meta":{"_acf_changed":false,"rank_math_title":"Fj\u00e4llr\u00e4ven Arctic Fox T-shirt M Indigo Blue","rank_math_description":"","rank_math_focus_keyword":"87220-534, Fj\u00e4llr\u00e4ven, Arctic, Fox, T-shirt, M, Indigo, Blue, Fj\u00e4llr\u00e4ven Arctic Fox T-shirt M Indigo Blue","GroupGuid":"","EcommerceProductGuid":"82CA35D2-CDA7-4171-8936-26AAFE380E3C","EcommerceProductVariationGuid":"","ProductNumber":"87220-534","ProductId":""},"product_brand":[137],"product_cat":[79,71,70],"product_tag":[],"class_list":{"0":"post-2137","1":"product","2":"type-product","3":"status-publish","4":"has-post-thumbnail","6":"product_brand-fjallraven","7":"product_cat-t-shirts","8":"product_cat-heren","9":"product_cat-kleding","10":"pa_kleur-blauw","12":"first","13":"instock","14":"taxable","15":"shipping-taxable","16":"purchasable","17":"product-type-variable"},"bundled_by":[],"bundle_stock_status":"instock","bundle_stock_quantity":null,"bundle_virtual":false,"bundle_layout":"","bundle_add_to_cart_form_location":"","bundle_editable_in_cart":false,"bundle_sold_individually_context":"","bundle_item_grouping":"","bundle_min_size":"","bundle_max_size":"","bundle_price":[],"bundled_items":[],"bundle_sell_ids":[],"acf":[],"rank_math_title":"Fj\u00e4llr\u00e4ven Arctic Fox T-shirt M Indigo Blue","rank_math_description":null,"rank_math_focus_keyword":"87220-534, Fj\u00e4llr\u00e4ven, Arctic, Fox, T-shirt, M, Indigo, Blue, Fj\u00e4llr\u00e4ven Arctic Fox T-shirt M Indigo Blue","GroupGuid":null,"EcommerceProductGuid":"82CA35D2-CDA7-4171-8936-26AAFE380E3C","EcommerceProductVariationGuid":null,"ProductNumber":"87220-534","ProductId":null,"IgnoreVenditGroupURL":null,"IgnoreVenditGroupSEO":null,"_links":{"self":[{"href":"https:\/\/barrelandboar.nl\/en\/wp-json\/wp\/v2\/product\/2137","targetHints":{"allow":["GET"]}}],"collection":[{"href":"https:\/\/barrelandboar.nl\/en\/wp-json\/wp\/v2\/product"}],"about":[{"href":"https:\/\/barrelandboar.nl\/en\/wp-json\/wp\/v2\/types\/product"}],"replies":[{"embeddable":true,"href":"https:\/\/barrelandboar.nl\/en\/wp-json\/wp\/v2\/comments?post=2137"}],"wp:featuredmedia":[{"embeddable":true,"href":"https:\/\/barrelandboar.nl\/en\/wp-json\/wp\/v2\/media\/2135"}],"wp:attachment":[{"href":"https:\/\/barrelandboar.nl\/en\/wp-json\/wp\/v2\/media?parent=2137"}],"wp:term":[{"taxonomy":"product_brand","embeddable":true,"href":"https:\/\/barrelandboar.nl\/en\/wp-json\/wp\/v2\/product_brand?post=2137"},{"taxonomy":"product_cat","embeddable":true,"href":"https:\/\/barrelandboar.nl\/en\/wp-json\/wp\/v2\/product_cat?post=2137"},{"taxonomy":"product_tag","embeddable":true,"href":"https:\/\/barrelandboar.nl\/en\/wp-json\/wp\/v2\/product_tag?post=2137"}],"curies":[{"name":"wp","href":"https:\/\/api.w.org\/{rel}","templated":true}]}}