{"id":2184,"date":"2025-04-02T17:09:10","date_gmt":"2025-04-02T15:09:10","guid":{"rendered":"https:\/\/barrelandboar.nl\/product\/fjallraven-high-coast-lite-t-shirt-w-moss-green\/"},"modified":"2026-03-22T04:20:24","modified_gmt":"2026-03-22T03:20:24","slug":"fjallraven-high-coast-lite-t-shirt-w-moss-green","status":"publish","type":"product","link":"https:\/\/barrelandboar.nl\/en\/fjallraven-high-coast-lite-t-shirt-w-moss-green\/","title":{"rendered":"Fj\u00e4llr\u00e4ven High Coast Lite T-Shirt W Moss Green"},"content":{"rendered":"<p style=\"margin-top:0pt;margin-bottom:5pt\"><span style=\"font-size:10.5pt;color:#000000;background-color:#FFFFFF\">The\u00a0<\/span><span style=\"font-size:10.5pt;color:#000000;background-color:#FFFFFF;font-weight:bold\">Fj\u00e4llr\u00e4ven High Coast Lite Women's T-Shirt<\/span><span style=\"font-size:10.5pt;color:#000000;background-color:#FFFFFF\">\u00a0is comfortable and made of a lightweight knitted jersey. It dries quickly and feels cool against the skin, even in really high temperatures.<\/span><\/p>\n<p style=\"margin-top:0pt;margin-bottom:5pt\"><span style=\"font-size:10.5pt;color:#000000;background-color:#FFFFFF\">Perfect for everyday use, simple outdoor living and travelling in warm climates.<\/span><\/p>\n<p style=\"margin-top:0pt;margin-bottom:0pt\"><span style=\"font-size:10.5pt;color:#000000;background-color:#FFFFFF;font-weight:bold\">Specifications:<\/span><\/p>\n<ul style=\"margin:0pt;padding:0pt;list-style-type:disc\">\n<li style=\"font-size:12pt\">\n<p style=\"margin-left:0pt;margin-top:0pt;margin-bottom:0pt\"><span style=\"color:#000000;background-color:#FFFFFF\">Material: 90% polyester, 10% lyocell<\/span><\/p>\n<\/li>\n<\/ul>","protected":false},"excerpt":{"rendered":"<p style=\"margin-top:0pt;margin-bottom:0pt\"><span style=\"font-size:10.5pt;color:#000000;background-color:#FFFFFF\">The\u00a0<\/span><span style=\"font-size:10.5pt;color:#000000;background-color:#FFFFFF;font-weight:bold\">Fj\u00e4llr\u00e4ven High Coast Lite Women's T-Shirt<\/span><span style=\"font-size:10.5pt;color:#000000;background-color:#FFFFFF\">\u00a0is comfortable and made of a lightweight knitted jersey. It dries quickly and feels cool against the skin, even in really high temperatures.<\/span><\/p>","protected":false},"featured_media":2182,"comment_status":"open","ping_status":"closed","template":"","meta":{"_acf_changed":false,"rank_math_title":"Fj\u00e4llr\u00e4ven High Coast Lite T-Shirt W Moss Green","rank_math_description":"","rank_math_focus_keyword":"83507, Fj\u00e4llr\u00e4ven, , High, Coast, Lite, T-Shirt, W, , Moss, Green, Fj\u00e4llr\u00e4ven High Coast Lite T-Shirt W Moss Green","GroupGuid":"","EcommerceProductGuid":"13B7C8A2-DC85-43DF-8D8B-CBB058901598","EcommerceProductVariationGuid":"","ProductNumber":"83507","ProductId":""},"product_brand":[137],"product_cat":[83,70,91],"product_tag":[],"class_list":{"0":"post-2184","1":"product","2":"type-product","3":"status-publish","4":"has-post-thumbnail","6":"product_brand-fjallraven","7":"product_cat-dames","8":"product_cat-kleding","9":"product_cat-t-shirts-dames","10":"pa_kleur-groen","12":"first","13":"instock","14":"sale","15":"taxable","16":"shipping-taxable","17":"purchasable","18":"product-type-variable"},"bundled_by":[],"bundle_stock_status":"instock","bundle_stock_quantity":null,"bundle_virtual":false,"bundle_layout":"","bundle_add_to_cart_form_location":"","bundle_editable_in_cart":false,"bundle_sold_individually_context":"","bundle_item_grouping":"","bundle_min_size":"","bundle_max_size":"","bundle_price":[],"bundled_items":[],"bundle_sell_ids":[],"acf":[],"rank_math_title":"Fj\u00e4llr\u00e4ven High Coast Lite T-Shirt W Moss Green","rank_math_description":null,"rank_math_focus_keyword":"83507, Fj\u00e4llr\u00e4ven, , High, Coast, Lite, T-Shirt, W, , Moss, Green, Fj\u00e4llr\u00e4ven High Coast Lite T-Shirt W Moss Green","GroupGuid":null,"EcommerceProductGuid":"13B7C8A2-DC85-43DF-8D8B-CBB058901598","EcommerceProductVariationGuid":null,"ProductNumber":"83507","ProductId":null,"IgnoreVenditGroupURL":null,"IgnoreVenditGroupSEO":null,"_links":{"self":[{"href":"https:\/\/barrelandboar.nl\/en\/wp-json\/wp\/v2\/product\/2184","targetHints":{"allow":["GET"]}}],"collection":[{"href":"https:\/\/barrelandboar.nl\/en\/wp-json\/wp\/v2\/product"}],"about":[{"href":"https:\/\/barrelandboar.nl\/en\/wp-json\/wp\/v2\/types\/product"}],"replies":[{"embeddable":true,"href":"https:\/\/barrelandboar.nl\/en\/wp-json\/wp\/v2\/comments?post=2184"}],"wp:featuredmedia":[{"embeddable":true,"href":"https:\/\/barrelandboar.nl\/en\/wp-json\/wp\/v2\/media\/2182"}],"wp:attachment":[{"href":"https:\/\/barrelandboar.nl\/en\/wp-json\/wp\/v2\/media?parent=2184"}],"wp:term":[{"taxonomy":"product_brand","embeddable":true,"href":"https:\/\/barrelandboar.nl\/en\/wp-json\/wp\/v2\/product_brand?post=2184"},{"taxonomy":"product_cat","embeddable":true,"href":"https:\/\/barrelandboar.nl\/en\/wp-json\/wp\/v2\/product_cat?post=2184"},{"taxonomy":"product_tag","embeddable":true,"href":"https:\/\/barrelandboar.nl\/en\/wp-json\/wp\/v2\/product_tag?post=2184"}],"curies":[{"name":"wp","href":"https:\/\/api.w.org\/{rel}","templated":true}]}}