{"id":2210,"date":"2025-04-03T14:00:53","date_gmt":"2025-04-03T12:00:53","guid":{"rendered":"https:\/\/barrelandboar.nl\/product\/fjallraven-expedition-fleece-hoodie-m-deep-forest\/"},"modified":"2026-03-22T04:30:40","modified_gmt":"2026-03-22T03:30:40","slug":"fjallraven-expedition-fleece-hoodie-m-deep-forest","status":"publish","type":"product","link":"https:\/\/barrelandboar.nl\/en\/fjallraven-expedition-fleece-hoodie-m-deep-forest\/","title":{"rendered":"Fj\u00e4llr\u00e4ven Expedition Fleece Hoodie M Deep Forest"},"content":{"rendered":"<p style=\"margin-top:0pt;margin-bottom:5pt\"><span style=\"font-size:10.5pt;color:#000000;background-color:#FFFFFF\">The\u00a0<\/span><span style=\"font-size:10.5pt;color:#000000;background-color:#FFFFFF;font-weight:bold\">Fj\u00e4llr\u00e4ven Expedition Fleece Hoodie<\/span><span style=\"font-size:10.5pt;color:#000000;background-color:#FFFFFF\">\u00a0is a warm and durable hoodie made from a blend of recycled polyester, new polyester and elastane. The polyester is anti-pilling, wicks moisture away from base layers and dries quickly. This makes it a handy garment for high-energy activities.<\/span><\/p>\n<p style=\"margin-top:0pt;margin-bottom:5pt\"><span style=\"font-size:10.5pt;color:#000000;background-color:#FFFFFF\">The Expedition Fleece Hoodie for men has a classic design and a full-length front zip, raglan sleeves to reduce the risk of chafing from a backpack, zipped side pockets and a close-fitting hood.<\/span><\/p>\n<p style=\"margin-top:0pt;margin-bottom:0pt\"><span style=\"font-size:10.5pt;color:#000000;background-color:#FFFFFF\">Specifications:<\/span><\/p>\n<ul style=\"margin:0pt;padding:0pt;list-style-type:disc\">\n<li style=\"font-size:12pt\">\n<p style=\"margin-left:0pt;margin-top:0pt;margin-bottom:0pt\"><span style=\"color:#000000;background-color:#FFFFFF\">75% polyester (recycled), 18% polyester, 7% Fit: Regular fit<\/span><\/p>\n<\/li>\n<li style=\"font-size:12pt\">\n<p style=\"margin-left:0pt;margin-top:0pt;margin-bottom:0pt\"><span style=\"color:#000000;background-color:#FFFFFF\">Sleeve type: Long sleeve<\/span><\/p>\n<\/li>\n<li style=\"font-size:12pt\">\n<p style=\"margin-left:0pt;margin-top:0pt;margin-bottom:0pt\"><span style=\"color:#000000;background-color:#FFFFFF\">Hood: Yes<\/span><\/p>\n<\/li>\n<li style=\"font-size:12pt\">\n<p style=\"margin-left:0pt;margin-top:0pt;margin-bottom:0pt\"><span style=\"color:#000000;background-color:#FFFFFF\">Features hood: Fixed<\/span><\/p>\n<\/li>\n<li style=\"font-size:12pt\">\n<p style=\"margin-left:0pt;margin-top:0pt;margin-bottom:0pt\"><span style=\"color:#000000;background-color:#FFFFFF\">Closure: Two-way zip<\/span><\/p>\n<\/li>\n<li style=\"font-size:12pt\">\n<p style=\"margin-left:0pt;margin-top:0pt;margin-bottom:0pt\"><span style=\"color:#000000;background-color:#FFFFFF\">Clothing layer: Mid-layer<\/span><\/p>\n<\/li>\n<li style=\"font-size:12pt\">\n<p style=\"margin-left:0pt;margin-top:0pt;margin-bottom:0pt\"><span style=\"color:#000000;background-color:#FFFFFF\">Number of pockets: 2<\/span><\/p>\n<\/li>\n<li style=\"font-size:12pt\">\n<p style=\"margin-left:0pt;margin-top:0pt;margin-bottom:0pt\"><span style=\"color:#000000;background-color:#FFFFFF\">Pockets: Side pocket(s)<\/span><\/p>\n<\/li>\n<\/ul>","protected":false},"excerpt":{"rendered":"<p style=\"margin-top:0pt;margin-bottom:0pt\"><span style=\"font-size:10.5pt;color:#000000;background-color:#FFFFFF\">The\u00a0<\/span><span style=\"font-size:10.5pt;color:#000000;background-color:#FFFFFF;font-weight:bold\">Fj\u00e4llr\u00e4ven Expedition Fleece Hoodie<\/span><span style=\"font-size:10.5pt;color:#000000;background-color:#FFFFFF\">\u00a0is a warm and durable hoodie made from a blend of recycled polyester, new polyester and elastane. The polyester is anti-pilling, wicks moisture away from base layers and dries quickly.<\/span><\/p>","protected":false},"featured_media":2208,"comment_status":"open","ping_status":"closed","template":"","meta":{"_acf_changed":false,"rank_math_title":"Fj\u00e4llr\u00e4ven Expedition Fleece Hoodie M Deep Forest","rank_math_description":"","rank_math_focus_keyword":"F12600237, Fj\u00e4llr\u00e4ven, Expedition, Fleece, Hoodie, M, Deep, Forest, Fj\u00e4llr\u00e4ven Expedition Fleece Hoodie M Deep Forest","GroupGuid":"","EcommerceProductGuid":"9711729A-C949-457B-A4C6-26AA47C27BEB","EcommerceProductVariationGuid":"","ProductNumber":"F12600237","ProductId":""},"product_brand":[137],"product_cat":[71,70,73],"product_tag":[],"class_list":{"0":"post-2210","1":"product","2":"type-product","3":"status-publish","4":"has-post-thumbnail","6":"product_brand-fjallraven","7":"product_cat-heren","8":"product_cat-kleding","9":"product_cat-truien-vesten","10":"pa_kleur-groen","12":"first","13":"instock","14":"sale","15":"taxable","16":"shipping-taxable","17":"purchasable","18":"product-type-variable"},"bundled_by":[],"bundle_stock_status":"instock","bundle_stock_quantity":null,"bundle_virtual":false,"bundle_layout":"","bundle_add_to_cart_form_location":"","bundle_editable_in_cart":false,"bundle_sold_individually_context":"","bundle_item_grouping":"","bundle_min_size":"","bundle_max_size":"","bundle_price":[],"bundled_items":[],"bundle_sell_ids":[],"acf":[],"rank_math_title":"Fj\u00e4llr\u00e4ven Expedition Fleece Hoodie M Deep Forest","rank_math_description":null,"rank_math_focus_keyword":"F12600237, Fj\u00e4llr\u00e4ven, Expedition, Fleece, Hoodie, M, Deep, Forest, Fj\u00e4llr\u00e4ven Expedition Fleece Hoodie M Deep Forest","GroupGuid":null,"EcommerceProductGuid":"9711729A-C949-457B-A4C6-26AA47C27BEB","EcommerceProductVariationGuid":null,"ProductNumber":"F12600237","ProductId":null,"IgnoreVenditGroupURL":null,"IgnoreVenditGroupSEO":null,"_links":{"self":[{"href":"https:\/\/barrelandboar.nl\/en\/wp-json\/wp\/v2\/product\/2210","targetHints":{"allow":["GET"]}}],"collection":[{"href":"https:\/\/barrelandboar.nl\/en\/wp-json\/wp\/v2\/product"}],"about":[{"href":"https:\/\/barrelandboar.nl\/en\/wp-json\/wp\/v2\/types\/product"}],"replies":[{"embeddable":true,"href":"https:\/\/barrelandboar.nl\/en\/wp-json\/wp\/v2\/comments?post=2210"}],"wp:featuredmedia":[{"embeddable":true,"href":"https:\/\/barrelandboar.nl\/en\/wp-json\/wp\/v2\/media\/2208"}],"wp:attachment":[{"href":"https:\/\/barrelandboar.nl\/en\/wp-json\/wp\/v2\/media?parent=2210"}],"wp:term":[{"taxonomy":"product_brand","embeddable":true,"href":"https:\/\/barrelandboar.nl\/en\/wp-json\/wp\/v2\/product_brand?post=2210"},{"taxonomy":"product_cat","embeddable":true,"href":"https:\/\/barrelandboar.nl\/en\/wp-json\/wp\/v2\/product_cat?post=2210"},{"taxonomy":"product_tag","embeddable":true,"href":"https:\/\/barrelandboar.nl\/en\/wp-json\/wp\/v2\/product_tag?post=2210"}],"curies":[{"name":"wp","href":"https:\/\/api.w.org\/{rel}","templated":true}]}}