{"id":2225,"date":"2025-04-03T14:01:35","date_gmt":"2025-04-03T12:01:35","guid":{"rendered":"https:\/\/barrelandboar.nl\/product\/fjallraven-reporter-lite-vest-m-dark-olive\/"},"modified":"2026-03-22T04:31:33","modified_gmt":"2026-03-22T03:31:33","slug":"fjallraven-reporter-lite-vest-m-dark-olive","status":"publish","type":"product","link":"https:\/\/barrelandboar.nl\/en\/fjallraven-reporter-lite-vest-m-dark-olive\/","title":{"rendered":"Fj\u00e4llr\u00e4ven Reporter Lite Vest M Dark Olive"},"content":{"rendered":"<p style=\"margin-top:0pt;margin-bottom:5pt\"><span style=\"font-size:10.5pt;color:#000000;background-color:#FFFFFF\">The\u00a0<\/span><span style=\"font-size:10.5pt;color:#000000;background-color:#FFFFFF;font-weight:bold\">Fj\u00e4llr\u00e4ven Reporter Lite Vest<\/span><span style=\"font-size:10.5pt;color:#000000;background-color:#FFFFFF\">\u00a0is a practical vest in G-1000 Lite with mesh lining and a straight collar that protects part of the neck. It has numerous, useful pockets for everything you wish to have at hand, including side pockets with openings in two different directions. Also features a two-way zip with protective flap at the front.<\/span><\/p>\n<p style=\"margin-top:0pt;margin-bottom:5pt\"><span style=\"font-size:10.5pt;color:#000000;background-color:#FFFFFF;font-weight:bold\">Specifications:<\/span><\/p>\n<ul style=\"margin:0pt;padding:0pt;list-style-type:disc\">\n<li style=\"font-size:12pt\">\n<p style=\"margin-left:0pt;margin-top:0pt;margin-bottom:0pt\"><span style=\"color:#000000;background-color:#FFFFFF\">Quick-drying<\/span><\/p>\n<\/li>\n<li style=\"font-size:12pt\">\n<p style=\"margin-left:0pt;margin-top:0pt;margin-bottom:0pt\"><span style=\"color:#000000;background-color:#FFFFFF\">Venting<\/span><\/p>\n<\/li>\n<li style=\"font-size:12pt\">\n<p style=\"margin-left:0pt;margin-top:0pt;margin-bottom:0pt\"><span style=\"color:#000000;background-color:#FFFFFF\">Water-repellent<\/span><\/p>\n<\/li>\n<li style=\"font-size:12pt\">\n<p style=\"margin-left:0pt;margin-top:0pt;margin-bottom:0pt\"><span style=\"color:#000000;background-color:#FFFFFF\">Material: G-1000\u00ae Lite: 65% polyester, 35% cotton<\/span><\/p>\n<\/li>\n<li style=\"font-size:12pt\">\n<p style=\"margin-left:0pt;margin-top:0pt;margin-bottom:0pt\"><span style=\"color:#000000;background-color:#FFFFFF\">Inner material: 100% polyester<\/span><\/p>\n<\/li>\n<\/ul>","protected":false},"excerpt":{"rendered":"<p style=\"margin-top:0pt;margin-bottom:0pt\"><span style=\"font-size:10.5pt;color:#000000;background-color:#FFFFFF\">The\u00a0<\/span><span style=\"font-size:10.5pt;color:#000000;background-color:#FFFFFF;font-weight:bold\">Fj\u00e4llr\u00e4ven Reporter Lite Vest<\/span><span style=\"font-size:10.5pt;color:#000000;background-color:#FFFFFF\">\u00a0is a practical vest in G-1000 Lite with mesh lining and a straight collar that protects part of the neck. It has numerous, useful pockets for everything you wish to have at hand, including side pockets with openings in two different directions. <\/span><\/p>","protected":false},"featured_media":10505,"comment_status":"open","ping_status":"closed","template":"","meta":{"_acf_changed":false,"rank_math_title":"Fj\u00e4llr\u00e4ven Reporter Lite Vest M Dark Olive","rank_math_description":"","rank_math_focus_keyword":"F81280, Fj\u00e4llr\u00e4ven, Reporter, Lite, Vest, M, Dark, Olive, Fj\u00e4llr\u00e4ven Reporter Lite Vest M Dark Olive","GroupGuid":"","EcommerceProductGuid":"9F8BD81D-1FF1-419B-8DBE-EF3AE3447F71","EcommerceProductVariationGuid":"","ProductNumber":"F81280","ProductId":""},"product_brand":[137],"product_cat":[71,70,73],"product_tag":[],"class_list":{"0":"post-2225","1":"product","2":"type-product","3":"status-publish","4":"has-post-thumbnail","6":"product_brand-fjallraven","7":"product_cat-heren","8":"product_cat-kleding","9":"product_cat-truien-vesten","10":"pa_kleur-bruin","12":"first","13":"instock","14":"taxable","15":"shipping-taxable","16":"purchasable","17":"product-type-variable"},"bundled_by":[],"bundle_stock_status":"instock","bundle_stock_quantity":null,"bundle_virtual":false,"bundle_layout":"","bundle_add_to_cart_form_location":"","bundle_editable_in_cart":false,"bundle_sold_individually_context":"","bundle_item_grouping":"","bundle_min_size":"","bundle_max_size":"","bundle_price":[],"bundled_items":[],"bundle_sell_ids":[],"acf":[],"rank_math_title":"Fj\u00e4llr\u00e4ven Reporter Lite Vest M Dark Olive","rank_math_description":null,"rank_math_focus_keyword":"F81280, Fj\u00e4llr\u00e4ven, Reporter, Lite, Vest, M, Dark, Olive, Fj\u00e4llr\u00e4ven Reporter Lite Vest M Dark Olive","GroupGuid":null,"EcommerceProductGuid":"9F8BD81D-1FF1-419B-8DBE-EF3AE3447F71","EcommerceProductVariationGuid":null,"ProductNumber":"F81280","ProductId":null,"IgnoreVenditGroupURL":null,"IgnoreVenditGroupSEO":null,"_links":{"self":[{"href":"https:\/\/barrelandboar.nl\/en\/wp-json\/wp\/v2\/product\/2225","targetHints":{"allow":["GET"]}}],"collection":[{"href":"https:\/\/barrelandboar.nl\/en\/wp-json\/wp\/v2\/product"}],"about":[{"href":"https:\/\/barrelandboar.nl\/en\/wp-json\/wp\/v2\/types\/product"}],"replies":[{"embeddable":true,"href":"https:\/\/barrelandboar.nl\/en\/wp-json\/wp\/v2\/comments?post=2225"}],"wp:featuredmedia":[{"embeddable":true,"href":"https:\/\/barrelandboar.nl\/en\/wp-json\/wp\/v2\/media\/10505"}],"wp:attachment":[{"href":"https:\/\/barrelandboar.nl\/en\/wp-json\/wp\/v2\/media?parent=2225"}],"wp:term":[{"taxonomy":"product_brand","embeddable":true,"href":"https:\/\/barrelandboar.nl\/en\/wp-json\/wp\/v2\/product_brand?post=2225"},{"taxonomy":"product_cat","embeddable":true,"href":"https:\/\/barrelandboar.nl\/en\/wp-json\/wp\/v2\/product_cat?post=2225"},{"taxonomy":"product_tag","embeddable":true,"href":"https:\/\/barrelandboar.nl\/en\/wp-json\/wp\/v2\/product_tag?post=2225"}],"curies":[{"name":"wp","href":"https:\/\/api.w.org\/{rel}","templated":true}]}}