{"id":2239,"date":"2025-04-03T14:31:01","date_gmt":"2025-04-03T12:31:01","guid":{"rendered":"https:\/\/barrelandboar.nl\/product\/fjallraven-forest-wool-padded-vest-w-dark-olive\/"},"modified":"2026-03-22T04:38:41","modified_gmt":"2026-03-22T03:38:41","slug":"fjallraven-forest-wool-padded-vest-w-dark-olive","status":"publish","type":"product","link":"https:\/\/barrelandboar.nl\/en\/fjallraven-forest-wool-padded-vest-w-dark-olive\/","title":{"rendered":"Fj\u00e4llr\u00e4ven Forest Wool Padded Vest W Dark Olive"},"content":{"rendered":"<p style=\"margin-top:0pt;margin-bottom:5pt\"><span style=\"font-size:10.5pt;color:#000000;background-color:#FFFFFF\">The\u00a0<\/span><span style=\"font-size:10.5pt;color:#000000;background-color:#FFFFFF;font-weight:bold\">Fj\u00e4llr\u00e4ven Forest Wool Padded Women's Vest<\/span><span style=\"font-size:10.5pt;color:#000000;background-color:#FFFFFF\">\u00a0is a (hunting) bodywarmer made of supple polyester with ribbed panels on the sides. It has a great fit that offers optimal freedom of movement.<\/span><\/p>\n<p style=\"margin-top:0pt;margin-bottom:5pt\"><span style=\"font-size:10.5pt;color:#000000;background-color:#FFFFFF\">The shoulder pass in G-1000 Silent Eco is quilted and filled with durable Swedish wool, developed in collaboration with Lavalan\u00a9. The quilted shoulder pass extends to the back and provides extra reinforcement for when carrying a gun or backpack.<\/span><\/p>\n<p style=\"margin-top:0pt;margin-bottom:5pt\"><span style=\"font-size:10.5pt;color:#000000;background-color:#FFFFFF\">It has large pleated pockets with flap and is very versatile to wear. You can wear it while hunting but is just as nice to have on during an autumn walk.<\/span><\/p>\n<p style=\"margin-top:0pt;margin-bottom:0pt\"><span style=\"font-size:10.5pt;color:#000000;background-color:#FFFFFF;font-weight:bold\">Specifications:<\/span><\/p>\n<ul style=\"margin:0pt;padding:0pt;list-style-type:disc\">\n<li style=\"font-size:12pt\">\n<p style=\"margin-left:0pt;margin-top:0pt;margin-bottom:0pt\"><span style=\"color:#000000;background-color:#FFFFFF\">Sustainable<\/span><\/p>\n<\/li>\n<li style=\"font-size:12pt\">\n<p style=\"margin-left:0pt;margin-top:0pt;margin-bottom:0pt\"><span style=\"color:#000000;background-color:#FFFFFF\">Insulates in damp conditions<\/span><\/p>\n<\/li>\n<li style=\"font-size:12pt\">\n<p style=\"margin-left:0pt;margin-top:0pt;margin-bottom:0pt\"><span style=\"color:#000000;background-color:#FFFFFF\">Water-repellent and wind-resistant<\/span><\/p>\n<\/li>\n<li style=\"font-size:12pt\">\n<p style=\"margin-left:0pt;margin-top:0pt;margin-bottom:0pt\"><span style=\"color:#000000;background-color:#FFFFFF\">Material: G-1000\u00ae Silent Eco: 65% polyester, 35% cotton, 100% polyester<\/span><\/p>\n<\/li>\n<li style=\"font-size:12pt\">\n<p style=\"margin-left:0pt;margin-top:0pt;margin-bottom:0pt\"><span style=\"color:#000000;background-color:#FFFFFF\">Inner material: 100% polyester<\/span><\/p>\n<\/li>\n<li style=\"font-size:12pt\">\n<p style=\"margin-left:0pt;margin-top:0pt;margin-bottom:0pt\"><span style=\"color:#000000;background-color:#FFFFFF\">Filling: 75% wool, 25% polylactide<\/span><\/p>\n<\/li>\n<li style=\"font-size:12pt\">\n<p style=\"margin-left:0pt;margin-top:0pt;margin-bottom:0pt\"><span style=\"color:#000000;background-color:#FFFFFF\">Reinforced areas: Shoulders<\/span><\/p>\n<\/li>\n<li style=\"font-size:12pt\">\n<p style=\"margin-left:0pt;margin-top:0pt;margin-bottom:0pt\"><span style=\"color:#000000;background-color:#FFFFFF\">Made of supple polyester with ribbed panels at the sides<\/span><\/p>\n<\/li>\n<li style=\"font-size:12pt\">\n<p style=\"margin-left:0pt;margin-top:0pt;margin-bottom:0pt\"><span style=\"color:#000000;background-color:#FFFFFF\">Sustainable filling of carefully selected Swedish wool and PLA from corn starch<\/span><\/p>\n<\/li>\n<li style=\"font-size:12pt\">\n<p style=\"margin-left:0pt;margin-top:0pt;margin-bottom:0pt\"><span style=\"color:#000000;background-color:#FFFFFF\">Quilted shoulder bag in G-1000 Silent Eco so the item lasts longer<\/span><\/p>\n<\/li>\n<li style=\"font-size:12pt\">\n<p style=\"margin-left:0pt;margin-top:0pt;margin-bottom:0pt\"><span style=\"color:#000000;background-color:#FFFFFF\">Two-way front zip with flap and silent snaps<\/span><\/p>\n<\/li>\n<li style=\"font-size:12pt\">\n<p style=\"margin-left:0pt;margin-top:0pt;margin-bottom:0pt\"><span style=\"color:#000000;background-color:#FFFFFF\">Number of pockets: 4 large pleated pockets with flap and button (side pocket(s), open side pocket(s)<\/span><\/p>\n<\/li>\n<\/ul>","protected":false},"excerpt":{"rendered":"<p style=\"margin-top:0pt;margin-bottom:0pt\"><span style=\"font-size:10.5pt;color:#000000;background-color:#FFFFFF\">The\u00a0<\/span><span style=\"font-size:10.5pt;color:#000000;background-color:#FFFFFF;font-weight:bold\">Fj\u00e4llr\u00e4ven Forest Wool Padded Women's Vest<\/span><span style=\"font-size:10.5pt;color:#000000;background-color:#FFFFFF\">\u00a0is a (hunting) bodywarmer made of supple polyester with ribbed panels on the sides. It has a great fit that offers optimal freedom of movement.<\/span><\/p>","protected":false},"featured_media":11468,"comment_status":"open","ping_status":"closed","template":"","meta":{"_acf_changed":false,"rank_math_title":"Fj\u00e4llr\u00e4ven Forest Wool Padded Vest W Dark Olive","rank_math_description":"","rank_math_focus_keyword":"86373, Fj\u00e4llr\u00e4ven, Forest, Wool, Padded, Vest, W, Dark, Olive, Fj\u00e4llr\u00e4ven Forest Wool Padded Vest W Dark Olive","GroupGuid":"","EcommerceProductGuid":"F40288D9-5301-45F6-933B-6621227724C3","EcommerceProductVariationGuid":"","ProductNumber":"86373","ProductId":""},"product_brand":[137],"product_cat":[83,70,85],"product_tag":[],"class_list":{"0":"post-2239","1":"product","2":"type-product","3":"status-publish","4":"has-post-thumbnail","6":"product_brand-fjallraven","7":"product_cat-dames","8":"product_cat-kleding","9":"product_cat-truien-vesten-dames","10":"pa_kleur-bruin","12":"first","13":"instock","14":"taxable","15":"shipping-taxable","16":"purchasable","17":"product-type-variable"},"bundled_by":[],"bundle_stock_status":"instock","bundle_stock_quantity":null,"bundle_virtual":false,"bundle_layout":"","bundle_add_to_cart_form_location":"","bundle_editable_in_cart":false,"bundle_sold_individually_context":"","bundle_item_grouping":"","bundle_min_size":"","bundle_max_size":"","bundle_price":[],"bundled_items":[],"bundle_sell_ids":[],"acf":[],"rank_math_title":"Fj\u00e4llr\u00e4ven Forest Wool Padded Vest W Dark Olive","rank_math_description":null,"rank_math_focus_keyword":"86373, Fj\u00e4llr\u00e4ven, Forest, Wool, Padded, Vest, W, Dark, Olive, Fj\u00e4llr\u00e4ven Forest Wool Padded Vest W Dark Olive","GroupGuid":null,"EcommerceProductGuid":"F40288D9-5301-45F6-933B-6621227724C3","EcommerceProductVariationGuid":null,"ProductNumber":"86373","ProductId":null,"IgnoreVenditGroupURL":null,"IgnoreVenditGroupSEO":null,"_links":{"self":[{"href":"https:\/\/barrelandboar.nl\/en\/wp-json\/wp\/v2\/product\/2239","targetHints":{"allow":["GET"]}}],"collection":[{"href":"https:\/\/barrelandboar.nl\/en\/wp-json\/wp\/v2\/product"}],"about":[{"href":"https:\/\/barrelandboar.nl\/en\/wp-json\/wp\/v2\/types\/product"}],"replies":[{"embeddable":true,"href":"https:\/\/barrelandboar.nl\/en\/wp-json\/wp\/v2\/comments?post=2239"}],"wp:featuredmedia":[{"embeddable":true,"href":"https:\/\/barrelandboar.nl\/en\/wp-json\/wp\/v2\/media\/11468"}],"wp:attachment":[{"href":"https:\/\/barrelandboar.nl\/en\/wp-json\/wp\/v2\/media?parent=2239"}],"wp:term":[{"taxonomy":"product_brand","embeddable":true,"href":"https:\/\/barrelandboar.nl\/en\/wp-json\/wp\/v2\/product_brand?post=2239"},{"taxonomy":"product_cat","embeddable":true,"href":"https:\/\/barrelandboar.nl\/en\/wp-json\/wp\/v2\/product_cat?post=2239"},{"taxonomy":"product_tag","embeddable":true,"href":"https:\/\/barrelandboar.nl\/en\/wp-json\/wp\/v2\/product_tag?post=2239"}],"curies":[{"name":"wp","href":"https:\/\/api.w.org\/{rel}","templated":true}]}}