{"id":2257,"date":"2025-04-03T14:31:52","date_gmt":"2025-04-03T12:31:52","guid":{"rendered":"https:\/\/barrelandboar.nl\/product\/fjallraven-keb-fleece-hoodie-m-deep-forest\/"},"modified":"2026-03-22T04:32:25","modified_gmt":"2026-03-22T03:32:25","slug":"fjallraven-keb-fleece-hoodie-m-deep-forest","status":"publish","type":"product","link":"https:\/\/barrelandboar.nl\/en\/fjallraven-keb-fleece-hoodie-m-deep-forest\/","title":{"rendered":"Fj\u00e4llr\u00e4ven Keb Fleece Hoodie M Deep Forest"},"content":{"rendered":"<p style=\"margin-top:0pt;margin-bottom:5pt\"><span style=\"font-size:10.5pt;color:#000000;background-color:#FFFFFF\">The Fj\u00e4llr\u00e4ven Keb Fleece Hoodie is an integrated and moisture-wicking fleece hoodie, perfect as a year-round mid-layer.<\/span><\/p>\n<p style=\"margin-top:0pt;margin-bottom:5pt\"><span style=\"font-size:10.5pt;color:#000000;background-color:#FFFFFF\">Made from a blend of soft wool and recycled polyester. Reinforced with G-1000 across the shoulders for extra durability in areas where it wears faster.<\/span><\/p>\n<p style=\"margin-top:0pt;margin-bottom:0pt\"><span style=\"font-size:10.5pt;color:#000000;background-color:#FFFFFF;font-weight:bold\">Material<\/span><span style=\"font-size:10.5pt;color:#000000;background-color:#FFFFFF\">: 73% polyester (recycled), 20% wool (traceable), 7% elastane<br \/><\/span><span style=\"font-size:10.5pt;color:#000000;background-color:#FFFFFF;font-weight:bold\">Reinforcement<\/span><span style=\"font-size:10.5pt;color:#000000;background-color:#FFFFFF\">: G-1000\u00ae: 65% polyester (recycled), 35% cotton (organic)<br \/><\/span><span style=\"font-size:10.5pt;color:#000000;background-color:#FFFFFF;font-weight:bold\">Reinforced spots<\/span><span style=\"font-size:10.5pt;color:#000000;background-color:#FFFFFF\">: Shoulders<\/span><\/p>","protected":false},"excerpt":{"rendered":"<p style=\"margin-top:0pt;margin-bottom:0pt\"><span style=\"font-size:10.5pt;color:#000000;background-color:#FFFFFF\">The Fj\u00e4llr\u00e4ven Keb Fleece Hoodie is an integrated and moisture-wicking fleece hoodie, perfect as a year-round mid-layer.<\/span><\/p>","protected":false},"featured_media":11129,"comment_status":"open","ping_status":"closed","template":"","meta":{"_acf_changed":false,"rank_math_title":"Fj\u00e4llr\u00e4ven Keb Fleece Hoodie M Deep Forest","rank_math_description":"","rank_math_focus_keyword":"81479, Fj\u00e4llr\u00e4ven, Keb, Fleece, Hoodie, M, , Deep, Forest, Fj\u00e4llr\u00e4ven Keb Fleece Hoodie M Deep Forest","GroupGuid":"","EcommerceProductGuid":"A92B84A8-2BEB-4D42-8A1F-D9CACFB0EED5","EcommerceProductVariationGuid":"","ProductNumber":"81479","ProductId":""},"product_brand":[137],"product_cat":[71,72,70],"product_tag":[],"class_list":{"0":"post-2257","1":"product","2":"type-product","3":"status-publish","4":"has-post-thumbnail","6":"product_brand-fjallraven","7":"product_cat-heren","8":"product_cat-jassen","9":"product_cat-kleding","10":"pa_kleur-groen","12":"first","13":"instock","14":"taxable","15":"shipping-taxable","16":"purchasable","17":"product-type-variable"},"bundled_by":[],"bundle_stock_status":"instock","bundle_stock_quantity":null,"bundle_virtual":false,"bundle_layout":"","bundle_add_to_cart_form_location":"","bundle_editable_in_cart":false,"bundle_sold_individually_context":"","bundle_item_grouping":"","bundle_min_size":"","bundle_max_size":"","bundle_price":[],"bundled_items":[],"bundle_sell_ids":[],"acf":[],"rank_math_title":"Fj\u00e4llr\u00e4ven Keb Fleece Hoodie M Deep Forest","rank_math_description":null,"rank_math_focus_keyword":"81479, Fj\u00e4llr\u00e4ven, Keb, Fleece, Hoodie, M, , Deep, Forest, Fj\u00e4llr\u00e4ven Keb Fleece Hoodie M Deep Forest","GroupGuid":null,"EcommerceProductGuid":"A92B84A8-2BEB-4D42-8A1F-D9CACFB0EED5","EcommerceProductVariationGuid":null,"ProductNumber":"81479","ProductId":null,"IgnoreVenditGroupURL":null,"IgnoreVenditGroupSEO":null,"_links":{"self":[{"href":"https:\/\/barrelandboar.nl\/en\/wp-json\/wp\/v2\/product\/2257","targetHints":{"allow":["GET"]}}],"collection":[{"href":"https:\/\/barrelandboar.nl\/en\/wp-json\/wp\/v2\/product"}],"about":[{"href":"https:\/\/barrelandboar.nl\/en\/wp-json\/wp\/v2\/types\/product"}],"replies":[{"embeddable":true,"href":"https:\/\/barrelandboar.nl\/en\/wp-json\/wp\/v2\/comments?post=2257"}],"wp:featuredmedia":[{"embeddable":true,"href":"https:\/\/barrelandboar.nl\/en\/wp-json\/wp\/v2\/media\/11129"}],"wp:attachment":[{"href":"https:\/\/barrelandboar.nl\/en\/wp-json\/wp\/v2\/media?parent=2257"}],"wp:term":[{"taxonomy":"product_brand","embeddable":true,"href":"https:\/\/barrelandboar.nl\/en\/wp-json\/wp\/v2\/product_brand?post=2257"},{"taxonomy":"product_cat","embeddable":true,"href":"https:\/\/barrelandboar.nl\/en\/wp-json\/wp\/v2\/product_cat?post=2257"},{"taxonomy":"product_tag","embeddable":true,"href":"https:\/\/barrelandboar.nl\/en\/wp-json\/wp\/v2\/product_tag?post=2257"}],"curies":[{"name":"wp","href":"https:\/\/api.w.org\/{rel}","templated":true}]}}