{"id":2264,"date":"2025-04-03T14:32:09","date_gmt":"2025-04-03T12:32:09","guid":{"rendered":"https:\/\/barrelandboar.nl\/product\/fjallraven-ovik-round-neck-sweater-m-dark-olive\/"},"modified":"2026-03-22T04:25:06","modified_gmt":"2026-03-22T03:25:06","slug":"fjallraven-ovik-round-neck-sweater-m-dark-olive","status":"publish","type":"product","link":"https:\/\/barrelandboar.nl\/en\/fjallraven-ovik-round-neck-sweater-m-dark-olive\/","title":{"rendered":"Fj\u00e4llr\u00e4ven \u00d6vik Round-neck Sweater M Dark Olive"},"content":{"rendered":"<p style=\"margin-top:0pt;margin-bottom:0pt\"><span style=\"font-size:10.5pt;color:#000000;background-color:#FFFFFF\">The \u00d6vik Round-neck Sweater is a knitted jumper made of soft wool. A timeless design with a round neck and rib-knit cuffs. <\/span><\/p>\n<p style=\"margin-top:0pt;margin-bottom:0pt\"><span style=\"font-size:10.5pt;color:#000000;background-color:#FFFFFF\">\u00a0<\/span><\/p>\n<p style=\"margin-top:0pt;margin-bottom:0pt\"><span style=\"font-size:10.5pt;color:#000000;background-color:#FFFFFF\">It absorbs moisture and stays warm even when damp. It also regulates temperature, making this jumper comfortable in hot and cold conditions. <\/span><\/p>\n<p style=\"margin-top:0pt;margin-bottom:0pt\"><span style=\"font-size:10.5pt;color:#000000;background-color:#FFFFFF\">\u00a0<\/span><\/p>\n<p style=\"margin-top:0pt;margin-bottom:0pt\"><span style=\"font-size:10.5pt;color:#000000;background-color:#FFFFFF\">A versatile mid-layer that is just as suitable for hiking, hunting and forest life as it is for everyday use. <\/span><\/p>","protected":false},"excerpt":{"rendered":"<p style=\"margin-top:0pt;margin-bottom:0pt\"><span style=\"font-size:10.5pt;color:#000000;background-color:#FFFFFF\">The \u00d6vik Round-neck Sweater is a knitted jumper made of soft wool. A timeless design with a round neck and rib-knit cuffs. <\/span><\/p>","protected":false},"featured_media":12896,"comment_status":"open","ping_status":"closed","template":"","meta":{"_acf_changed":false,"rank_math_title":"Fj\u00e4llr\u00e4ven \u00d6vik Round-neck Sweater M Dark Olive","rank_math_description":"","rank_math_focus_keyword":"87323, Fj\u00e4llr\u00e4ven, \u00d6vik, Round-neck, Sweater, M, Dark, Olive, Fj\u00e4llr\u00e4ven \u00d6vik Round-neck Sweater M Dark Olive","GroupGuid":"","EcommerceProductGuid":"4F922523-3567-4062-8182-EAC88578765A","EcommerceProductVariationGuid":"","ProductNumber":"87323","ProductId":""},"product_brand":[137],"product_cat":[71,70,73],"product_tag":[],"class_list":{"0":"post-2264","1":"product","2":"type-product","3":"status-publish","4":"has-post-thumbnail","6":"product_brand-fjallraven","7":"product_cat-heren","8":"product_cat-kleding","9":"product_cat-truien-vesten","10":"pa_kleur-bruin","12":"first","13":"instock","14":"sale","15":"taxable","16":"shipping-taxable","17":"purchasable","18":"product-type-variable"},"bundled_by":[],"bundle_stock_status":"instock","bundle_stock_quantity":null,"bundle_virtual":false,"bundle_layout":"","bundle_add_to_cart_form_location":"","bundle_editable_in_cart":false,"bundle_sold_individually_context":"","bundle_item_grouping":"","bundle_min_size":"","bundle_max_size":"","bundle_price":[],"bundled_items":[],"bundle_sell_ids":[],"acf":[],"rank_math_title":"Fj\u00e4llr\u00e4ven \u00d6vik Round-neck Sweater M Dark Olive","rank_math_description":null,"rank_math_focus_keyword":"87323, Fj\u00e4llr\u00e4ven, \u00d6vik, Round-neck, Sweater, M, Dark, Olive, Fj\u00e4llr\u00e4ven \u00d6vik Round-neck Sweater M Dark Olive","GroupGuid":null,"EcommerceProductGuid":"4F922523-3567-4062-8182-EAC88578765A","EcommerceProductVariationGuid":null,"ProductNumber":"87323","ProductId":null,"IgnoreVenditGroupURL":null,"IgnoreVenditGroupSEO":null,"_links":{"self":[{"href":"https:\/\/barrelandboar.nl\/en\/wp-json\/wp\/v2\/product\/2264","targetHints":{"allow":["GET"]}}],"collection":[{"href":"https:\/\/barrelandboar.nl\/en\/wp-json\/wp\/v2\/product"}],"about":[{"href":"https:\/\/barrelandboar.nl\/en\/wp-json\/wp\/v2\/types\/product"}],"replies":[{"embeddable":true,"href":"https:\/\/barrelandboar.nl\/en\/wp-json\/wp\/v2\/comments?post=2264"}],"wp:featuredmedia":[{"embeddable":true,"href":"https:\/\/barrelandboar.nl\/en\/wp-json\/wp\/v2\/media\/12896"}],"wp:attachment":[{"href":"https:\/\/barrelandboar.nl\/en\/wp-json\/wp\/v2\/media?parent=2264"}],"wp:term":[{"taxonomy":"product_brand","embeddable":true,"href":"https:\/\/barrelandboar.nl\/en\/wp-json\/wp\/v2\/product_brand?post=2264"},{"taxonomy":"product_cat","embeddable":true,"href":"https:\/\/barrelandboar.nl\/en\/wp-json\/wp\/v2\/product_cat?post=2264"},{"taxonomy":"product_tag","embeddable":true,"href":"https:\/\/barrelandboar.nl\/en\/wp-json\/wp\/v2\/product_tag?post=2264"}],"curies":[{"name":"wp","href":"https:\/\/api.w.org\/{rel}","templated":true}]}}