{"id":2273,"date":"2025-04-03T14:32:30","date_gmt":"2025-04-03T12:32:30","guid":{"rendered":"https:\/\/barrelandboar.nl\/product\/fjallraven-logo-sweater-m-black\/"},"modified":"2026-03-22T04:20:23","modified_gmt":"2026-03-22T03:20:23","slug":"fjallraven-logo-sweater-m-black","status":"publish","type":"product","link":"https:\/\/barrelandboar.nl\/en\/fjallraven-logo-sweater-m-black\/","title":{"rendered":"Fj\u00e4llr\u00e4ven Logo Sweater M Black"},"content":{"rendered":"<p style=\"margin-top:0pt;margin-bottom:5pt\"><span style=\"font-size:10.5pt;color:#000000;background-color:#FFFFFF\">The\u00a0<\/span><span style=\"font-size:10.5pt;color:#000000;background-color:#FFFFFF;font-weight:bold\">Fj\u00e4llr\u00e4ven Logo Sweater<\/span><span style=\"font-size:10.5pt;color:#000000;background-color:#FFFFFF\">\u00a0is a classic long-sleeved sweatshirt in lovely robust Felpa jersey made of organic cotton with a brushed inside. Round ribbed neckline and ribbed cuffs and hem. Printed with Fj\u00e4llr\u00e4ven's logo on the front. A timeless basic piece for everyday wear and outdoor activities.<\/span><\/p>\n<p style=\"margin-top:0pt;margin-bottom:0pt\"><span style=\"font-size:10.5pt;color:#000000;background-color:#FFFFFF;font-weight:bold\">Material<\/span><span style=\"font-size:10.5pt;color:#000000;background-color:#FFFFFF\">: 100% cotton (organic)<\/span><\/p>","protected":false},"excerpt":{"rendered":"<p style=\"margin-top:0pt;margin-bottom:0pt\"><span style=\"font-size:10.5pt;color:#000000;background-color:#FFFFFF\">The\u00a0<\/span><span style=\"font-size:10.5pt;color:#000000;background-color:#FFFFFF;font-weight:bold\">Fj\u00e4llr\u00e4ven Logo Sweater<\/span><span style=\"font-size:10.5pt;color:#000000;background-color:#FFFFFF\">\u00a0is a classic long-sleeved sweatshirt in lovely robust Felpa jersey made of organic cotton with a brushed inside.<\/span><\/p>","protected":false},"featured_media":2269,"comment_status":"open","ping_status":"closed","template":"","meta":{"_acf_changed":false,"rank_math_title":"Fj\u00e4llr\u00e4ven Logo Sweater M Black","rank_math_description":"","rank_math_focus_keyword":"84142, Fj\u00e4llr\u00e4ven, Logo, Sweater, M, Black, Fj\u00e4llr\u00e4ven Logo Sweater M Black","GroupGuid":"","EcommerceProductGuid":"118BF3FA-4BF8-4E9F-B41E-FADB6E7C8975","EcommerceProductVariationGuid":"","ProductNumber":"84142","ProductId":""},"product_brand":[137],"product_cat":[71,70,73],"product_tag":[],"class_list":{"0":"post-2273","1":"product","2":"type-product","3":"status-publish","4":"has-post-thumbnail","6":"product_brand-fjallraven","7":"product_cat-heren","8":"product_cat-kleding","9":"product_cat-truien-vesten","10":"pa_kleur-grijs","11":"pa_kleur-zwart","13":"first","14":"instock","15":"taxable","16":"shipping-taxable","17":"purchasable","18":"product-type-variable"},"bundled_by":[],"bundle_stock_status":"instock","bundle_stock_quantity":null,"bundle_virtual":false,"bundle_layout":"","bundle_add_to_cart_form_location":"","bundle_editable_in_cart":false,"bundle_sold_individually_context":"","bundle_item_grouping":"","bundle_min_size":"","bundle_max_size":"","bundle_price":[],"bundled_items":[],"bundle_sell_ids":[],"acf":[],"rank_math_title":"Fj\u00e4llr\u00e4ven Logo Sweater M Black","rank_math_description":null,"rank_math_focus_keyword":"84142, Fj\u00e4llr\u00e4ven, Logo, Sweater, M, Black, Fj\u00e4llr\u00e4ven Logo Sweater M Black","GroupGuid":null,"EcommerceProductGuid":"118BF3FA-4BF8-4E9F-B41E-FADB6E7C8975","EcommerceProductVariationGuid":null,"ProductNumber":"84142","ProductId":null,"IgnoreVenditGroupURL":null,"IgnoreVenditGroupSEO":null,"_links":{"self":[{"href":"https:\/\/barrelandboar.nl\/en\/wp-json\/wp\/v2\/product\/2273","targetHints":{"allow":["GET"]}}],"collection":[{"href":"https:\/\/barrelandboar.nl\/en\/wp-json\/wp\/v2\/product"}],"about":[{"href":"https:\/\/barrelandboar.nl\/en\/wp-json\/wp\/v2\/types\/product"}],"replies":[{"embeddable":true,"href":"https:\/\/barrelandboar.nl\/en\/wp-json\/wp\/v2\/comments?post=2273"}],"wp:featuredmedia":[{"embeddable":true,"href":"https:\/\/barrelandboar.nl\/en\/wp-json\/wp\/v2\/media\/2269"}],"wp:attachment":[{"href":"https:\/\/barrelandboar.nl\/en\/wp-json\/wp\/v2\/media?parent=2273"}],"wp:term":[{"taxonomy":"product_brand","embeddable":true,"href":"https:\/\/barrelandboar.nl\/en\/wp-json\/wp\/v2\/product_brand?post=2273"},{"taxonomy":"product_cat","embeddable":true,"href":"https:\/\/barrelandboar.nl\/en\/wp-json\/wp\/v2\/product_cat?post=2273"},{"taxonomy":"product_tag","embeddable":true,"href":"https:\/\/barrelandboar.nl\/en\/wp-json\/wp\/v2\/product_tag?post=2273"}],"curies":[{"name":"wp","href":"https:\/\/api.w.org\/{rel}","templated":true}]}}