{"id":2282,"date":"2025-04-03T15:01:41","date_gmt":"2025-04-03T13:01:41","guid":{"rendered":"https:\/\/barrelandboar.nl\/product\/fjallraven-ovik-travel-shirt-ss-m-dark-navy-patin-green\/"},"modified":"2026-03-22T04:39:07","modified_gmt":"2026-03-22T03:39:07","slug":"fjallraven-ovik-travel-shirt-ss-m-dark-navy-patin-green","status":"publish","type":"product","link":"https:\/\/barrelandboar.nl\/en\/fjallraven-ovik-travel-shirt-ss-m-dark-navy-patin-green\/","title":{"rendered":"Fj\u00e4llr\u00e4ven \u00d6vik Travel Shirt SS M Dark Navy Patin Green"},"content":{"rendered":"<p style=\"margin-top:0pt;margin-bottom:5pt\"><span style=\"font-size:10.5pt;color:#000000;background-color:#FFFFFF\">Travel in style in this\u00a0<\/span><span style=\"font-size:10.5pt;color:#000000;background-color:#FFFFFF;font-weight:bold\">Fj\u00e4llr\u00e4ven \u00d6vik Travel Shirt<\/span><span style=\"font-size:10.5pt;color:#000000;background-color:#FFFFFF\">\u00a0with short sleeves, made from a cool hemp blend. The comfortable fit and irregular structure of the material allow air to circulate optimally to keep you wonderfully cool.<\/span><\/p>\n<p style=\"margin-top:0pt;margin-bottom:5pt\"><span style=\"font-size:10.5pt;color:#000000;background-color:#FFFFFF\">On top of that, hemp is naturally resistant to micro-organisms, a plus in tropical climates. A cool, breezy travel favourite that will help you stay cool even on scorching hot days.<\/span><\/p>\n<p style=\"margin-top:0pt;margin-bottom:5pt\"><span style=\"font-size:10.5pt;color:#000000;background-color:#FFFFFF;font-weight:bold\">Specifications:<\/span><\/p>\n<ul style=\"margin:0pt;padding:0pt;list-style-type:disc\">\n<li style=\"font-size:12pt\">\n<p style=\"margin-left:0pt;margin-top:0pt;margin-bottom:0pt\"><span style=\"color:#000000;background-color:#FFFFFF\">Cool and easy-care material made of hemp and recycled polyester<\/span><\/p>\n<\/li>\n<li style=\"font-size:12pt\">\n<p style=\"margin-left:0pt;margin-top:0pt;margin-bottom:0pt\"><span style=\"color:#000000;background-color:#FFFFFF\">The irregular structure of the material allows for better air circulation<\/span><\/p>\n<\/li>\n<li style=\"font-size:12pt\">\n<p style=\"margin-left:0pt;margin-top:0pt;margin-bottom:0pt\"><span style=\"color:#000000;background-color:#FFFFFF\">Chest pocket with a small leather logo<\/span><\/p>\n<\/li>\n<li style=\"font-size:12pt\">\n<p style=\"margin-left:0pt;margin-top:0pt;margin-bottom:0pt\"><span style=\"color:#000000;background-color:#FFFFFF\">Comfortable fit<\/span><\/p>\n<\/li>\n<li style=\"font-size:12pt\">\n<p style=\"margin-left:0pt;margin-top:0pt;margin-bottom:0pt\"><span style=\"color:#000000;background-color:#FFFFFF\">Material:55% hemp, 45% polyester<\/span><\/p>\n<\/li>\n<\/ul>","protected":false},"excerpt":{"rendered":"<p style=\"margin-top:0pt;margin-bottom:0pt\"><span style=\"font-size:10.5pt;color:#000000;background-color:#FFFFFF\">Travel in style in this\u00a0<\/span><span style=\"font-size:10.5pt;color:#000000;background-color:#FFFFFF;font-weight:bold\">Fj\u00e4llr\u00e4ven \u00d6vik Travel Shirt<\/span><span style=\"font-size:10.5pt;color:#000000;background-color:#FFFFFF\">\u00a0with short sleeves, made from a cool hemp blend. The comfortable fit and irregular structure of the material allow air to circulate optimally to keep you wonderfully cool.<\/span><\/p>","protected":false},"featured_media":2280,"comment_status":"open","ping_status":"closed","template":"","meta":{"_acf_changed":false,"rank_math_title":"Fj\u00e4llr\u00e4ven \u00d6vik Travel Shirt SS M Dark Navy Patin Green","rank_math_description":"","rank_math_focus_keyword":"87039-555-614, Fj\u00e4llr\u00e4ven, \u00d6vik, Travel, Shirt, SS, M, Dark, Navy, Patin, Green, Fj\u00e4llr\u00e4ven \u00d6vik Travel Shirt SS M Dark Navy Patin Green","GroupGuid":"","EcommerceProductGuid":"F8ADADC8-459A-4AE6-B04E-424B4B4DEB80","EcommerceProductVariationGuid":"","ProductNumber":"87039-555-614","ProductId":""},"product_brand":[137],"product_cat":[79,71,70,78],"product_tag":[],"class_list":{"0":"post-2282","1":"product","2":"type-product","3":"status-publish","4":"has-post-thumbnail","6":"product_brand-fjallraven","7":"product_cat-t-shirts","8":"product_cat-heren","9":"product_cat-kleding","10":"product_cat-overhemden","11":"pa_kleur-groen","13":"first","14":"instock","15":"sale","16":"taxable","17":"shipping-taxable","18":"purchasable","19":"product-type-variable"},"bundled_by":[],"bundle_stock_status":"instock","bundle_stock_quantity":null,"bundle_virtual":false,"bundle_layout":"","bundle_add_to_cart_form_location":"","bundle_editable_in_cart":false,"bundle_sold_individually_context":"","bundle_item_grouping":"","bundle_min_size":"","bundle_max_size":"","bundle_price":[],"bundled_items":[],"bundle_sell_ids":[],"acf":[],"rank_math_title":"Fj\u00e4llr\u00e4ven \u00d6vik Travel Shirt SS M Dark Navy Patin Green","rank_math_description":null,"rank_math_focus_keyword":"87039-555-614, Fj\u00e4llr\u00e4ven, \u00d6vik, Travel, Shirt, SS, M, Dark, Navy, Patin, Green, Fj\u00e4llr\u00e4ven \u00d6vik Travel Shirt SS M Dark Navy Patin Green","GroupGuid":null,"EcommerceProductGuid":"F8ADADC8-459A-4AE6-B04E-424B4B4DEB80","EcommerceProductVariationGuid":null,"ProductNumber":"87039-555-614","ProductId":null,"IgnoreVenditGroupURL":null,"IgnoreVenditGroupSEO":null,"_links":{"self":[{"href":"https:\/\/barrelandboar.nl\/en\/wp-json\/wp\/v2\/product\/2282","targetHints":{"allow":["GET"]}}],"collection":[{"href":"https:\/\/barrelandboar.nl\/en\/wp-json\/wp\/v2\/product"}],"about":[{"href":"https:\/\/barrelandboar.nl\/en\/wp-json\/wp\/v2\/types\/product"}],"replies":[{"embeddable":true,"href":"https:\/\/barrelandboar.nl\/en\/wp-json\/wp\/v2\/comments?post=2282"}],"wp:featuredmedia":[{"embeddable":true,"href":"https:\/\/barrelandboar.nl\/en\/wp-json\/wp\/v2\/media\/2280"}],"wp:attachment":[{"href":"https:\/\/barrelandboar.nl\/en\/wp-json\/wp\/v2\/media?parent=2282"}],"wp:term":[{"taxonomy":"product_brand","embeddable":true,"href":"https:\/\/barrelandboar.nl\/en\/wp-json\/wp\/v2\/product_brand?post=2282"},{"taxonomy":"product_cat","embeddable":true,"href":"https:\/\/barrelandboar.nl\/en\/wp-json\/wp\/v2\/product_cat?post=2282"},{"taxonomy":"product_tag","embeddable":true,"href":"https:\/\/barrelandboar.nl\/en\/wp-json\/wp\/v2\/product_tag?post=2282"}],"curies":[{"name":"wp","href":"https:\/\/api.w.org\/{rel}","templated":true}]}}