{"id":2294,"date":"2025-04-03T15:02:05","date_gmt":"2025-04-03T13:02:05","guid":{"rendered":"https:\/\/barrelandboar.nl\/product\/fjallraven-high-coast-lite-cap-black\/"},"modified":"2026-03-22T04:35:46","modified_gmt":"2026-03-22T03:35:46","slug":"fjallraven-high-coast-lite-cap-black","status":"publish","type":"product","link":"https:\/\/barrelandboar.nl\/en\/fjallraven-high-coast-lite-cap-black\/","title":{"rendered":"Fj\u00e4llr\u00e4ven High Coast Lite Cap Black"},"content":{"rendered":"<p style=\"margin-top:0pt;margin-bottom:0pt\"><span style=\"font-size:10.5pt;color:#000000;background-color:#FFFFFF\">The\u00a0<\/span><span style=\"font-size:10.5pt;color:#000000;background-color:#FFFFFF;font-weight:bold\">Fj\u00e4llr\u00e4ven High Coast Lite Cap<\/span><span style=\"font-size:10.5pt;color:#000000;background-color:#FFFFFF\">\u00a0is a lightweight and handy cap made of breathable G-1000 Lite. With a soft sweatband on the inside that wicks away moisture and the elastic at the back ensures a snug fit. The cap has a small reflective Fj\u00e4llr\u00e4ven logo on the front. This cap is perfect for sun protection in summer or when travelling.<\/span> <\/p>","protected":false},"excerpt":{"rendered":"<p style=\"margin-top:0pt;margin-bottom:0pt\"><span style=\"font-size:10.5pt;color:#000000;background-color:#FFFFFF\">The\u00a0<\/span><span style=\"font-size:10.5pt;color:#000000;background-color:#FFFFFF;font-weight:bold\">Fj\u00e4llr\u00e4ven High Coast Lite Cap<\/span><span style=\"font-size:10.5pt;color:#000000;background-color:#FFFFFF\">\u00a0is a lightweight and handy cap made of breathable G-1000 Lite.<\/span><\/p>","protected":false},"featured_media":2292,"comment_status":"open","ping_status":"closed","template":"","meta":{"_acf_changed":false,"rank_math_title":"Fj\u00e4llr\u00e4ven High Coast Lite Cap Black","rank_math_description":"","rank_math_focus_keyword":"78150-550, Fj\u00e4llr\u00e4ven, High, Coast, Lite, Cap, Black, Fj\u00e4llr\u00e4ven High Coast Lite Cap Black","GroupGuid":"","EcommerceProductGuid":"CFE77FE2-B79E-418F-98BB-65461E77E0C5","EcommerceProductVariationGuid":"","ProductNumber":"78150-550","ProductId":""},"product_brand":[137],"product_cat":[94,70,357],"product_tag":[],"class_list":{"0":"post-2294","1":"product","2":"type-product","3":"status-publish","4":"has-post-thumbnail","6":"product_brand-fjallraven","7":"product_cat-accessoires-kleding","8":"product_cat-kleding","9":"product_cat-petten","10":"pa_kleur-zwart","12":"first","13":"instock","14":"taxable","15":"shipping-taxable","16":"purchasable","17":"product-type-variable"},"bundled_by":[],"bundle_stock_status":"instock","bundle_stock_quantity":null,"bundle_virtual":false,"bundle_layout":"","bundle_add_to_cart_form_location":"","bundle_editable_in_cart":false,"bundle_sold_individually_context":"","bundle_item_grouping":"","bundle_min_size":"","bundle_max_size":"","bundle_price":[],"bundled_items":[],"bundle_sell_ids":[],"acf":[],"rank_math_title":"Fj\u00e4llr\u00e4ven High Coast Lite Cap Black","rank_math_description":null,"rank_math_focus_keyword":"78150-550, Fj\u00e4llr\u00e4ven, High, Coast, Lite, Cap, Black, Fj\u00e4llr\u00e4ven High Coast Lite Cap Black","GroupGuid":null,"EcommerceProductGuid":"CFE77FE2-B79E-418F-98BB-65461E77E0C5","EcommerceProductVariationGuid":null,"ProductNumber":"78150-550","ProductId":null,"IgnoreVenditGroupURL":null,"IgnoreVenditGroupSEO":null,"_links":{"self":[{"href":"https:\/\/barrelandboar.nl\/en\/wp-json\/wp\/v2\/product\/2294","targetHints":{"allow":["GET"]}}],"collection":[{"href":"https:\/\/barrelandboar.nl\/en\/wp-json\/wp\/v2\/product"}],"about":[{"href":"https:\/\/barrelandboar.nl\/en\/wp-json\/wp\/v2\/types\/product"}],"replies":[{"embeddable":true,"href":"https:\/\/barrelandboar.nl\/en\/wp-json\/wp\/v2\/comments?post=2294"}],"wp:featuredmedia":[{"embeddable":true,"href":"https:\/\/barrelandboar.nl\/en\/wp-json\/wp\/v2\/media\/2292"}],"wp:attachment":[{"href":"https:\/\/barrelandboar.nl\/en\/wp-json\/wp\/v2\/media?parent=2294"}],"wp:term":[{"taxonomy":"product_brand","embeddable":true,"href":"https:\/\/barrelandboar.nl\/en\/wp-json\/wp\/v2\/product_brand?post=2294"},{"taxonomy":"product_cat","embeddable":true,"href":"https:\/\/barrelandboar.nl\/en\/wp-json\/wp\/v2\/product_cat?post=2294"},{"taxonomy":"product_tag","embeddable":true,"href":"https:\/\/barrelandboar.nl\/en\/wp-json\/wp\/v2\/product_tag?post=2294"}],"curies":[{"name":"wp","href":"https:\/\/api.w.org\/{rel}","templated":true}]}}