{"id":23080,"date":"2026-03-03T17:15:33","date_gmt":"2026-03-03T16:15:33","guid":{"rendered":"https:\/\/barrelandboar.nl\/product\/anschutz-magazine-5-rounds-22lr\/"},"modified":"2026-03-22T04:21:32","modified_gmt":"2026-03-22T03:21:32","slug":"anschutz-magazine-5-rounds-22lr","status":"publish","type":"product","link":"https:\/\/barrelandboar.nl\/en\/wapen\/accessoires-wapen\/wapenmagazijnen\/anschutz-magazine-5-rounds-22lr\/","title":{"rendered":"Ansch\u00fctz Magazine 5 rounds .22LR"},"content":{"rendered":"","protected":false},"excerpt":{"rendered":"<p style=\"margin-top:0pt;margin-bottom:0pt\">5 shots<\/p>","protected":false},"featured_media":23091,"comment_status":"open","ping_status":"closed","template":"","meta":{"_acf_changed":false,"rank_math_title":"Ansch\u00fctz Magazine 5 rounds .22LR","rank_math_description":"","rank_math_focus_keyword":"210000007621, Ansch\u00fctz, Magazine, 5, rounds, .22LR, Ansch\u00fctz Magazine 5 rounds .22LR","GroupGuid":"","EcommerceProductGuid":"26040206-1AE5-4DA5-879F-95DFAE682396","EcommerceProductVariationGuid":"","ProductNumber":"210000007621","ProductId":"16019-0"},"product_brand":[1120],"product_cat":[1305,527],"product_tag":[],"class_list":{"0":"post-23080","1":"product","2":"type-product","3":"status-publish","4":"has-post-thumbnail","6":"product_brand-anschutz","7":"product_cat-wapenmagazijnen","8":"product_cat-accessoires-wapen","10":"first","11":"instock","12":"taxable","13":"shipping-taxable","14":"purchasable","15":"product-type-simple"},"bundled_by":[],"bundle_stock_status":"instock","bundle_stock_quantity":1,"bundle_virtual":false,"bundle_layout":"","bundle_add_to_cart_form_location":"","bundle_editable_in_cart":false,"bundle_sold_individually_context":"","bundle_item_grouping":"","bundle_min_size":"","bundle_max_size":"","bundle_price":[],"bundled_items":[],"bundle_sell_ids":[],"acf":[],"rank_math_title":"Ansch\u00fctz Magazine 5 rounds .22LR","rank_math_description":null,"rank_math_focus_keyword":"210000007621, Ansch\u00fctz, Magazine, 5, rounds, .22LR, Ansch\u00fctz Magazine 5 rounds .22LR","GroupGuid":null,"EcommerceProductGuid":"26040206-1AE5-4DA5-879F-95DFAE682396","EcommerceProductVariationGuid":null,"ProductNumber":"210000007621","ProductId":"16019-0","IgnoreVenditGroupURL":null,"IgnoreVenditGroupSEO":null,"_links":{"self":[{"href":"https:\/\/barrelandboar.nl\/en\/wp-json\/wp\/v2\/product\/23080","targetHints":{"allow":["GET"]}}],"collection":[{"href":"https:\/\/barrelandboar.nl\/en\/wp-json\/wp\/v2\/product"}],"about":[{"href":"https:\/\/barrelandboar.nl\/en\/wp-json\/wp\/v2\/types\/product"}],"replies":[{"embeddable":true,"href":"https:\/\/barrelandboar.nl\/en\/wp-json\/wp\/v2\/comments?post=23080"}],"wp:featuredmedia":[{"embeddable":true,"href":"https:\/\/barrelandboar.nl\/en\/wp-json\/wp\/v2\/media\/23091"}],"wp:attachment":[{"href":"https:\/\/barrelandboar.nl\/en\/wp-json\/wp\/v2\/media?parent=23080"}],"wp:term":[{"taxonomy":"product_brand","embeddable":true,"href":"https:\/\/barrelandboar.nl\/en\/wp-json\/wp\/v2\/product_brand?post=23080"},{"taxonomy":"product_cat","embeddable":true,"href":"https:\/\/barrelandboar.nl\/en\/wp-json\/wp\/v2\/product_cat?post=23080"},{"taxonomy":"product_tag","embeddable":true,"href":"https:\/\/barrelandboar.nl\/en\/wp-json\/wp\/v2\/product_tag?post=23080"}],"curies":[{"name":"wp","href":"https:\/\/api.w.org\/{rel}","templated":true}]}}