{"id":2334,"date":"2025-04-03T15:33:46","date_gmt":"2025-04-03T13:33:46","guid":{"rendered":"https:\/\/barrelandboar.nl\/product\/fjallraven-keb-trekking-shirt-ls-m-laurel-green\/"},"modified":"2026-03-22T04:34:29","modified_gmt":"2026-03-22T03:34:29","slug":"fjallraven-keb-trekking-shirt-ls-m-laurel-green","status":"publish","type":"product","link":"https:\/\/barrelandboar.nl\/en\/fjallraven-keb-trekking-shirt-ls-m-laurel-green\/","title":{"rendered":"Fj\u00e4llr\u00e4ven Keb Trekking Shirt LS M Laurel Green"},"content":{"rendered":"<p style=\"margin-top:0pt;margin-bottom:0pt\"><span style=\"font-size:10.5pt;color:#000000;background-color:#FFFFFF\">Men's long-sleeved trekking shirt made of 100% recycled polyester with mechanical strech for extra comfort and G-1000 Air Stretch reinforcements on the elbows, collar and back pass for extra durability. <\/span><\/p>\n<p style=\"margin-top:0pt;margin-bottom:0pt\"><span style=\"font-size:10.5pt;color:#000000;background-color:#FFFFFF\">\u00a0<\/span><\/p>\n<p style=\"margin-top:0pt;margin-bottom:0pt\"><span style=\"font-size:10.5pt;color:#000000;background-color:#FFFFFF\">This is a light, comfortable and stretchy, yet robust and durable shirt. The shirt has many functional datails, such as the collar that can be raised and fixed, extra sun collar, inserts at the cuffs with buttons, lightweight and durable plastic snaps and a zipped chest pocket.<\/span><\/p>\n<p style=\"margin-top:0pt;margin-bottom:0pt\"><span style=\"font-size:10.5pt;color:#000000;background-color:#FFFFFF\">\u00a0<\/span><\/p>\n<p style=\"margin-top:0pt;margin-bottom:0pt\">","protected":false},"excerpt":{"rendered":"<p style=\"margin-top:0pt;margin-bottom:0pt\"><span style=\"font-size:10.5pt;color:#000000;background-color:#FFFFFF\">Men's long-sleeved trekking shirt made of 100% recycled polyester with mechanical stretch for extra comfort.<\/span><\/p>","protected":false},"featured_media":8673,"comment_status":"open","ping_status":"closed","template":"","meta":{"_acf_changed":false,"rank_math_title":"Fj\u00e4llr\u00e4ven Keb Trekking Shirt LS M Laurel Green","rank_math_description":"","rank_math_focus_keyword":"12600269, Fj\u00e4llr\u00e4ven, Keb, Trekking, Shirt, LS, M, Laurel, Green, Fj\u00e4llr\u00e4ven Keb Trekking Shirt LS M Laurel Green","GroupGuid":"","EcommerceProductGuid":"BF246CF8-D835-4314-88D0-3B041A41CAE4","EcommerceProductVariationGuid":"","ProductNumber":"12600269","ProductId":""},"product_brand":[137],"product_cat":[78,71,70],"product_tag":[],"class_list":{"0":"post-2334","1":"product","2":"type-product","3":"status-publish","4":"has-post-thumbnail","6":"product_brand-fjallraven","7":"product_cat-overhemden","8":"product_cat-heren","9":"product_cat-kleding","10":"pa_kleur-groen","12":"first","13":"instock","14":"taxable","15":"shipping-taxable","16":"purchasable","17":"product-type-variable"},"bundled_by":[],"bundle_stock_status":"instock","bundle_stock_quantity":null,"bundle_virtual":false,"bundle_layout":"","bundle_add_to_cart_form_location":"","bundle_editable_in_cart":false,"bundle_sold_individually_context":"","bundle_item_grouping":"","bundle_min_size":"","bundle_max_size":"","bundle_price":[],"bundled_items":[],"bundle_sell_ids":[],"acf":[],"rank_math_title":"Fj\u00e4llr\u00e4ven Keb Trekking Shirt LS M Laurel Green","rank_math_description":null,"rank_math_focus_keyword":"12600269, Fj\u00e4llr\u00e4ven, Keb, Trekking, Shirt, LS, M, Laurel, Green, Fj\u00e4llr\u00e4ven Keb Trekking Shirt LS M Laurel Green","GroupGuid":null,"EcommerceProductGuid":"BF246CF8-D835-4314-88D0-3B041A41CAE4","EcommerceProductVariationGuid":null,"ProductNumber":"12600269","ProductId":null,"IgnoreVenditGroupURL":null,"IgnoreVenditGroupSEO":null,"_links":{"self":[{"href":"https:\/\/barrelandboar.nl\/en\/wp-json\/wp\/v2\/product\/2334","targetHints":{"allow":["GET"]}}],"collection":[{"href":"https:\/\/barrelandboar.nl\/en\/wp-json\/wp\/v2\/product"}],"about":[{"href":"https:\/\/barrelandboar.nl\/en\/wp-json\/wp\/v2\/types\/product"}],"replies":[{"embeddable":true,"href":"https:\/\/barrelandboar.nl\/en\/wp-json\/wp\/v2\/comments?post=2334"}],"wp:featuredmedia":[{"embeddable":true,"href":"https:\/\/barrelandboar.nl\/en\/wp-json\/wp\/v2\/media\/8673"}],"wp:attachment":[{"href":"https:\/\/barrelandboar.nl\/en\/wp-json\/wp\/v2\/media?parent=2334"}],"wp:term":[{"taxonomy":"product_brand","embeddable":true,"href":"https:\/\/barrelandboar.nl\/en\/wp-json\/wp\/v2\/product_brand?post=2334"},{"taxonomy":"product_cat","embeddable":true,"href":"https:\/\/barrelandboar.nl\/en\/wp-json\/wp\/v2\/product_cat?post=2334"},{"taxonomy":"product_tag","embeddable":true,"href":"https:\/\/barrelandboar.nl\/en\/wp-json\/wp\/v2\/product_tag?post=2334"}],"curies":[{"name":"wp","href":"https:\/\/api.w.org\/{rel}","templated":true}]}}