{"id":23555,"date":"2026-03-19T13:57:13","date_gmt":"2026-03-19T12:57:13","guid":{"rendered":"https:\/\/barrelandboar.nl\/product\/boker-plus-nebula\/"},"modified":"2026-03-22T04:53:34","modified_gmt":"2026-03-22T03:53:34","slug":"boker-plus-nebula","status":"publish","type":"product","link":"https:\/\/barrelandboar.nl\/en\/diversen\/boker-plus-nebula\/","title":{"rendered":"B\u00f6ker Plus Nebula"},"content":{"rendered":"<p style=\"margin-top:0pt;margin-bottom:0pt\"><span style=\"font-family:'Calibri';font-size:11pt\">Overall length: 21.0 cm<\/span><\/p>\n<p style=\"margin-top:0pt;margin-bottom:0pt\"><span style=\"font-family:'Calibri';font-size:11pt\">Blade length: 9.2 cm<\/span><\/p>\n<p style=\"margin-top:0pt;margin-bottom:0pt\"><span style=\"font-family:'Calibri';font-size:11pt\">Weight: 144 g<\/span><\/p>\n<p style=\"margin-top:0pt;margin-bottom:0pt\"><span style=\"font-family:'Calibri';font-size:11pt\">Blade thickness: 3.7 mm<\/span><\/p>\n<p style=\"margin-top:0pt;margin-bottom:0pt\"><span style=\"font-family:'Calibri';font-size:11pt\">Leaf material: D2<\/span><\/p>\n<p style=\"margin-top:0pt;margin-bottom:0pt\"><span style=\"font-family:'Calibri';font-size:11pt\">Handle material: Carbon fibre<\/span><\/p>\n<p style=\"margin-top:0pt;margin-bottom:0pt\"><span style=\"font-family:'Calibri';font-size:11pt\">Locking mechanism: Liner lock<\/span><\/p>","protected":false},"excerpt":{"rendered":"<p>Overall length: 21.0 cm Blade length: 9.2 cm Weight: 144 g Blade thickness: 3.7 mm Blade material: D2 Handle material: Carbon fibre Locking mechanism: Liner lock<\/p>","protected":false},"featured_media":23627,"comment_status":"open","ping_status":"closed","template":"","meta":{"_acf_changed":false,"rank_math_title":"B\u00f6ker Plus Nebula","rank_math_description":"","rank_math_focus_keyword":"01BO319, B\u00f6ker, Plus, Nebula, B\u00f6ker Plus Nebula","GroupGuid":"","EcommerceProductGuid":"66FB6C2F-6FFD-48FE-B6BB-241A7EEE10E0","EcommerceProductVariationGuid":"","ProductNumber":"01BO319","ProductId":"16124-0"},"product_brand":[794],"product_cat":[757,869,870],"product_tag":[],"class_list":{"0":"post-23555","1":"product","2":"type-product","3":"status-publish","4":"has-post-thumbnail","6":"product_brand-boker","7":"product_cat-diversen","8":"product_cat-messen-diversen","9":"product_cat-vouwmes-messen-diversen","11":"first","12":"instock","13":"taxable","14":"shipping-taxable","15":"purchasable","16":"product-type-simple"},"bundled_by":[],"bundle_stock_status":"instock","bundle_stock_quantity":1,"bundle_virtual":false,"bundle_layout":"","bundle_add_to_cart_form_location":"","bundle_editable_in_cart":false,"bundle_sold_individually_context":"","bundle_item_grouping":"","bundle_min_size":"","bundle_max_size":"","bundle_price":[],"bundled_items":[],"bundle_sell_ids":[],"acf":[],"rank_math_title":"B\u00f6ker Plus Nebula","rank_math_description":null,"rank_math_focus_keyword":"01BO319, B\u00f6ker, Plus, Nebula, B\u00f6ker Plus Nebula","GroupGuid":null,"EcommerceProductGuid":"66FB6C2F-6FFD-48FE-B6BB-241A7EEE10E0","EcommerceProductVariationGuid":null,"ProductNumber":"01BO319","ProductId":"16124-0","IgnoreVenditGroupURL":null,"IgnoreVenditGroupSEO":null,"_links":{"self":[{"href":"https:\/\/barrelandboar.nl\/en\/wp-json\/wp\/v2\/product\/23555","targetHints":{"allow":["GET"]}}],"collection":[{"href":"https:\/\/barrelandboar.nl\/en\/wp-json\/wp\/v2\/product"}],"about":[{"href":"https:\/\/barrelandboar.nl\/en\/wp-json\/wp\/v2\/types\/product"}],"replies":[{"embeddable":true,"href":"https:\/\/barrelandboar.nl\/en\/wp-json\/wp\/v2\/comments?post=23555"}],"wp:featuredmedia":[{"embeddable":true,"href":"https:\/\/barrelandboar.nl\/en\/wp-json\/wp\/v2\/media\/23627"}],"wp:attachment":[{"href":"https:\/\/barrelandboar.nl\/en\/wp-json\/wp\/v2\/media?parent=23555"}],"wp:term":[{"taxonomy":"product_brand","embeddable":true,"href":"https:\/\/barrelandboar.nl\/en\/wp-json\/wp\/v2\/product_brand?post=23555"},{"taxonomy":"product_cat","embeddable":true,"href":"https:\/\/barrelandboar.nl\/en\/wp-json\/wp\/v2\/product_cat?post=23555"},{"taxonomy":"product_tag","embeddable":true,"href":"https:\/\/barrelandboar.nl\/en\/wp-json\/wp\/v2\/product_tag?post=23555"}],"curies":[{"name":"wp","href":"https:\/\/api.w.org\/{rel}","templated":true}]}}