{"id":23556,"date":"2026-03-19T13:57:13","date_gmt":"2026-03-19T12:57:13","guid":{"rendered":"https:\/\/barrelandboar.nl\/product\/boker-plus-hermod-folder\/"},"modified":"2026-04-15T17:12:29","modified_gmt":"2026-04-15T15:12:29","slug":"boker-plus-hermod-folder","status":"publish","type":"product","link":"https:\/\/barrelandboar.nl\/en\/diversen\/boker-plus-hermod-folder\/","title":{"rendered":"B\u00f6ker Plus Hermod Folder"},"content":{"rendered":"<p style=\"margin-top:0pt;margin-bottom:0pt\"><span style=\"font-family:'Calibri';font-size:11pt\">Overall length: 22.2 cm<\/span><\/p>\n<p style=\"margin-top:0pt;margin-bottom:0pt\"><span style=\"font-family:'Calibri';font-size:11pt\">Blade length: 9.2 cm<\/span><\/p>\n<p style=\"margin-top:0pt;margin-bottom:0pt\"><span style=\"font-family:'Calibri';font-size:11pt\">Weight: 240 g<\/span><\/p>\n<p style=\"margin-top:0pt;margin-bottom:0pt\"><span style=\"font-family:'Calibri';font-size:11pt\">Blade thickness: 4.8 mm<\/span><\/p>\n<p style=\"margin-top:0pt;margin-bottom:0pt\"><span style=\"font-family:'Calibri';font-size:11pt\">Leaf material: D2<\/span><\/p>\n<p style=\"margin-top:0pt;margin-bottom:0pt\"><span style=\"font-family:'Calibri';font-size:11pt\">Handle material: G10<\/span><\/p>\n<p style=\"margin-top:0pt;margin-bottom:0pt\"><span style=\"font-family:'Calibri';font-size:11pt\">Designer: Midgards Messer<\/span><\/p>\n<p style=\"margin-top:0pt;margin-bottom:0pt\"><span style=\"font-family:'Calibri';font-size:11pt\">Locking mechanism: Linerlock<\/span><\/p>","protected":false},"excerpt":{"rendered":"<p>Totale lengte: 22,2 cm Bladlengte: 9,2 cm Gewicht: 240 g Bladdikte: 4,8 mm Bladmateriaal: D2 Handvatmateriaal: G10 Ontwerper: Midgards Messer Vergrendelingsmechanisme: Linerlock<\/p>","protected":false},"featured_media":23588,"comment_status":"open","ping_status":"closed","template":"","meta":{"_acf_changed":false,"rank_math_title":"B\u00f6ker Plus Hermod Folder","rank_math_description":"","rank_math_focus_keyword":"01BO914, B\u00f6ker, Plus, Hermod, Folder, B\u00f6ker Plus Hermod Folder","GroupGuid":"","EcommerceProductGuid":"A2726529-B3CD-437B-AAA8-648C2E2F979A","EcommerceProductVariationGuid":"","ProductNumber":"01BO914","ProductId":"16126-0"},"product_brand":[794],"product_cat":[757,869,870],"product_tag":[],"class_list":{"0":"post-23556","1":"product","2":"type-product","3":"status-publish","4":"has-post-thumbnail","6":"product_brand-boker","7":"product_cat-diversen","8":"product_cat-messen-diversen","9":"product_cat-vouwmes-messen-diversen","11":"first","12":"onbackorder","13":"taxable","14":"shipping-taxable","15":"purchasable","16":"product-type-simple"},"bundled_by":[],"bundle_stock_status":"onbackorder","bundle_stock_quantity":0,"bundle_virtual":false,"bundle_layout":"","bundle_add_to_cart_form_location":"","bundle_editable_in_cart":false,"bundle_sold_individually_context":"","bundle_item_grouping":"","bundle_min_size":"","bundle_max_size":"","bundle_price":[],"bundled_items":[],"bundle_sell_ids":[],"acf":[],"rank_math_title":"B\u00f6ker Plus Hermod Folder","rank_math_description":null,"rank_math_focus_keyword":"01BO914, B\u00f6ker, Plus, Hermod, Folder, B\u00f6ker Plus Hermod Folder","GroupGuid":null,"EcommerceProductGuid":"A2726529-B3CD-437B-AAA8-648C2E2F979A","EcommerceProductVariationGuid":null,"ProductNumber":"01BO914","ProductId":"16126-0","IgnoreVenditGroupURL":null,"IgnoreVenditGroupSEO":null,"_links":{"self":[{"href":"https:\/\/barrelandboar.nl\/en\/wp-json\/wp\/v2\/product\/23556","targetHints":{"allow":["GET"]}}],"collection":[{"href":"https:\/\/barrelandboar.nl\/en\/wp-json\/wp\/v2\/product"}],"about":[{"href":"https:\/\/barrelandboar.nl\/en\/wp-json\/wp\/v2\/types\/product"}],"replies":[{"embeddable":true,"href":"https:\/\/barrelandboar.nl\/en\/wp-json\/wp\/v2\/comments?post=23556"}],"wp:featuredmedia":[{"embeddable":true,"href":"https:\/\/barrelandboar.nl\/en\/wp-json\/wp\/v2\/media\/23588"}],"wp:attachment":[{"href":"https:\/\/barrelandboar.nl\/en\/wp-json\/wp\/v2\/media?parent=23556"}],"wp:term":[{"taxonomy":"product_brand","embeddable":true,"href":"https:\/\/barrelandboar.nl\/en\/wp-json\/wp\/v2\/product_brand?post=23556"},{"taxonomy":"product_cat","embeddable":true,"href":"https:\/\/barrelandboar.nl\/en\/wp-json\/wp\/v2\/product_cat?post=23556"},{"taxonomy":"product_tag","embeddable":true,"href":"https:\/\/barrelandboar.nl\/en\/wp-json\/wp\/v2\/product_tag?post=23556"}],"curies":[{"name":"wp","href":"https:\/\/api.w.org\/{rel}","templated":true}]}}