{"id":23557,"date":"2026-03-19T13:57:14","date_gmt":"2026-03-19T12:57:14","guid":{"rendered":"https:\/\/barrelandboar.nl\/product\/boker-plus-hebdo\/"},"modified":"2026-03-22T04:54:01","modified_gmt":"2026-03-22T03:54:01","slug":"boker-plus-hebdo","status":"publish","type":"product","link":"https:\/\/barrelandboar.nl\/en\/diversen\/boker-plus-hebdo\/","title":{"rendered":"B\u00f6ker Plus Hebdo"},"content":{"rendered":"<p style=\"margin-top:0pt;margin-bottom:0pt\"><span style=\"font-family:'Calibri';font-size:11pt\">Blade length: 7.2 cm<\/span><\/p>\n<p style=\"margin-top:0pt;margin-bottom:0pt\"><span style=\"font-family:'Calibri';font-size:11pt\">Weight: 70 g<\/span><\/p>\n<p style=\"margin-top:0pt;margin-bottom:0pt\"><span style=\"font-family:'Calibri';font-size:11pt\">Blade thickness: 2.3 mm<\/span><\/p>\n<p style=\"margin-top:0pt;margin-bottom:0pt\"><span style=\"font-family:'Calibri';font-size:11pt\">Leaf material: Nitro-V<\/span><\/p>\n<p style=\"margin-top:0pt;margin-bottom:0pt\"><span style=\"font-family:'Calibri';font-size:11pt\">Handle material: G10<\/span><\/p>\n<p style=\"margin-top:0pt;margin-bottom:0pt\"><span style=\"font-family:'Calibri';font-size:11pt\">Designer: Alban Le Henry<\/span><\/p>\n<p style=\"margin-top:0pt;margin-bottom:0pt\"><span style=\"font-family:'Calibri';font-size:11pt\">Locking mechanism: Crossbar Lock<\/span><\/p>","protected":false},"excerpt":{"rendered":"<p>Blade length: 7.2 cm Weight: 70 g Blade thickness: 2.3 mm Blade material: Nitro-V Handle material: G10 Designer: Alban Le Henry Locking mechanism: Crossbar Lock<\/p>","protected":false},"featured_media":23628,"comment_status":"open","ping_status":"closed","template":"","meta":{"_acf_changed":false,"rank_math_title":"B\u00f6ker Plus Hebdo","rank_math_description":"","rank_math_focus_keyword":"01BO899, B\u00f6ker, Plus, Hebdo, B\u00f6ker Plus Hebdo","GroupGuid":"","EcommerceProductGuid":"8697E7BB-DDAC-4760-898D-6F32AFC5F7C2","EcommerceProductVariationGuid":"","ProductNumber":"01BO899","ProductId":"16125-0"},"product_brand":[794],"product_cat":[757,869,870],"product_tag":[],"class_list":{"0":"post-23557","1":"product","2":"type-product","3":"status-publish","4":"has-post-thumbnail","6":"product_brand-boker","7":"product_cat-diversen","8":"product_cat-messen-diversen","9":"product_cat-vouwmes-messen-diversen","11":"first","12":"instock","13":"taxable","14":"shipping-taxable","15":"purchasable","16":"product-type-simple"},"bundled_by":[],"bundle_stock_status":"instock","bundle_stock_quantity":1,"bundle_virtual":false,"bundle_layout":"","bundle_add_to_cart_form_location":"","bundle_editable_in_cart":false,"bundle_sold_individually_context":"","bundle_item_grouping":"","bundle_min_size":"","bundle_max_size":"","bundle_price":[],"bundled_items":[],"bundle_sell_ids":[],"acf":[],"rank_math_title":"B\u00f6ker Plus Hebdo","rank_math_description":null,"rank_math_focus_keyword":"01BO899, B\u00f6ker, Plus, Hebdo, B\u00f6ker Plus Hebdo","GroupGuid":null,"EcommerceProductGuid":"8697E7BB-DDAC-4760-898D-6F32AFC5F7C2","EcommerceProductVariationGuid":null,"ProductNumber":"01BO899","ProductId":"16125-0","IgnoreVenditGroupURL":null,"IgnoreVenditGroupSEO":null,"_links":{"self":[{"href":"https:\/\/barrelandboar.nl\/en\/wp-json\/wp\/v2\/product\/23557","targetHints":{"allow":["GET"]}}],"collection":[{"href":"https:\/\/barrelandboar.nl\/en\/wp-json\/wp\/v2\/product"}],"about":[{"href":"https:\/\/barrelandboar.nl\/en\/wp-json\/wp\/v2\/types\/product"}],"replies":[{"embeddable":true,"href":"https:\/\/barrelandboar.nl\/en\/wp-json\/wp\/v2\/comments?post=23557"}],"wp:featuredmedia":[{"embeddable":true,"href":"https:\/\/barrelandboar.nl\/en\/wp-json\/wp\/v2\/media\/23628"}],"wp:attachment":[{"href":"https:\/\/barrelandboar.nl\/en\/wp-json\/wp\/v2\/media?parent=23557"}],"wp:term":[{"taxonomy":"product_brand","embeddable":true,"href":"https:\/\/barrelandboar.nl\/en\/wp-json\/wp\/v2\/product_brand?post=23557"},{"taxonomy":"product_cat","embeddable":true,"href":"https:\/\/barrelandboar.nl\/en\/wp-json\/wp\/v2\/product_cat?post=23557"},{"taxonomy":"product_tag","embeddable":true,"href":"https:\/\/barrelandboar.nl\/en\/wp-json\/wp\/v2\/product_tag?post=23557"}],"curies":[{"name":"wp","href":"https:\/\/api.w.org\/{rel}","templated":true}]}}