{"id":2374,"date":"2025-04-03T16:04:15","date_gmt":"2025-04-03T14:04:15","guid":{"rendered":"https:\/\/barrelandboar.nl\/product\/fjallraven-abisko-hike-shirt-ls-w-savanna\/"},"modified":"2026-03-22T04:37:51","modified_gmt":"2026-03-22T03:37:51","slug":"fjallraven-abisko-hike-shirt-ls-w-savanna","status":"publish","type":"product","link":"https:\/\/barrelandboar.nl\/en\/fjallraven-abisko-hike-shirt-ls-w-savanna\/","title":{"rendered":"Fj\u00e4llr\u00e4ven Abisko Hike Shirt LS W Savanna"},"content":{"rendered":"<p style=\"margin-top:0pt;margin-bottom:5pt\"><span style=\"font-size:10.5pt;color:#000000;background-color:#FFFFFF;font-weight:bold\">Fj\u00e4llr\u00e4ven Abisko Hike Women's Shirt<\/span><span style=\"font-size:10.5pt;color:#000000;background-color:#FFFFFF\">\u00a0is a lightweight, comfortable long-sleeved shirt for trekking, safari and the outdoors in summer. The shirt is made of a soft, functional fabric that wicks away moisture and feels cool on the skin. A pleasant garment that takes up little space in the backpack, practical if you are short on space.<\/span><\/p>\n<p style=\"margin-top:0pt;margin-bottom:5pt\"><span style=\"font-size:10.5pt;color:#000000;background-color:#FFFFFF\">It has a nicely fitted, feminine cut with figure seams at the back. There are buttons at the front and the shirt has vents on the shoulders to release excess body heat. Buttons can keep rolled-up sleeves in place and the vertical chest pocket has a zip and mesh lining.<\/span><\/p>\n<p style=\"margin-top:0pt;margin-bottom:0pt\"><span style=\"font-size:10.5pt;color:#000000;background-color:#FFFFFF;font-weight:bold\">Specifications:<\/span><\/p>\n<ul style=\"margin:0pt;padding:0pt;list-style-type:disc\">\n<li style=\"font-size:12pt\">\n<p style=\"margin-left:0pt;margin-top:0pt;margin-bottom:0pt\"><span style=\"color:#000000;background-color:#FFFFFF\">Made of 100% polyamide<\/span><\/p>\n<\/li>\n<li style=\"font-size:12pt\">\n<p style=\"margin-left:0pt;margin-top:0pt;margin-bottom:0pt\"><span style=\"color:#000000;background-color:#FFFFFF\">Weighs 130 grams<\/span><\/p>\n<\/li>\n<li style=\"font-size:12pt\">\n<p style=\"margin-left:0pt;margin-top:0pt;margin-bottom:0pt\"><span style=\"color:#000000;background-color:#FFFFFF\">Regular fit<\/span><\/p>\n<\/li>\n<\/ul>","protected":false},"excerpt":{"rendered":"<p style=\"margin-top:0pt;margin-bottom:0pt\"><span style=\"font-size:10.5pt;color:#000000;background-color:#FFFFFF;font-weight:bold\">Fj\u00e4llr\u00e4ven Abisko Hike Women's Shirt<\/span><span style=\"font-size:10.5pt;color:#000000;background-color:#FFFFFF\">\u00a0is a lightweight, comfortable long-sleeved shirt for trekking, safari and the outdoors in summer. The shirt is made of a soft, functional fabric that wicks away moisture and feels cool on the skin.<\/span><\/p>","protected":false},"featured_media":8580,"comment_status":"open","ping_status":"closed","template":"","meta":{"_acf_changed":false,"rank_math_title":"Fj\u00e4llr\u00e4ven Abisko Hike Shirt LS W Savanna","rank_math_description":"","rank_math_focus_keyword":"89599, Fj\u00e4llr\u00e4ven, Abisko, Hike, Shirt, LS, W, Savanna, Fj\u00e4llr\u00e4ven Abisko Hike Shirt LS W Savanna","GroupGuid":"","EcommerceProductGuid":"EDEA9DF6-8A0A-4A91-A30B-B2E21680629D","EcommerceProductVariationGuid":"","ProductNumber":"89599","ProductId":""},"product_brand":[137],"product_cat":[83,70,267],"product_tag":[],"class_list":{"0":"post-2374","1":"product","2":"type-product","3":"status-publish","4":"has-post-thumbnail","6":"product_brand-fjallraven","7":"product_cat-dames","8":"product_cat-kleding","9":"product_cat-overhemden-dames","10":"pa_kleur-groen","12":"first","13":"instock","14":"taxable","15":"shipping-taxable","16":"purchasable","17":"product-type-variable"},"bundled_by":[],"bundle_stock_status":"instock","bundle_stock_quantity":null,"bundle_virtual":false,"bundle_layout":"","bundle_add_to_cart_form_location":"","bundle_editable_in_cart":false,"bundle_sold_individually_context":"","bundle_item_grouping":"","bundle_min_size":"","bundle_max_size":"","bundle_price":[],"bundled_items":[],"bundle_sell_ids":[],"acf":[],"rank_math_title":"Fj\u00e4llr\u00e4ven Abisko Hike Shirt LS W Savanna","rank_math_description":null,"rank_math_focus_keyword":"89599, Fj\u00e4llr\u00e4ven, Abisko, Hike, Shirt, LS, W, Savanna, Fj\u00e4llr\u00e4ven Abisko Hike Shirt LS W Savanna","GroupGuid":null,"EcommerceProductGuid":"EDEA9DF6-8A0A-4A91-A30B-B2E21680629D","EcommerceProductVariationGuid":null,"ProductNumber":"89599","ProductId":null,"IgnoreVenditGroupURL":null,"IgnoreVenditGroupSEO":null,"_links":{"self":[{"href":"https:\/\/barrelandboar.nl\/en\/wp-json\/wp\/v2\/product\/2374","targetHints":{"allow":["GET"]}}],"collection":[{"href":"https:\/\/barrelandboar.nl\/en\/wp-json\/wp\/v2\/product"}],"about":[{"href":"https:\/\/barrelandboar.nl\/en\/wp-json\/wp\/v2\/types\/product"}],"replies":[{"embeddable":true,"href":"https:\/\/barrelandboar.nl\/en\/wp-json\/wp\/v2\/comments?post=2374"}],"wp:featuredmedia":[{"embeddable":true,"href":"https:\/\/barrelandboar.nl\/en\/wp-json\/wp\/v2\/media\/8580"}],"wp:attachment":[{"href":"https:\/\/barrelandboar.nl\/en\/wp-json\/wp\/v2\/media?parent=2374"}],"wp:term":[{"taxonomy":"product_brand","embeddable":true,"href":"https:\/\/barrelandboar.nl\/en\/wp-json\/wp\/v2\/product_brand?post=2374"},{"taxonomy":"product_cat","embeddable":true,"href":"https:\/\/barrelandboar.nl\/en\/wp-json\/wp\/v2\/product_cat?post=2374"},{"taxonomy":"product_tag","embeddable":true,"href":"https:\/\/barrelandboar.nl\/en\/wp-json\/wp\/v2\/product_tag?post=2374"}],"curies":[{"name":"wp","href":"https:\/\/api.w.org\/{rel}","templated":true}]}}