{"id":24169,"date":"2026-04-10T12:19:04","date_gmt":"2026-04-10T10:19:04","guid":{"rendered":"https:\/\/barrelandboar.nl\/product\/rey-pavon-africa-chair-cherry\/"},"modified":"2026-04-10T15:03:09","modified_gmt":"2026-04-10T13:03:09","slug":"rey-pavon-africa-chair-cherry","status":"publish","type":"product","link":"https:\/\/barrelandboar.nl\/en\/diversen\/rey-pavon-africa-chair-cherry\/","title":{"rendered":"Rey Pav\u00f3n Africa Chair Cherry"},"content":{"rendered":"<p style=\"margin-top:0pt;margin-bottom:0pt\"><span style=\"font-family:'Calibri';font-size:11pt\">Country chair, made of vintage green cotton canvas and 100% premium honey-coloured cowhide leather. Side table. Legs of beech wood. Fully foldable with a central hinge. The perfect chair for indoors or outdoors. This chair will last a lifetime as it is handmade in Spain by experienced craftsmen. Our leather is 100% premium cow leather, vegetable tanned, giving the leather a natural look.<\/span><\/p>\n<p style=\"margin-top:0pt;margin-bottom:0pt\"><span style=\"font-family:'Calibri';font-size:11pt\">\u00a0<\/span><\/p>\n<p style=\"margin-top:0pt;margin-bottom:0pt\"><span style=\"font-family:'Calibri';font-size:11pt\">Dimensions: 78 x 45.5 x 94 cm (length x width x height)<\/span><\/p>","protected":false},"excerpt":{"rendered":"<p style=\"margin-top:0pt;margin-bottom:0pt\"><span style=\"font-family:'Calibri';font-size:11pt\">African chair, made of high-quality cotton canvas and 100% premium cowhide leather. Fully collapsible. Side table included.<\/span><\/p>","protected":false},"featured_media":24166,"comment_status":"open","ping_status":"closed","template":"","meta":{"_acf_changed":false,"rank_math_title":"Rey Pav\u00f3n Africa Chair Cherry","rank_math_description":"","rank_math_focus_keyword":"RG1737000, Rey, Pav\u00f3n, , Africa, Chair, Cherry, Rey Pav\u00f3n Africa Chair Cherry","GroupGuid":"","EcommerceProductGuid":"C93F9B55-1637-402D-A675-3125861407D4","EcommerceProductVariationGuid":"","ProductNumber":"RG1737000","ProductId":"9042-0"},"product_brand":[769],"product_cat":[757,907],"product_tag":[],"class_list":{"0":"post-24169","1":"product","2":"type-product","3":"status-publish","4":"has-post-thumbnail","6":"product_brand-rey-pavon","7":"product_cat-diversen","8":"product_cat-overig","9":"pa_kleur-cherry","11":"first","12":"instock","13":"sale","14":"taxable","15":"shipping-taxable","16":"purchasable","17":"product-type-simple"},"bundled_by":[],"bundle_stock_status":"instock","bundle_stock_quantity":1,"bundle_virtual":false,"bundle_layout":"","bundle_add_to_cart_form_location":"","bundle_editable_in_cart":false,"bundle_sold_individually_context":"","bundle_item_grouping":"","bundle_min_size":"","bundle_max_size":"","bundle_price":[],"bundled_items":[],"bundle_sell_ids":[],"acf":[],"rank_math_title":"Rey Pav\u00f3n Africa Chair Cherry","rank_math_description":null,"rank_math_focus_keyword":"RG1737000, Rey, Pav\u00f3n, , Africa, Chair, Cherry, Rey Pav\u00f3n Africa Chair Cherry","GroupGuid":null,"EcommerceProductGuid":"C93F9B55-1637-402D-A675-3125861407D4","EcommerceProductVariationGuid":null,"ProductNumber":"RG1737000","ProductId":"9042-0","IgnoreVenditGroupURL":null,"IgnoreVenditGroupSEO":null,"_links":{"self":[{"href":"https:\/\/barrelandboar.nl\/en\/wp-json\/wp\/v2\/product\/24169","targetHints":{"allow":["GET"]}}],"collection":[{"href":"https:\/\/barrelandboar.nl\/en\/wp-json\/wp\/v2\/product"}],"about":[{"href":"https:\/\/barrelandboar.nl\/en\/wp-json\/wp\/v2\/types\/product"}],"replies":[{"embeddable":true,"href":"https:\/\/barrelandboar.nl\/en\/wp-json\/wp\/v2\/comments?post=24169"}],"wp:featuredmedia":[{"embeddable":true,"href":"https:\/\/barrelandboar.nl\/en\/wp-json\/wp\/v2\/media\/24166"}],"wp:attachment":[{"href":"https:\/\/barrelandboar.nl\/en\/wp-json\/wp\/v2\/media?parent=24169"}],"wp:term":[{"taxonomy":"product_brand","embeddable":true,"href":"https:\/\/barrelandboar.nl\/en\/wp-json\/wp\/v2\/product_brand?post=24169"},{"taxonomy":"product_cat","embeddable":true,"href":"https:\/\/barrelandboar.nl\/en\/wp-json\/wp\/v2\/product_cat?post=24169"},{"taxonomy":"product_tag","embeddable":true,"href":"https:\/\/barrelandboar.nl\/en\/wp-json\/wp\/v2\/product_tag?post=24169"}],"curies":[{"name":"wp","href":"https:\/\/api.w.org\/{rel}","templated":true}]}}