{"id":24173,"date":"2026-04-10T13:18:52","date_gmt":"2026-04-10T11:18:52","guid":{"rendered":"https:\/\/barrelandboar.nl\/product\/rey-pavon-english-case-top-oak-single\/"},"modified":"2026-04-10T14:01:49","modified_gmt":"2026-04-10T12:01:49","slug":"rey-pavon-english-case-top-oak-single","status":"publish","type":"product","link":"https:\/\/barrelandboar.nl\/en\/toebehoren\/opbergen-transport\/rey-pavon-english-case-top-oak-single\/","title":{"rendered":"Rey Pav\u00f3n English Case Top Oak Single"},"content":{"rendered":"","protected":false},"excerpt":{"rendered":"<p style=\"margin-top:0pt;margin-bottom:0pt\"><span style=\"font-family:'Calibri';font-size:11pt\">English chest for 1 weapon, upholstered in cowhide leather. <\/span><\/p>\n<p style=\"margin-top:0pt;margin-bottom:0pt\"><span style=\"font-family:'Calibri';font-size:11pt\">Brass ends, hinges, corners and lock. <\/span><\/p>\n<p style=\"margin-top:0pt;margin-bottom:0pt\"><span style=\"font-family:'Calibri';font-size:11pt\">Ship's wood frame and visible oak frame.<\/span><\/p>","protected":false},"featured_media":24177,"comment_status":"open","ping_status":"closed","template":"","meta":{"_acf_changed":false,"rank_math_title":"Rey Pav\u00f3n English Case Top Oak Single","rank_math_description":"","rank_math_focus_keyword":"210000015099, Rey, Pav\u00f3n, , English, Case, Top, Oak, Single, Rey Pav\u00f3n English Case Top Oak Single","GroupGuid":"","EcommerceProductGuid":"C3CCAB4C-3B93-4673-99B3-B88E24149E64","EcommerceProductVariationGuid":"","ProductNumber":"210000015099","ProductId":"9073-0"},"product_brand":[769],"product_cat":[56,752,55],"product_tag":[],"class_list":{"0":"post-24173","1":"product","2":"type-product","3":"status-publish","4":"has-post-thumbnail","6":"product_brand-rey-pavon","7":"product_cat-opbergen-transport","8":"product_cat-koffers","9":"product_cat-toebehoren","11":"first","12":"instock","13":"sale","14":"taxable","15":"shipping-taxable","16":"purchasable","17":"product-type-simple"},"bundled_by":[],"bundle_stock_status":"instock","bundle_stock_quantity":2,"bundle_virtual":false,"bundle_layout":"","bundle_add_to_cart_form_location":"","bundle_editable_in_cart":false,"bundle_sold_individually_context":"","bundle_item_grouping":"","bundle_min_size":"","bundle_max_size":"","bundle_price":[],"bundled_items":[],"bundle_sell_ids":[],"acf":[],"rank_math_title":"Rey Pav\u00f3n English Case Top Oak Single","rank_math_description":null,"rank_math_focus_keyword":"210000015099, Rey, Pav\u00f3n, , English, Case, Top, Oak, Single, Rey Pav\u00f3n English Case Top Oak Single","GroupGuid":null,"EcommerceProductGuid":"C3CCAB4C-3B93-4673-99B3-B88E24149E64","EcommerceProductVariationGuid":null,"ProductNumber":"210000015099","ProductId":"9073-0","IgnoreVenditGroupURL":null,"IgnoreVenditGroupSEO":null,"_links":{"self":[{"href":"https:\/\/barrelandboar.nl\/en\/wp-json\/wp\/v2\/product\/24173","targetHints":{"allow":["GET"]}}],"collection":[{"href":"https:\/\/barrelandboar.nl\/en\/wp-json\/wp\/v2\/product"}],"about":[{"href":"https:\/\/barrelandboar.nl\/en\/wp-json\/wp\/v2\/types\/product"}],"replies":[{"embeddable":true,"href":"https:\/\/barrelandboar.nl\/en\/wp-json\/wp\/v2\/comments?post=24173"}],"wp:featuredmedia":[{"embeddable":true,"href":"https:\/\/barrelandboar.nl\/en\/wp-json\/wp\/v2\/media\/24177"}],"wp:attachment":[{"href":"https:\/\/barrelandboar.nl\/en\/wp-json\/wp\/v2\/media?parent=24173"}],"wp:term":[{"taxonomy":"product_brand","embeddable":true,"href":"https:\/\/barrelandboar.nl\/en\/wp-json\/wp\/v2\/product_brand?post=24173"},{"taxonomy":"product_cat","embeddable":true,"href":"https:\/\/barrelandboar.nl\/en\/wp-json\/wp\/v2\/product_cat?post=24173"},{"taxonomy":"product_tag","embeddable":true,"href":"https:\/\/barrelandboar.nl\/en\/wp-json\/wp\/v2\/product_tag?post=24173"}],"curies":[{"name":"wp","href":"https:\/\/api.w.org\/{rel}","templated":true}]}}