{"id":24175,"date":"2026-04-10T13:48:55","date_gmt":"2026-04-10T11:48:55","guid":{"rendered":"https:\/\/barrelandboar.nl\/product\/rey-pavon-english-case-top-oak-pair\/"},"modified":"2026-04-10T15:02:15","modified_gmt":"2026-04-10T13:02:15","slug":"rey-pavon-english-case-top-oak-pair","status":"publish","type":"product","link":"https:\/\/barrelandboar.nl\/en\/uncategorized\/rey-pavon-english-case-top-oak-pair\/","title":{"rendered":"Rey Pav\u00f3n English Case Top Oak Pair"},"content":{"rendered":"","protected":false},"excerpt":{"rendered":"<p style=\"margin-top:0pt;margin-bottom:0pt\"><span style=\"font-family:'Calibri';font-size:11pt\">English chest for 2 weapons, upholstered in cowhide leather. <\/span><\/p>\n<p style=\"margin-top:0pt;margin-bottom:0pt\"><span style=\"font-family:'Calibri';font-size:11pt\">Brass ends, hinges, corners and lock. <\/span><\/p>\n<p style=\"margin-top:0pt;margin-bottom:0pt\"><span style=\"font-family:'Calibri';font-size:11pt\">Ship's wood frame and visible oak frame.<\/span><\/p>","protected":false},"featured_media":24183,"comment_status":"open","ping_status":"closed","template":"","meta":{"_acf_changed":false,"rank_math_title":"Rey Pav\u00f3n English Case Top Oak Pair","rank_math_description":"","rank_math_focus_keyword":"210000015100, Rey, Pav\u00f3n, English, Case, Top, Oak, Pair, Rey Pav\u00f3n English Case Top Oak Pair","GroupGuid":"","EcommerceProductGuid":"764438C6-2F32-44BB-956B-6EF691927D61","EcommerceProductVariationGuid":"","ProductNumber":"210000015100","ProductId":"9074-0"},"product_brand":[769],"product_cat":[56,752,55],"product_tag":[],"class_list":{"0":"post-24175","1":"product","2":"type-product","3":"status-publish","4":"has-post-thumbnail","6":"product_brand-rey-pavon","7":"product_cat-opbergen-transport","8":"product_cat-koffers","9":"product_cat-toebehoren","11":"first","12":"instock","13":"sale","14":"taxable","15":"shipping-taxable","16":"purchasable","17":"product-type-simple"},"bundled_by":[],"bundle_stock_status":"instock","bundle_stock_quantity":1,"bundle_virtual":false,"bundle_layout":"","bundle_add_to_cart_form_location":"","bundle_editable_in_cart":false,"bundle_sold_individually_context":"","bundle_item_grouping":"","bundle_min_size":"","bundle_max_size":"","bundle_price":[],"bundled_items":[],"bundle_sell_ids":[],"acf":[],"rank_math_title":"Rey Pav\u00f3n English Case Top Oak Pair","rank_math_description":null,"rank_math_focus_keyword":"210000015100, Rey, Pav\u00f3n, English, Case, Top, Oak, Pair, Rey Pav\u00f3n English Case Top Oak Pair","GroupGuid":null,"EcommerceProductGuid":"764438C6-2F32-44BB-956B-6EF691927D61","EcommerceProductVariationGuid":null,"ProductNumber":"210000015100","ProductId":"9074-0","IgnoreVenditGroupURL":null,"IgnoreVenditGroupSEO":null,"_links":{"self":[{"href":"https:\/\/barrelandboar.nl\/en\/wp-json\/wp\/v2\/product\/24175","targetHints":{"allow":["GET"]}}],"collection":[{"href":"https:\/\/barrelandboar.nl\/en\/wp-json\/wp\/v2\/product"}],"about":[{"href":"https:\/\/barrelandboar.nl\/en\/wp-json\/wp\/v2\/types\/product"}],"replies":[{"embeddable":true,"href":"https:\/\/barrelandboar.nl\/en\/wp-json\/wp\/v2\/comments?post=24175"}],"wp:featuredmedia":[{"embeddable":true,"href":"https:\/\/barrelandboar.nl\/en\/wp-json\/wp\/v2\/media\/24183"}],"wp:attachment":[{"href":"https:\/\/barrelandboar.nl\/en\/wp-json\/wp\/v2\/media?parent=24175"}],"wp:term":[{"taxonomy":"product_brand","embeddable":true,"href":"https:\/\/barrelandboar.nl\/en\/wp-json\/wp\/v2\/product_brand?post=24175"},{"taxonomy":"product_cat","embeddable":true,"href":"https:\/\/barrelandboar.nl\/en\/wp-json\/wp\/v2\/product_cat?post=24175"},{"taxonomy":"product_tag","embeddable":true,"href":"https:\/\/barrelandboar.nl\/en\/wp-json\/wp\/v2\/product_tag?post=24175"}],"curies":[{"name":"wp","href":"https:\/\/api.w.org\/{rel}","templated":true}]}}