{"id":24176,"date":"2026-04-10T13:48:56","date_gmt":"2026-04-10T11:48:56","guid":{"rendered":"https:\/\/barrelandboar.nl\/product\/rey-pavon-bird-hanger-naturel\/"},"modified":"2026-04-10T15:02:42","modified_gmt":"2026-04-10T13:02:42","slug":"rey-pavon-bird-hanger-naturel","status":"publish","type":"product","link":"https:\/\/barrelandboar.nl\/en\/toebehoren\/jacht-toebehoren\/wildberging\/rey-pavon-bird-hanger-naturel\/","title":{"rendered":"Rey Pav\u00f3n Bird Pendant Natural"},"content":{"rendered":"<p style=\"margin-top:0pt;margin-bottom:0pt\"><span style=\"font-family:'Calibri';font-size:11pt\">Equipped with 14 loops and a sturdy metal carabiner, the game carrier can be easily attached to a hunting rucksack, game bag or belt. This traditional tool is specially designed for efficient and safe transport of geese, ducks, quail, pheasants, partridges or hares. For secure attachment during transport, the loops are pulled firmly around the animal's neck or, in the case of hares, attached to the thigh.<\/span><\/p>\n<p style=\"margin-top:0pt;margin-bottom:0pt\"><span style=\"font-family:'Calibri';font-size:11pt\">\u00a0<\/span><\/p>\n<p style=\"margin-top:0pt;margin-bottom:0pt\"><span style=\"font-family:'Calibri';font-size:11pt\">Traditionally handmade in Spain from 100% high-quality vegetable-tanned cowhide leather, this game carrier gives the leather a naturally beautiful and attractive appearance.<\/span><\/p>","protected":false},"excerpt":{"rendered":"<p>De wilddrager, voorzien van 14 lussen en een stevige metalen karabijnhaak, kan eenvoudig aan een jachtrugzak, wildtas of riem worden bevestigd. Dit traditionele hulpmiddel is speciaal ontworpen voor het effici\u00ebnt en veilig vervoeren van ganzen, eenden, kwartels, fazanten, patrijzen of hazen. Voor een veilige bevestiging tijdens het transport worden de lussen stevig om de nek [&hellip;]<\/p>\n","protected":false},"featured_media":24189,"comment_status":"open","ping_status":"closed","template":"","meta":{"_acf_changed":false,"rank_math_title":"Rey Pav\u00f3n Bird Hanger Naturel","rank_math_description":"","rank_math_focus_keyword":"cz6961000, Rey, Pav\u00f3n, , Bird, Hanger, Naturel, Rey Pav\u00f3n Bird Hanger Naturel","GroupGuid":"","EcommerceProductGuid":"90916D41-23AD-4420-9C62-87C18196C0F7","EcommerceProductVariationGuid":"","ProductNumber":"cz6961000","ProductId":"9064-0"},"product_brand":[769],"product_cat":[883,61,55],"product_tag":[],"class_list":{"0":"post-24176","1":"product","2":"type-product","3":"status-publish","4":"has-post-thumbnail","6":"product_brand-rey-pavon","7":"product_cat-wildberging","8":"product_cat-jacht-toebehoren","9":"product_cat-toebehoren","10":"pa_kleur-naturel","12":"first","13":"instock","14":"taxable","15":"shipping-taxable","16":"purchasable","17":"product-type-simple"},"bundled_by":[],"bundle_stock_status":"instock","bundle_stock_quantity":1,"bundle_virtual":false,"bundle_layout":"","bundle_add_to_cart_form_location":"","bundle_editable_in_cart":false,"bundle_sold_individually_context":"","bundle_item_grouping":"","bundle_min_size":"","bundle_max_size":"","bundle_price":[],"bundled_items":[],"bundle_sell_ids":[],"acf":[],"rank_math_title":"Rey Pav\u00f3n Bird Hanger Naturel","rank_math_description":null,"rank_math_focus_keyword":"cz6961000, Rey, Pav\u00f3n, , Bird, Hanger, Naturel, Rey Pav\u00f3n Bird Hanger Naturel","GroupGuid":null,"EcommerceProductGuid":"90916D41-23AD-4420-9C62-87C18196C0F7","EcommerceProductVariationGuid":null,"ProductNumber":"cz6961000","ProductId":"9064-0","IgnoreVenditGroupURL":null,"IgnoreVenditGroupSEO":null,"_links":{"self":[{"href":"https:\/\/barrelandboar.nl\/en\/wp-json\/wp\/v2\/product\/24176","targetHints":{"allow":["GET"]}}],"collection":[{"href":"https:\/\/barrelandboar.nl\/en\/wp-json\/wp\/v2\/product"}],"about":[{"href":"https:\/\/barrelandboar.nl\/en\/wp-json\/wp\/v2\/types\/product"}],"replies":[{"embeddable":true,"href":"https:\/\/barrelandboar.nl\/en\/wp-json\/wp\/v2\/comments?post=24176"}],"wp:featuredmedia":[{"embeddable":true,"href":"https:\/\/barrelandboar.nl\/en\/wp-json\/wp\/v2\/media\/24189"}],"wp:attachment":[{"href":"https:\/\/barrelandboar.nl\/en\/wp-json\/wp\/v2\/media?parent=24176"}],"wp:term":[{"taxonomy":"product_brand","embeddable":true,"href":"https:\/\/barrelandboar.nl\/en\/wp-json\/wp\/v2\/product_brand?post=24176"},{"taxonomy":"product_cat","embeddable":true,"href":"https:\/\/barrelandboar.nl\/en\/wp-json\/wp\/v2\/product_cat?post=24176"},{"taxonomy":"product_tag","embeddable":true,"href":"https:\/\/barrelandboar.nl\/en\/wp-json\/wp\/v2\/product_tag?post=24176"}],"curies":[{"name":"wp","href":"https:\/\/api.w.org\/{rel}","templated":true}]}}