{"id":24181,"date":"2026-04-10T14:18:56","date_gmt":"2026-04-10T12:18:56","guid":{"rendered":"https:\/\/barrelandboar.nl\/product\/rey-pavon-100-english-cartridge-bag-honey\/"},"modified":"2026-04-10T15:03:34","modified_gmt":"2026-04-10T13:03:34","slug":"rey-pavon-100-english-cartridge-bag-honey","status":"publish","type":"product","link":"https:\/\/barrelandboar.nl\/en\/toebehoren\/opbergen-transport\/rey-pavon-100-english-cartridge-bag-honey\/","title":{"rendered":"Rey Pav\u00f3n 100 English Cartridge Bag Honey"},"content":{"rendered":"<p style=\"margin-top:0pt;margin-bottom:0pt\"><span style=\"font-family:'Calibri';font-size:11pt\">Classic and durable patron bag from Spanish brand Rey Pavon - the perfect combination of functionality and refined craftsmanship.<\/span><\/p>\n<p style=\"margin-top:0pt;margin-bottom:0pt\"><span style=\"font-family:'Calibri';font-size:11pt\">\u00a0<\/span><\/p>\n<p style=\"margin-top:0pt;margin-bottom:0pt\"><span style=\"font-family:'Calibri';font-size:11pt\">The bag holds 100 cartridges and is made of 100% vegetable-tanned cowhide leather. This ensures both durability and an elegant, natural look. The adjustable length ensures a comfortable fit whatever the situation.<\/span><\/p>\n<p style=\"margin-top:0pt;margin-bottom:0pt\"><span style=\"font-family:'Calibri';font-size:11pt\">\u00a0<\/span><\/p>\n<p style=\"margin-top:0pt;margin-bottom:0pt\"><span style=\"font-family:'Calibri';font-size:11pt\">Features:<\/span><\/p>\n<p style=\"margin-top:0pt;margin-bottom:0pt\"><span style=\"font-family:'Calibri';font-size:11pt\">100% vegetable-tanned cowhide leather<\/span><\/p>\n<p style=\"margin-top:0pt;margin-bottom:0pt\"><span style=\"font-family:'Calibri';font-size:11pt\">Adjustable length<\/span><\/p>\n<p style=\"margin-top:0pt;margin-bottom:0pt\"><span style=\"font-family:'Calibri';font-size:11pt\">Classic design with high comfort<\/span><\/p>\n<p style=\"margin-top:0pt;margin-bottom:0pt\"><span style=\"font-family:'Calibri';font-size:11pt\">Handmade in Spain<\/span><\/p>\n<p style=\"margin-top:0pt;margin-bottom:0pt\"><span style=\"font-family:'Calibri';font-size:11pt\">Ideal for hunting<\/span><\/p>","protected":false},"excerpt":{"rendered":"<p>Klassieke en duurzame patronentas van het Spaanse merk Rey Pavon \u2013 de perfecte combinatie van functionaliteit en verfijnd vakmanschap. \u00a0 De tas biedt ruimte aan 100 patronen en is gemaakt van 100% plantaardig gelooid rundleer. Dit zorgt voor zowel duurzaamheid als een elegante, natuurlijke uitstraling. De verstelbare lengte garandeert een comfortabele pasvorm, ongeacht de situatie. [&hellip;]<\/p>\n","protected":false},"featured_media":24188,"comment_status":"open","ping_status":"closed","template":"","meta":{"_acf_changed":false,"rank_math_title":"Rey Pav\u00f3n 100 English Cartridge Bag Honey","rank_math_description":"","rank_math_focus_keyword":"cz5061100, Rey, Pav\u00f3n, 100, English, Cartridge, Bag, Honey, Rey Pav\u00f3n 100 English Cartridge Bag Honey","GroupGuid":"","EcommerceProductGuid":"E98B5D41-C67A-4156-9BCB-858D1F608B9C","EcommerceProductVariationGuid":"","ProductNumber":"cz5061100","ProductId":"9043-0"},"product_brand":[769],"product_cat":[56,751,55],"product_tag":[],"class_list":{"0":"post-24181","1":"product","2":"type-product","3":"status-publish","4":"has-post-thumbnail","6":"product_brand-rey-pavon","7":"product_cat-opbergen-transport","8":"product_cat-patroonhouder","9":"product_cat-toebehoren","10":"pa_kleur-honey","12":"first","13":"instock","14":"sale","15":"taxable","16":"shipping-taxable","17":"purchasable","18":"product-type-simple"},"bundled_by":[],"bundle_stock_status":"instock","bundle_stock_quantity":1,"bundle_virtual":false,"bundle_layout":"","bundle_add_to_cart_form_location":"","bundle_editable_in_cart":false,"bundle_sold_individually_context":"","bundle_item_grouping":"","bundle_min_size":"","bundle_max_size":"","bundle_price":[],"bundled_items":[],"bundle_sell_ids":[],"acf":[],"rank_math_title":"Rey Pav\u00f3n 100 English Cartridge Bag Honey","rank_math_description":null,"rank_math_focus_keyword":"cz5061100, Rey, Pav\u00f3n, 100, English, Cartridge, Bag, Honey, Rey Pav\u00f3n 100 English Cartridge Bag Honey","GroupGuid":null,"EcommerceProductGuid":"E98B5D41-C67A-4156-9BCB-858D1F608B9C","EcommerceProductVariationGuid":null,"ProductNumber":"cz5061100","ProductId":"9043-0","IgnoreVenditGroupURL":null,"IgnoreVenditGroupSEO":null,"_links":{"self":[{"href":"https:\/\/barrelandboar.nl\/en\/wp-json\/wp\/v2\/product\/24181","targetHints":{"allow":["GET"]}}],"collection":[{"href":"https:\/\/barrelandboar.nl\/en\/wp-json\/wp\/v2\/product"}],"about":[{"href":"https:\/\/barrelandboar.nl\/en\/wp-json\/wp\/v2\/types\/product"}],"replies":[{"embeddable":true,"href":"https:\/\/barrelandboar.nl\/en\/wp-json\/wp\/v2\/comments?post=24181"}],"wp:featuredmedia":[{"embeddable":true,"href":"https:\/\/barrelandboar.nl\/en\/wp-json\/wp\/v2\/media\/24188"}],"wp:attachment":[{"href":"https:\/\/barrelandboar.nl\/en\/wp-json\/wp\/v2\/media?parent=24181"}],"wp:term":[{"taxonomy":"product_brand","embeddable":true,"href":"https:\/\/barrelandboar.nl\/en\/wp-json\/wp\/v2\/product_brand?post=24181"},{"taxonomy":"product_cat","embeddable":true,"href":"https:\/\/barrelandboar.nl\/en\/wp-json\/wp\/v2\/product_cat?post=24181"},{"taxonomy":"product_tag","embeddable":true,"href":"https:\/\/barrelandboar.nl\/en\/wp-json\/wp\/v2\/product_tag?post=24181"}],"curies":[{"name":"wp","href":"https:\/\/api.w.org\/{rel}","templated":true}]}}