{"id":24191,"date":"2026-04-10T15:19:05","date_gmt":"2026-04-10T13:19:05","guid":{"rendered":"https:\/\/barrelandboar.nl\/product\/rey-pavon-10-bullet-pocket\/"},"modified":"2026-04-17T15:24:09","modified_gmt":"2026-04-17T13:24:09","slug":"rey-pavon-10-bullet-pocket","status":"publish","type":"product","link":"https:\/\/barrelandboar.nl\/en\/toebehoren\/opbergen-transport\/rey-pavon-10-bullet-pocket\/","title":{"rendered":"Rey Pav\u00f3n 10 Bullet Pocket"},"content":{"rendered":"<p style=\"margin-top:0pt;margin-bottom:0pt\"><span style=\"font-family:'Calibri';font-size:11pt\">Classic and durable pouch from Spanish brand Rey Pavon - the perfect combination of functionality and refined craftsmanship.<\/span><\/p>\n<p style=\"margin-top:0pt;margin-bottom:0pt\"><span style=\"font-family:'Calibri';font-size:11pt\">\u00a0<\/span><\/p>\n<p style=\"margin-top:0pt;margin-bottom:0pt\"><span style=\"font-family:'Calibri';font-size:11pt\">The pouch holds 10 cartridges and is made of 100% vegetable-tanned cowhide leather, with flap and back for attaching to a belt.<\/span><\/p>\n<p style=\"margin-top:0pt;margin-bottom:0pt\"><span style=\"font-family:'Calibri';font-size:11pt\">\u00a0<\/span><\/p>\n<p style=\"margin-top:0pt;margin-bottom:0pt\"><span style=\"font-family:'Calibri';font-size:11pt\">Features:<\/span><\/p>\n<p style=\"margin-top:0pt;margin-bottom:0pt\"><span style=\"font-family:'Calibri';font-size:11pt\">100% vegetable-tanned cowhide leather<\/span><\/p>\n<p style=\"margin-top:0pt;margin-bottom:0pt\"><span style=\"font-family:'Calibri';font-size:11pt\">Handmade in Spain<\/span><\/p>\n<p style=\"margin-top:0pt;margin-bottom:0pt\"><span style=\"font-family:'Calibri';font-size:11pt\">Ideal for hunting<\/span><\/p>","protected":false},"excerpt":{"rendered":"<p>Klassieke en duurzame etui van het Spaanse merk Rey Pavon \u2013 de perfecte combinatie van functionaliteit en verfijnd vakmanschap. \u00a0 De etui biedt ruimte aan 10 patronen en is gemaakt van 100% plantaardig gelooid rundleer, met klep en achterkant om aan een riem te bevestigen. \u00a0 Kenmerken: 100% plantaardig gelooid rundleer Handgemaakt in Spanje Ideaal [&hellip;]<\/p>\n","protected":false},"featured_media":24286,"comment_status":"open","ping_status":"closed","template":"","meta":{"_acf_changed":false,"rank_math_title":"Rey Pav\u00f3n 10 Bullet Pocket","rank_math_description":"","rank_math_focus_keyword":"cz6160010, Rey, Pav\u00f3n, 10, Bullet, Pocket, Rey Pav\u00f3n 10 Bullet Pocket","GroupGuid":"","EcommerceProductGuid":"A666A4B8-5B5C-4DFA-8A21-2D097C682D65","EcommerceProductVariationGuid":"","ProductNumber":"cz6160010","ProductId":"9055-0"},"product_brand":[769],"product_cat":[56,751,55],"product_tag":[],"class_list":{"0":"post-24191","1":"product","2":"type-product","3":"status-publish","4":"has-post-thumbnail","6":"product_brand-rey-pavon","7":"product_cat-opbergen-transport","8":"product_cat-patroonhouder","9":"product_cat-toebehoren","10":"pa_kleur-chocolat","12":"first","13":"instock","14":"taxable","15":"shipping-taxable","16":"purchasable","17":"product-type-simple"},"bundled_by":[],"bundle_stock_status":"instock","bundle_stock_quantity":2,"bundle_virtual":false,"bundle_layout":"","bundle_add_to_cart_form_location":"","bundle_editable_in_cart":false,"bundle_sold_individually_context":"","bundle_item_grouping":"","bundle_min_size":"","bundle_max_size":"","bundle_price":[],"bundled_items":[],"bundle_sell_ids":[],"acf":[],"rank_math_title":"Rey Pav\u00f3n 10 Bullet Pocket","rank_math_description":null,"rank_math_focus_keyword":"cz6160010, Rey, Pav\u00f3n, 10, Bullet, Pocket, Rey Pav\u00f3n 10 Bullet Pocket","GroupGuid":null,"EcommerceProductGuid":"A666A4B8-5B5C-4DFA-8A21-2D097C682D65","EcommerceProductVariationGuid":null,"ProductNumber":"cz6160010","ProductId":"9055-0","IgnoreVenditGroupURL":null,"IgnoreVenditGroupSEO":null,"_links":{"self":[{"href":"https:\/\/barrelandboar.nl\/en\/wp-json\/wp\/v2\/product\/24191","targetHints":{"allow":["GET"]}}],"collection":[{"href":"https:\/\/barrelandboar.nl\/en\/wp-json\/wp\/v2\/product"}],"about":[{"href":"https:\/\/barrelandboar.nl\/en\/wp-json\/wp\/v2\/types\/product"}],"replies":[{"embeddable":true,"href":"https:\/\/barrelandboar.nl\/en\/wp-json\/wp\/v2\/comments?post=24191"}],"wp:featuredmedia":[{"embeddable":true,"href":"https:\/\/barrelandboar.nl\/en\/wp-json\/wp\/v2\/media\/24286"}],"wp:attachment":[{"href":"https:\/\/barrelandboar.nl\/en\/wp-json\/wp\/v2\/media?parent=24191"}],"wp:term":[{"taxonomy":"product_brand","embeddable":true,"href":"https:\/\/barrelandboar.nl\/en\/wp-json\/wp\/v2\/product_brand?post=24191"},{"taxonomy":"product_cat","embeddable":true,"href":"https:\/\/barrelandboar.nl\/en\/wp-json\/wp\/v2\/product_cat?post=24191"},{"taxonomy":"product_tag","embeddable":true,"href":"https:\/\/barrelandboar.nl\/en\/wp-json\/wp\/v2\/product_tag?post=24191"}],"curies":[{"name":"wp","href":"https:\/\/api.w.org\/{rel}","templated":true}]}}