{"id":2433,"date":"2025-04-03T16:34:24","date_gmt":"2025-04-03T14:34:24","guid":{"rendered":"https:\/\/barrelandboar.nl\/product\/fjallraven-varmland-heavy-flannel-shirt-w-dark-sand-dark-navy\/"},"modified":"2026-03-22T04:27:40","modified_gmt":"2026-03-22T03:27:40","slug":"fjallraven-varmland-heavy-flannel-shirt-w-dark-sand-dark-navy","status":"publish","type":"product","link":"https:\/\/barrelandboar.nl\/en\/fjallraven-varmland-heavy-flannel-shirt-w-dark-sand-dark-navy\/","title":{"rendered":"Fj\u00e4llr\u00e4ven V\u00e4rmland Heavy Flannel Shirt W Dark Sand \/ Dark Navy"},"content":{"rendered":"<p style=\"margin-top:0pt;margin-bottom:5pt\"><span style=\"font-size:10.5pt;color:#000000;background-color:#FFFFFF\">The\u00a0<\/span><span style=\"font-size:10.5pt;color:#000000;background-color:#FFFFFF;font-weight:bold\">Fj\u00e4llr\u00e4ven V\u00e4rmland Heavy Flannel Shirt<\/span><span style=\"font-size:10.5pt;color:#000000;background-color:#FFFFFF\">\u00a0is a classic heavy flannel\u00a0<\/span><span style=\"font-size:10.5pt;color:#000000;background-color:#FFFFFF;font-weight:bold\">women's shirt<\/span><span style=\"font-size:10.5pt;color:#000000;background-color:#FFFFFF\">\u00a0for the\u00a0<\/span><span style=\"font-size:10.5pt;color:#000000;background-color:#FFFFFF;font-weight:bold\">hunting.<\/span><\/p>\n<p style=\"margin-top:0pt;margin-bottom:5pt\"><span style=\"font-size:10.5pt;color:#000000;background-color:#FFFFFF\">Underarm inserts ensure maximum freedom of movement. Features two chest pockets with flaps with button closure.<\/span><\/p>\n<p style=\"margin-top:0pt;margin-bottom:5pt\"><span style=\"font-size:10.5pt;color:#000000;background-color:#FFFFFF;font-weight:bold\">Specifications:<\/span><\/p>\n<ul style=\"margin:0pt;padding:0pt;list-style-type:disc\">\n<li style=\"font-size:12pt\">\n<p style=\"margin-left:0pt;margin-top:0pt;margin-bottom:0pt\"><span style=\"color:#000000;background-color:#FFFFFF\">Classic heavy flannel shirt for hunting<\/span><\/p>\n<\/li>\n<li style=\"font-size:12pt\">\n<p style=\"margin-left:0pt;margin-top:0pt;margin-bottom:0pt\"><span style=\"color:#000000;background-color:#FFFFFF\">Made of 100% organic cotton<\/span><\/p>\n<\/li>\n<li style=\"font-size:12pt\">\n<p style=\"margin-left:0pt;margin-top:0pt;margin-bottom:0pt\"><span style=\"color:#000000;background-color:#FFFFFF\">Inserts under the arms ensure maximum freedom of movement<\/span><\/p>\n<\/li>\n<li style=\"font-size:12pt\">\n<p style=\"margin-left:0pt;margin-top:0pt;margin-bottom:0pt\"><span style=\"color:#000000;background-color:#FFFFFF\">Two breast pockets with flaps with button closure<\/span><\/p>\n<\/li>\n<li style=\"font-size:12pt\">\n<p style=\"margin-left:0pt;margin-top:0pt;margin-bottom:0pt\"><span style=\"color:#000000;background-color:#FFFFFF\">Closure: Buttons<\/span><\/p>\n<\/li>\n<\/ul>\n<p style=\"margin-top:0pt;margin-bottom:0pt\"><span style=\"font-size:10.5pt;color:#000000;background-color:#FFFFFF\">\u00a0<\/span><\/p>","protected":false},"excerpt":{"rendered":"<p style=\"margin-top:0pt;margin-bottom:0pt\"><span style=\"font-size:10.5pt;color:#000000;background-color:#FFFFFF\">The\u00a0<\/span><span style=\"font-size:10.5pt;color:#000000;background-color:#FFFFFF;font-weight:bold\">Fj\u00e4llr\u00e4ven V\u00e4rmland Heavy Flannel Shirt<\/span><span style=\"font-size:10.5pt;color:#000000;background-color:#FFFFFF\">\u00a0is a classic heavy flannel\u00a0<\/span><span style=\"font-size:10.5pt;color:#000000;background-color:#FFFFFF;font-weight:bold\">women's shirt<\/span><span style=\"font-size:10.5pt;color:#000000;background-color:#FFFFFF\">\u00a0for the\u00a0<\/span><span style=\"font-size:10.5pt;color:#000000;background-color:#FFFFFF;font-weight:bold\">hunting.<\/span><\/p>","protected":false},"featured_media":2431,"comment_status":"open","ping_status":"closed","template":"","meta":{"_acf_changed":false,"rank_math_title":"Fj\u00e4llr\u00e4ven V\u00e4rmland Heavy Flannel Shirt W Dark Sand \/ Dark Navy","rank_math_description":"","rank_math_focus_keyword":"87119-227-555, Fj\u00e4llr\u00e4ven, , V\u00e4rmland, Heavy, Flannel, Shirt, W, , Dark, Sand, \/, Dark, Navy, Fj\u00e4llr\u00e4ven V\u00e4rmland Heavy Flannel Shirt W Dark Sand \/ Dark Navy","GroupGuid":"","EcommerceProductGuid":"702B6BD3-EAA5-46D6-AFDD-942859D93771","EcommerceProductVariationGuid":"","ProductNumber":"87119-227-555","ProductId":""},"product_brand":[137],"product_cat":[83,70,267],"product_tag":[],"class_list":{"0":"post-2433","1":"product","2":"type-product","3":"status-publish","4":"has-post-thumbnail","6":"product_brand-fjallraven","7":"product_cat-dames","8":"product_cat-kleding","9":"product_cat-overhemden-dames","10":"pa_kleur-bruin","12":"first","13":"instock","14":"sale","15":"taxable","16":"shipping-taxable","17":"purchasable","18":"product-type-variable"},"bundled_by":[],"bundle_stock_status":"instock","bundle_stock_quantity":null,"bundle_virtual":false,"bundle_layout":"","bundle_add_to_cart_form_location":"","bundle_editable_in_cart":false,"bundle_sold_individually_context":"","bundle_item_grouping":"","bundle_min_size":"","bundle_max_size":"","bundle_price":[],"bundled_items":[],"bundle_sell_ids":[],"acf":[],"rank_math_title":"Fj\u00e4llr\u00e4ven V\u00e4rmland Heavy Flannel Shirt W Dark Sand \/ Dark Navy","rank_math_description":null,"rank_math_focus_keyword":"87119-227-555, Fj\u00e4llr\u00e4ven, , V\u00e4rmland, Heavy, Flannel, Shirt, W, , Dark, Sand, \/, Dark, Navy, Fj\u00e4llr\u00e4ven V\u00e4rmland Heavy Flannel Shirt W Dark Sand \/ Dark Navy","GroupGuid":null,"EcommerceProductGuid":"702B6BD3-EAA5-46D6-AFDD-942859D93771","EcommerceProductVariationGuid":null,"ProductNumber":"87119-227-555","ProductId":null,"IgnoreVenditGroupURL":null,"IgnoreVenditGroupSEO":null,"_links":{"self":[{"href":"https:\/\/barrelandboar.nl\/en\/wp-json\/wp\/v2\/product\/2433","targetHints":{"allow":["GET"]}}],"collection":[{"href":"https:\/\/barrelandboar.nl\/en\/wp-json\/wp\/v2\/product"}],"about":[{"href":"https:\/\/barrelandboar.nl\/en\/wp-json\/wp\/v2\/types\/product"}],"replies":[{"embeddable":true,"href":"https:\/\/barrelandboar.nl\/en\/wp-json\/wp\/v2\/comments?post=2433"}],"wp:featuredmedia":[{"embeddable":true,"href":"https:\/\/barrelandboar.nl\/en\/wp-json\/wp\/v2\/media\/2431"}],"wp:attachment":[{"href":"https:\/\/barrelandboar.nl\/en\/wp-json\/wp\/v2\/media?parent=2433"}],"wp:term":[{"taxonomy":"product_brand","embeddable":true,"href":"https:\/\/barrelandboar.nl\/en\/wp-json\/wp\/v2\/product_brand?post=2433"},{"taxonomy":"product_cat","embeddable":true,"href":"https:\/\/barrelandboar.nl\/en\/wp-json\/wp\/v2\/product_cat?post=2433"},{"taxonomy":"product_tag","embeddable":true,"href":"https:\/\/barrelandboar.nl\/en\/wp-json\/wp\/v2\/product_tag?post=2433"}],"curies":[{"name":"wp","href":"https:\/\/api.w.org\/{rel}","templated":true}]}}