{"id":2455,"date":"2025-04-03T17:04:56","date_gmt":"2025-04-03T15:04:56","guid":{"rendered":"https:\/\/barrelandboar.nl\/product\/fjallraven-brenner-pro-jacket-m-green-camo\/"},"modified":"2026-03-22T04:25:06","modified_gmt":"2026-03-22T03:25:06","slug":"fjallraven-brenner-pro-jacket-m-green-camo","status":"publish","type":"product","link":"https:\/\/barrelandboar.nl\/en\/fjallraven-brenner-pro-jacket-m-green-camo\/","title":{"rendered":"Fj\u00e4llr\u00e4ven Brenner Pro Jacket M Green Camo"},"content":{"rendered":"<p style=\"margin-top:0pt;margin-bottom:5pt\"><span style=\"font-size:10.5pt;color:#000000;background-color:#FFFFFF\">The\u00a0<\/span><span style=\"font-size:10.5pt;color:#000000;background-color:#FFFFFF;font-weight:bold\">Fj\u00e4llr\u00e4ven Brenner Pro Jacket<\/span><span style=\"font-size:10.5pt;color:#000000;background-color:#FFFFFF\">\u00a0is a durable jacket that can be used for any type of hunting. Both in bershooting, for foot, high-seat and pressure hunts. If you use extra layers of clothing in the winter months, this all-round hunting jacket can also be worn all year round. Not only is the exterior of the Brenner Pro Jacket waterproof, even the lining does not let a drop of water through.<\/span><\/p>\n<p style=\"margin-top:0pt;margin-bottom:5pt\"><span style=\"font-size:10.5pt;color:#000000;background-color:#FFFFFF\">As a hunter, you must be quiet. Even your clothes should not make any noise. Only then will you increase your chances of seeing game. This is why Fj\u00e4llr\u00e4ven has created G-1000 Silent. This ensures that you can stand and shoulder without making unnecessary noise. A good idea has also been found for your ammunition. In the right main pocket there is room for hail cartridges and on the left sleeve you can put your bullets in a separate zipped section. On the left shoulder is a clip-on attachment for a walkie talkie or GPS.<\/span><\/p>\n<p style=\"margin-top:0pt;margin-bottom:0pt\"><span style=\"font-size:10.5pt;color:#000000;background-color:#FFFFFF;font-weight:bold\">Specifications:<\/span><\/p>\n<ul style=\"margin:0pt;padding:0pt;list-style-type:disc\">\n<li style=\"font-size:12pt\">\n<p style=\"margin-left:0pt;margin-top:0pt;margin-bottom:0pt\"><span style=\"color:#000000;background-color:#FFFFFF\">Wind and waterproof hunting jacket<\/span><\/p>\n<\/li>\n<li style=\"font-size:12pt\">\n<p style=\"margin-left:0pt;margin-top:0pt;margin-bottom:0pt\"><span style=\"color:#000000;background-color:#FFFFFF\">Waterproof Hydratic lining<\/span><\/p>\n<\/li>\n<li style=\"font-size:12pt\">\n<p style=\"margin-left:0pt;margin-top:0pt;margin-bottom:0pt\"><span style=\"color:#000000;background-color:#FFFFFF\">Quiet thanks to G-1000 Silent<\/span><\/p>\n<\/li>\n<li style=\"font-size:12pt\">\n<p style=\"margin-left:0pt;margin-top:0pt;margin-bottom:0pt\"><span style=\"color:#000000;background-color:#FFFFFF\">Wide cut for extra layers of clothing<\/span><\/p>\n<\/li>\n<li style=\"font-size:12pt\">\n<p style=\"margin-left:0pt;margin-top:0pt;margin-bottom:0pt\"><span style=\"color:#000000;background-color:#FFFFFF\">Pattern holders in right pocket and left sleeve<\/span><\/p>\n<\/li>\n<li style=\"font-size:12pt\">\n<p style=\"margin-left:0pt;margin-top:0pt;margin-bottom:0pt\"><span style=\"color:#000000;background-color:#FFFFFF\">Fleece-lined side pockets<\/span><\/p>\n<\/li>\n<li style=\"font-size:12pt\">\n<p style=\"margin-left:0pt;margin-top:0pt;margin-bottom:0pt\"><span style=\"color:#000000;background-color:#FFFFFF\">Large napoleon pocket on the left<\/span><\/p>\n<\/li>\n<li style=\"font-size:12pt\">\n<p style=\"margin-left:0pt;margin-top:0pt;margin-bottom:0pt\"><span style=\"color:#000000;background-color:#FFFFFF\">Clip-on attachment for walkie talkie on left shoulder<\/span><\/p>\n<\/li>\n<li style=\"font-size:12pt\">\n<p style=\"margin-left:0pt;margin-top:0pt;margin-bottom:0pt\"><span style=\"color:#000000;background-color:#FFFFFF\">Two inner mesh pockets<\/span><\/p>\n<\/li>\n<li style=\"font-size:12pt\">\n<p style=\"margin-left:0pt;margin-top:0pt;margin-bottom:0pt\"><span style=\"color:#000000;background-color:#FFFFFF\">Adjustable wrist closures<\/span><\/p>\n<\/li>\n<li style=\"font-size:12pt\">\n<p style=\"margin-left:0pt;margin-top:0pt;margin-bottom:0pt\"><span style=\"color:#000000;background-color:#FFFFFF\">Drawstring at waist<\/span><\/p>\n<\/li>\n<\/ul>","protected":false},"excerpt":{"rendered":"<p style=\"margin-top:0pt;margin-bottom:0pt\"><span style=\"font-size:10.5pt;color:#000000;background-color:#FFFFFF\">The\u00a0<\/span><span style=\"font-size:10.5pt;color:#000000;background-color:#FFFFFF;font-weight:bold\">Fj\u00e4llr\u00e4ven Brenner Pro Jacket<\/span><span style=\"font-size:10.5pt;color:#000000;background-color:#FFFFFF\">\u00a0is a durable jacket that can be used for any type of hunting. Both in bershooting, for foot, high seat and pressure hunting. <\/span><\/p>","protected":false},"featured_media":2453,"comment_status":"open","ping_status":"closed","template":"","meta":{"_acf_changed":false,"rank_math_title":"Fj\u00e4llr\u00e4ven Brenner Pro Jacket M Green Camo","rank_math_description":"","rank_math_focus_keyword":"90310, Fj\u00e4llr\u00e4ven, Brenner, Pro, Jacket, M, Green, Camo, Fj\u00e4llr\u00e4ven Brenner Pro Jacket M Green Camo","GroupGuid":"","EcommerceProductGuid":"505208A9-07A7-4812-AA82-61D0DE497BA0","EcommerceProductVariationGuid":"","ProductNumber":"90310","ProductId":""},"product_brand":[137],"product_cat":[71,81,72,70],"product_tag":[],"class_list":{"0":"post-2455","1":"product","2":"type-product","3":"status-publish","4":"has-post-thumbnail","6":"product_brand-fjallraven","7":"product_cat-heren","8":"product_cat-camouflage","9":"product_cat-jassen","10":"product_cat-kleding","11":"pa_kleur-groen","13":"first","14":"instock","15":"sale","16":"taxable","17":"shipping-taxable","18":"purchasable","19":"product-type-variable"},"bundled_by":[],"bundle_stock_status":"instock","bundle_stock_quantity":null,"bundle_virtual":false,"bundle_layout":"","bundle_add_to_cart_form_location":"","bundle_editable_in_cart":false,"bundle_sold_individually_context":"","bundle_item_grouping":"","bundle_min_size":"","bundle_max_size":"","bundle_price":[],"bundled_items":[],"bundle_sell_ids":[],"acf":[],"rank_math_title":"Fj\u00e4llr\u00e4ven Brenner Pro Jacket M Green Camo","rank_math_description":null,"rank_math_focus_keyword":"90310, Fj\u00e4llr\u00e4ven, Brenner, Pro, Jacket, M, Green, Camo, Fj\u00e4llr\u00e4ven Brenner Pro Jacket M Green Camo","GroupGuid":null,"EcommerceProductGuid":"505208A9-07A7-4812-AA82-61D0DE497BA0","EcommerceProductVariationGuid":null,"ProductNumber":"90310","ProductId":null,"IgnoreVenditGroupURL":null,"IgnoreVenditGroupSEO":null,"_links":{"self":[{"href":"https:\/\/barrelandboar.nl\/en\/wp-json\/wp\/v2\/product\/2455","targetHints":{"allow":["GET"]}}],"collection":[{"href":"https:\/\/barrelandboar.nl\/en\/wp-json\/wp\/v2\/product"}],"about":[{"href":"https:\/\/barrelandboar.nl\/en\/wp-json\/wp\/v2\/types\/product"}],"replies":[{"embeddable":true,"href":"https:\/\/barrelandboar.nl\/en\/wp-json\/wp\/v2\/comments?post=2455"}],"wp:featuredmedia":[{"embeddable":true,"href":"https:\/\/barrelandboar.nl\/en\/wp-json\/wp\/v2\/media\/2453"}],"wp:attachment":[{"href":"https:\/\/barrelandboar.nl\/en\/wp-json\/wp\/v2\/media?parent=2455"}],"wp:term":[{"taxonomy":"product_brand","embeddable":true,"href":"https:\/\/barrelandboar.nl\/en\/wp-json\/wp\/v2\/product_brand?post=2455"},{"taxonomy":"product_cat","embeddable":true,"href":"https:\/\/barrelandboar.nl\/en\/wp-json\/wp\/v2\/product_cat?post=2455"},{"taxonomy":"product_tag","embeddable":true,"href":"https:\/\/barrelandboar.nl\/en\/wp-json\/wp\/v2\/product_tag?post=2455"}],"curies":[{"name":"wp","href":"https:\/\/api.w.org\/{rel}","templated":true}]}}