{"id":2477,"date":"2025-04-03T17:05:51","date_gmt":"2025-04-03T15:05:51","guid":{"rendered":"https:\/\/barrelandboar.nl\/product\/fjallraven-barents-3-in-1-hydratic-jacket-m-green-camo\/"},"modified":"2026-03-22T04:26:48","modified_gmt":"2026-03-22T03:26:48","slug":"fjallraven-barents-3-in-1-hydratic-jacket-m-green-camo","status":"publish","type":"product","link":"https:\/\/barrelandboar.nl\/en\/fjallraven-barents-3-in-1-hydratic-jacket-m-green-camo\/","title":{"rendered":"Fj\u00e4llr\u00e4ven Barents 3 in 1 Hydratic Jacket M Green Camo"},"content":{"rendered":"<p style=\"margin-top:0pt;margin-bottom:5pt\"><span style=\"font-size:10.5pt;color:#000000;background-color:#FFFFFF\">The\u00a0<\/span><span style=\"font-size:10.5pt;color:#000000;background-color:#FFFFFF;font-weight:bold\">Fj\u00e4llr\u00e4ven Barents 3 in 1 Hydratic Jacket M Green Camo<\/span><span style=\"font-size:10.5pt;color:#000000;background-color:#FFFFFF\">\u00a0is a hard-wearing, practical and versatile 3-in-1 jacket with various hunting features, such as radio pockets that can be used from above. The outer layer made of recycled polyester and organic cotton is fully lined with Hydratic against wind and rain.<\/span><\/p>\n<p style=\"margin-top:0pt;margin-bottom:5pt\"><span style=\"font-size:10.5pt;color:#000000;background-color:#FFFFFF\">The inner jacket is made of warm fleece material made of recycled polyester that can be zipped into the shell jacket or worn on its own.<\/span><\/p>\n<p style=\"margin-top:0pt;margin-bottom:5pt\"><span style=\"font-size:10.5pt;color:#000000;background-color:#FFFFFF\">The Barents 3-in-1 Hydratic Jacket for men is the perfect garment for hunting in different weather conditions and activity levels.<\/span><\/p>\n<p style=\"margin-top:0pt;margin-bottom:0pt\"><span style=\"font-size:10.5pt;color:#000000;background-color:#FFFFFF;font-weight:bold\">Specifications:<\/span><\/p>\n<ul style=\"margin:0pt;padding:0pt;list-style-type:disc\">\n<li style=\"font-size:12pt\">\n<p style=\"margin-left:0pt;margin-top:0pt;margin-bottom:0pt\"><span style=\"color:#000000;background-color:#FFFFFF\">Wind- and water-resistant 3-in-1 jacket specially made for hunting<\/span><\/p>\n<\/li>\n<li style=\"font-size:12pt\">\n<p style=\"margin-left:0pt;margin-top:0pt;margin-bottom:0pt\"><span style=\"color:#000000;background-color:#FFFFFF\">The shell jacket and inner jacket can be worn separately or zipped together<\/span><\/p>\n<\/li>\n<li style=\"font-size:12pt\">\n<p style=\"margin-left:0pt;margin-top:0pt;margin-bottom:0pt\"><span style=\"color:#000000;background-color:#FFFFFF\">Shell jacket made of a blend of recycled polyester and organic cotton<\/span><\/p>\n<\/li>\n<li style=\"font-size:12pt\">\n<p style=\"margin-left:0pt;margin-top:0pt;margin-bottom:0pt\"><span style=\"color:#000000;background-color:#FFFFFF\">Fully lined with Hydratic against wind and rain<\/span><\/p>\n<\/li>\n<li style=\"font-size:12pt\">\n<p style=\"margin-left:0pt;margin-top:0pt;margin-bottom:0pt\"><span style=\"color:#000000;background-color:#FFFFFF\">Specially designed for hunting, with several handy details<\/span><\/p>\n<\/li>\n<\/ul>","protected":false},"excerpt":{"rendered":"<p style=\"margin-top:0pt;margin-bottom:0pt\"><span style=\"font-size:10.5pt;color:#000000;background-color:#FFFFFF\">The\u00a0<\/span><span style=\"font-size:10.5pt;color:#000000;background-color:#FFFFFF;font-weight:bold\">Fj\u00e4llr\u00e4ven Barents 3 in 1 Hydratic Jacket M Green Camo<\/span><span style=\"font-size:10.5pt;color:#000000;background-color:#FFFFFF\">\u00a0is an abrasion-resistant, practical and versatile 3-in-1 jacket with various hunting features, such as radio pockets that can be used from above. <\/span><\/p>","protected":false},"featured_media":2473,"comment_status":"open","ping_status":"closed","template":"","meta":{"_acf_changed":false,"rank_math_title":"Fj\u00e4llr\u00e4ven Barents 3 in 1 Hydratic Jacket M Green Camo","rank_math_description":"","rank_math_focus_keyword":"12500158, Fj\u00e4llr\u00e4ven, Barents, 3, in, 1, Hydratic, Jacket, M, Green, Camo, Fj\u00e4llr\u00e4ven Barents 3 in 1 Hydratic Jacket M Green Camo","GroupGuid":"","EcommerceProductGuid":"6122B580-CED0-462C-BE6A-EA13193AECDA","EcommerceProductVariationGuid":"","ProductNumber":"12500158","ProductId":""},"product_brand":[137],"product_cat":[536,81,71,72,70],"product_tag":[],"class_list":{"0":"post-2477","1":"product","2":"type-product","3":"status-publish","4":"has-post-thumbnail","6":"product_brand-fjallraven","7":"product_cat-winterjassen","8":"product_cat-camouflage","9":"product_cat-heren","10":"product_cat-jassen","11":"product_cat-kleding","12":"pa_kleur-groen","14":"first","15":"instock","16":"sale","17":"taxable","18":"shipping-taxable","19":"purchasable","20":"product-type-variable"},"bundled_by":[],"bundle_stock_status":"instock","bundle_stock_quantity":null,"bundle_virtual":false,"bundle_layout":"","bundle_add_to_cart_form_location":"","bundle_editable_in_cart":false,"bundle_sold_individually_context":"","bundle_item_grouping":"","bundle_min_size":"","bundle_max_size":"","bundle_price":[],"bundled_items":[],"bundle_sell_ids":[],"acf":[],"rank_math_title":"Fj\u00e4llr\u00e4ven Barents 3 in 1 Hydratic Jacket M Green Camo","rank_math_description":null,"rank_math_focus_keyword":"12500158, Fj\u00e4llr\u00e4ven, Barents, 3, in, 1, Hydratic, Jacket, M, Green, Camo, Fj\u00e4llr\u00e4ven Barents 3 in 1 Hydratic Jacket M Green Camo","GroupGuid":null,"EcommerceProductGuid":"6122B580-CED0-462C-BE6A-EA13193AECDA","EcommerceProductVariationGuid":null,"ProductNumber":"12500158","ProductId":null,"IgnoreVenditGroupURL":null,"IgnoreVenditGroupSEO":null,"_links":{"self":[{"href":"https:\/\/barrelandboar.nl\/en\/wp-json\/wp\/v2\/product\/2477","targetHints":{"allow":["GET"]}}],"collection":[{"href":"https:\/\/barrelandboar.nl\/en\/wp-json\/wp\/v2\/product"}],"about":[{"href":"https:\/\/barrelandboar.nl\/en\/wp-json\/wp\/v2\/types\/product"}],"replies":[{"embeddable":true,"href":"https:\/\/barrelandboar.nl\/en\/wp-json\/wp\/v2\/comments?post=2477"}],"wp:featuredmedia":[{"embeddable":true,"href":"https:\/\/barrelandboar.nl\/en\/wp-json\/wp\/v2\/media\/2473"}],"wp:attachment":[{"href":"https:\/\/barrelandboar.nl\/en\/wp-json\/wp\/v2\/media?parent=2477"}],"wp:term":[{"taxonomy":"product_brand","embeddable":true,"href":"https:\/\/barrelandboar.nl\/en\/wp-json\/wp\/v2\/product_brand?post=2477"},{"taxonomy":"product_cat","embeddable":true,"href":"https:\/\/barrelandboar.nl\/en\/wp-json\/wp\/v2\/product_cat?post=2477"},{"taxonomy":"product_tag","embeddable":true,"href":"https:\/\/barrelandboar.nl\/en\/wp-json\/wp\/v2\/product_tag?post=2477"}],"curies":[{"name":"wp","href":"https:\/\/api.w.org\/{rel}","templated":true}]}}