{"id":2483,"date":"2025-04-03T17:06:04","date_gmt":"2025-04-03T15:06:04","guid":{"rendered":"https:\/\/barrelandboar.nl\/product\/fjallraven-lappland-hybrid-jacket-m-dark-olive\/"},"modified":"2026-03-22T04:38:41","modified_gmt":"2026-03-22T03:38:41","slug":"fjallraven-lappland-hybrid-jacket-m-dark-olive","status":"publish","type":"product","link":"https:\/\/barrelandboar.nl\/en\/fjallraven-lappland-hybrid-jacket-m-dark-olive\/","title":{"rendered":"Fj\u00e4llr\u00e4ven Lappland Hybrid Jacket M Dark Olive"},"content":{"rendered":"<p style=\"margin-top:0pt;margin-bottom:5pt\"><span style=\"font-size:10.5pt;color:#000000;background-color:#FFFFFF\">Fj\u00e4llr\u00e4ven now has the<\/span><span style=\"font-size:10.5pt;color:#000000;background-color:#FFFFFF;font-weight:bold\">\u00a0Lappland Hybrid Jacket<\/span><span style=\"font-size:10.5pt;color:#000000;background-color:#FFFFFF\">. A light and strong jacket for the discerning hunter looking for highly functional gear for active hunting days.<\/span><\/p>\n<p style=\"margin-top:0pt;margin-bottom:5pt\"><span style=\"font-size:10.5pt;color:#000000;background-color:#FFFFFF\">Designed to help you move quickly and effortlessly over long distances. It has wind- and water-resistant G-1000 Silent Eco made from recycled polyester and organic cotton on the front, shoulders and underarms. The back, upper arms and pockets are made of stretch fabric. This results in a noiseless, lightweight and highly flexible jacket with excellent breathability.<\/span><\/p>\n<p style=\"margin-top:0pt;margin-bottom:5pt\"><span style=\"font-size:10.5pt;color:#000000;background-color:#FFFFFF\">Its thoughtful features help you to focus entirely on the hunt and your surroundings. One example is the easy-access pocket with ammunition holders on the left sleeve and the attachment for a walkie-talkie on the left shoulder. A pair of large, flat pockets with flaps at the bottom allow you to store more ammunition. It also has two spacious vertical chest pockets, both zipped and one with a mesh inner pocket for a walkie-talkie or mobile phone.<\/span><\/p>\n<p style=\"margin-top:0pt;margin-bottom:5pt\"><span style=\"font-size:10.5pt;color:#000000;background-color:#FFFFFF\">Side zippered openings provide cooling if required, and the front zip works both ways, so it can be opened on both sides for extra ventilation. A well-fitting, adjustable hood offers perfect protection from cold winds. When you don't need it, you can zip it off the jacket. Adjustable with drawcord at the bottom edge and Velcro at the cuffs.<\/span><\/p>\n<p style=\"margin-top:0pt;margin-bottom:0pt\"><span style=\"font-size:10.5pt;color:#000000;background-color:#FFFFFF;font-weight:bold\">Specifications:<\/span><\/p>\n<ul style=\"margin:0pt;padding:0pt;list-style-type:disc\">\n<li style=\"font-size:12pt\">\n<p style=\"margin-left:0pt;margin-top:0pt;margin-bottom:0pt\"><span style=\"color:#000000;background-color:#FFFFFF\">Lightweight and durable jacket for active hunters<\/span><\/p>\n<\/li>\n<li style=\"font-size:12pt\">\n<p style=\"margin-left:0pt;margin-top:0pt;margin-bottom:0pt\"><span style=\"color:#000000;background-color:#FFFFFF\">The design is based on the award-winning Keb Jacket<\/span><\/p>\n<\/li>\n<li style=\"font-size:12pt\">\n<p style=\"margin-left:0pt;margin-top:0pt;margin-bottom:0pt\"><span style=\"color:#000000;background-color:#FFFFFF\">Wind- and water-resistant G-1000 Silent Eco (recycled polyester\/organic cotton) on the front, shoulders and bottom of sleeves<\/span><\/p>\n<\/li>\n<li style=\"font-size:12pt\">\n<p style=\"margin-left:0pt;margin-top:0pt;margin-bottom:0pt\"><span style=\"color:#000000;background-color:#FFFFFF\">Stretch fabric on back, sleeves and pockets for extra ventilation and freedom of movement<\/span><\/p>\n<\/li>\n<li style=\"font-size:12pt\">\n<p style=\"margin-left:0pt;margin-top:0pt;margin-bottom:0pt\"><span style=\"color:#000000;background-color:#FFFFFF\">Two-way zip with protective flap that can be opened from the bottom for extra ventilation<\/span><\/p>\n<\/li>\n<li style=\"font-size:12pt\">\n<p style=\"margin-left:0pt;margin-top:0pt;margin-bottom:0pt\"><span style=\"color:#000000;background-color:#FFFFFF\">Material:G-1000\u00ae Silent Eco: 65% polyester, 35% cotton<\/span><\/p>\n<\/li>\n<li style=\"font-size:12pt\">\n<p style=\"margin-left:0pt;margin-top:0pt;margin-bottom:0pt\"><span style=\"color:#000000;background-color:#FFFFFF\">63% polyamide, 26% polyester, 11% elastane<\/span><\/p>\n<\/li>\n<\/ul>","protected":false},"excerpt":{"rendered":"<p style=\"margin-top:0pt;margin-bottom:0pt\"><span style=\"font-size:10.5pt;color:#000000;background-color:#FFFFFF\">Fj\u00e4llr\u00e4ven now has the<\/span><span style=\"font-size:10.5pt;color:#000000;background-color:#FFFFFF;font-weight:bold\">\u00a0Lappland Hybrid Jacket<\/span><span style=\"font-size:10.5pt;color:#000000;background-color:#FFFFFF\">. A light and strong jacket for the discerning hunter looking for highly functional gear for active hunting days.<\/span><\/p>","protected":false},"featured_media":3455,"comment_status":"open","ping_status":"closed","template":"","meta":{"_acf_changed":false,"rank_math_title":"Fj\u00e4llr\u00e4ven Lappland Hybrid Jacket M Dark Olive","rank_math_description":"","rank_math_focus_keyword":"90170, Fj\u00e4llr\u00e4ven, , Lappland, Hybrid, Jacket, M, Dark, Olive, Fj\u00e4llr\u00e4ven Lappland Hybrid Jacket M Dark Olive","GroupGuid":"","EcommerceProductGuid":"F645C6C3-28A9-4F77-B7CA-F05CABFE0041","EcommerceProductVariationGuid":"","ProductNumber":"90170","ProductId":""},"product_brand":[137],"product_cat":[71,72,70],"product_tag":[],"class_list":{"0":"post-2483","1":"product","2":"type-product","3":"status-publish","4":"has-post-thumbnail","6":"product_brand-fjallraven","7":"product_cat-heren","8":"product_cat-jassen","9":"product_cat-kleding","10":"pa_kleur-bruin","12":"first","13":"instock","14":"sale","15":"taxable","16":"shipping-taxable","17":"purchasable","18":"product-type-variable"},"bundled_by":[],"bundle_stock_status":"instock","bundle_stock_quantity":null,"bundle_virtual":false,"bundle_layout":"","bundle_add_to_cart_form_location":"","bundle_editable_in_cart":false,"bundle_sold_individually_context":"","bundle_item_grouping":"","bundle_min_size":"","bundle_max_size":"","bundle_price":[],"bundled_items":[],"bundle_sell_ids":[],"acf":[],"rank_math_title":"Fj\u00e4llr\u00e4ven Lappland Hybrid Jacket M Dark Olive","rank_math_description":null,"rank_math_focus_keyword":"90170, Fj\u00e4llr\u00e4ven, , Lappland, Hybrid, Jacket, M, Dark, Olive, Fj\u00e4llr\u00e4ven Lappland Hybrid Jacket M Dark Olive","GroupGuid":null,"EcommerceProductGuid":"F645C6C3-28A9-4F77-B7CA-F05CABFE0041","EcommerceProductVariationGuid":null,"ProductNumber":"90170","ProductId":null,"IgnoreVenditGroupURL":null,"IgnoreVenditGroupSEO":null,"_links":{"self":[{"href":"https:\/\/barrelandboar.nl\/en\/wp-json\/wp\/v2\/product\/2483","targetHints":{"allow":["GET"]}}],"collection":[{"href":"https:\/\/barrelandboar.nl\/en\/wp-json\/wp\/v2\/product"}],"about":[{"href":"https:\/\/barrelandboar.nl\/en\/wp-json\/wp\/v2\/types\/product"}],"replies":[{"embeddable":true,"href":"https:\/\/barrelandboar.nl\/en\/wp-json\/wp\/v2\/comments?post=2483"}],"wp:featuredmedia":[{"embeddable":true,"href":"https:\/\/barrelandboar.nl\/en\/wp-json\/wp\/v2\/media\/3455"}],"wp:attachment":[{"href":"https:\/\/barrelandboar.nl\/en\/wp-json\/wp\/v2\/media?parent=2483"}],"wp:term":[{"taxonomy":"product_brand","embeddable":true,"href":"https:\/\/barrelandboar.nl\/en\/wp-json\/wp\/v2\/product_brand?post=2483"},{"taxonomy":"product_cat","embeddable":true,"href":"https:\/\/barrelandboar.nl\/en\/wp-json\/wp\/v2\/product_cat?post=2483"},{"taxonomy":"product_tag","embeddable":true,"href":"https:\/\/barrelandboar.nl\/en\/wp-json\/wp\/v2\/product_tag?post=2483"}],"curies":[{"name":"wp","href":"https:\/\/api.w.org\/{rel}","templated":true}]}}