{"id":2488,"date":"2025-04-04T11:26:36","date_gmt":"2025-04-04T09:26:36","guid":{"rendered":"https:\/\/barrelandboar.nl\/product\/fjallraven-karl-pro-zip-off-trousers-m-dark-olive\/"},"modified":"2026-03-22T04:37:27","modified_gmt":"2026-03-22T03:37:27","slug":"fjallraven-karl-pro-zip-off-trousers-m-dark-olive","status":"publish","type":"product","link":"https:\/\/barrelandboar.nl\/en\/fjallraven-karl-pro-zip-off-trousers-m-dark-olive\/","title":{"rendered":"Fj\u00e4llr\u00e4ven Karl Pro Zip-off Trousers M Dark Olive"},"content":{"rendered":"<p style=\"margin-top:0pt;margin-bottom:5pt\"><span style=\"font-size:10.5pt;color:#000000;background-color:#FFFFFF\">The\u00a0<\/span><span style=\"font-size:10.5pt;color:#000000;background-color:#FFFFFF;font-weight:bold\">Fj\u00e4llr\u00e4ven Karl Pro Zip-Off Trousers<\/span><span style=\"font-size:10.5pt;color:#000000;background-color:#FFFFFF\">\u00a0is a versatile outdoor pant made of G-1000 Silent with detachable trouser legs. It has a technically well-crafted cut and a total of eight pockets; including a multi-tool pocket.<\/span><\/p>\n<p style=\"margin-top:0pt;margin-bottom:5pt\"><span style=\"font-size:10.5pt;color:#000000;background-color:#FFFFFF\">The zip-off legs mean you can turn them into shorts at any time. This provides extraordinary versatility when hiking, hunting or travelling when you want to carry as little luggage as possible.<\/span><\/p>\n<p style=\"margin-top:0pt;margin-bottom:5pt\"><span style=\"font-size:10.5pt;color:#000000;background-color:#FFFFFF\">The cut with pre-shaped seat and knees ensure a better fit and excellent freedom of movement. Its eight pockets provide space for all the things you want to have at your fingertips; two side pockets, two back pockets with flaps and buttons, a zipped pocket on the left leg and one with a flap and a phone pocket on the inside. In addition, a small pocket for a multi-tool.<\/span><\/p>\n<p style=\"margin-top:0pt;margin-bottom:5pt\"><span style=\"font-size:10.5pt;color:#000000;background-color:#FFFFFF\">The trousers have a regular fit and a normal waist height. The trouser legs are unfinished so you can easily adjust them to your own length.<\/span><\/p>\n<p style=\"margin-top:0pt;margin-bottom:0pt\"><span style=\"font-size:10.5pt;color:#000000;background-color:#FFFFFF;font-weight:bold\">Specifications:<\/span><\/p>\n<ul style=\"margin:0pt;padding:0pt;list-style-type:disc\">\n<li style=\"font-size:12pt\">\n<p style=\"margin-left:0pt;margin-top:0pt;margin-bottom:0pt\"><span style=\"color:#000000;background-color:#FFFFFF\">Can be modified with Greenland Wax<\/span><\/p>\n<\/li>\n<li style=\"font-size:12pt\">\n<p style=\"margin-left:0pt;margin-top:0pt;margin-bottom:0pt\"><span style=\"color:#000000;background-color:#FFFFFF\">Sustainable<\/span><\/p>\n<\/li>\n<li style=\"font-size:12pt\">\n<p style=\"margin-left:0pt;margin-top:0pt;margin-bottom:0pt\"><span style=\"color:#000000;background-color:#FFFFFF\">Water-repellent<\/span><\/p>\n<\/li>\n<li style=\"font-size:12pt\">\n<p style=\"margin-left:0pt;margin-top:0pt;margin-bottom:0pt\"><span style=\"color:#000000;background-color:#FFFFFF\">Windproof<\/span><\/p>\n<\/li>\n<li style=\"font-size:12pt\">\n<p style=\"margin-left:0pt;margin-top:0pt;margin-bottom:0pt\"><span style=\"color:#000000;background-color:#FFFFFF\">Durable hiking trousers with zip-off function in G-1000 Silent<\/span><\/p>\n<\/li>\n<li style=\"font-size:12pt\">\n<p style=\"margin-left:0pt;margin-top:0pt;margin-bottom:0pt\"><span style=\"color:#000000;background-color:#FFFFFF\">Fitted cut with reinforced legs and pre-shaped knees<\/span><\/p>\n<\/li>\n<li style=\"font-size:12pt\">\n<p style=\"margin-left:0pt;margin-top:0pt;margin-bottom:0pt\"><span style=\"color:#000000;background-color:#FFFFFF\">One leg pocket with zip closure and one with button, the latter with an inner phone pocket<\/span><\/p>\n<\/li>\n<li style=\"font-size:12pt\">\n<p style=\"margin-left:0pt;margin-top:0pt;margin-bottom:0pt\"><span style=\"color:#000000;background-color:#FFFFFF\">Pocket for various items<\/span><\/p>\n<\/li>\n<li style=\"font-size:12pt\">\n<p style=\"margin-left:0pt;margin-top:0pt;margin-bottom:0pt\"><span style=\"color:#000000;background-color:#FFFFFF\">Two side pockets, two back pockets with overlays and buttons<\/span><\/p>\n<\/li>\n<li style=\"font-size:12pt\">\n<p style=\"margin-left:0pt;margin-top:0pt;margin-bottom:0pt\"><span style=\"color:#000000;background-color:#FFFFFF\">Material:G-1000\u00ae Silent: 65% polyester, 35% cotton<\/span><\/p>\n<\/li>\n<\/ul>","protected":false},"excerpt":{"rendered":"<p style=\"margin-top:0pt;margin-bottom:0pt\"><span style=\"font-size:10.5pt;color:#000000;background-color:#FFFFFF\">The\u00a0<\/span><span style=\"font-size:10.5pt;color:#000000;background-color:#FFFFFF;font-weight:bold\">Fj\u00e4llr\u00e4ven Karl Pro Zip-Off Trousers<\/span><span style=\"font-size:10.5pt;color:#000000;background-color:#FFFFFF\">\u00a0is a versatile outdoor pant made of G-1000 Silent with detachable trouser legs. It has a technically well-crafted cut and a total of eight pockets; including a multi-tool pocket.<\/span><\/p>","protected":false},"featured_media":2487,"comment_status":"open","ping_status":"closed","template":"","meta":{"_acf_changed":false,"rank_math_title":"Fj\u00e4llr\u00e4ven Karl Pro Zip-off Trousers M Dark Olive","rank_math_description":"","rank_math_focus_keyword":"81463-633, Fj\u00e4llr\u00e4ven, Karl, Pro, Zip-off, Trousers, M, Dark, Olive, Fj\u00e4llr\u00e4ven Karl Pro Zip-off Trousers M Dark Olive","GroupGuid":"","EcommerceProductGuid":"E57EAACB-4CBB-4AA1-91D7-59757F9B9577","EcommerceProductVariationGuid":"","ProductNumber":"81463-633","ProductId":""},"product_brand":[137],"product_cat":[71,74,70],"product_tag":[],"class_list":{"0":"post-2488","1":"product","2":"type-product","3":"status-publish","4":"has-post-thumbnail","6":"product_brand-fjallraven","7":"product_cat-heren","8":"product_cat-broeken","9":"product_cat-kleding","10":"pa_kleur-bruin","12":"first","13":"instock","14":"taxable","15":"shipping-taxable","16":"purchasable","17":"product-type-variable"},"bundled_by":[],"bundle_stock_status":"instock","bundle_stock_quantity":null,"bundle_virtual":false,"bundle_layout":"","bundle_add_to_cart_form_location":"","bundle_editable_in_cart":false,"bundle_sold_individually_context":"","bundle_item_grouping":"","bundle_min_size":"","bundle_max_size":"","bundle_price":[],"bundled_items":[],"bundle_sell_ids":[],"acf":[],"rank_math_title":"Fj\u00e4llr\u00e4ven Karl Pro Zip-off Trousers M Dark Olive","rank_math_description":null,"rank_math_focus_keyword":"81463-633, Fj\u00e4llr\u00e4ven, Karl, Pro, Zip-off, Trousers, M, Dark, Olive, Fj\u00e4llr\u00e4ven Karl Pro Zip-off Trousers M Dark Olive","GroupGuid":null,"EcommerceProductGuid":"E57EAACB-4CBB-4AA1-91D7-59757F9B9577","EcommerceProductVariationGuid":null,"ProductNumber":"81463-633","ProductId":null,"IgnoreVenditGroupURL":null,"IgnoreVenditGroupSEO":null,"_links":{"self":[{"href":"https:\/\/barrelandboar.nl\/en\/wp-json\/wp\/v2\/product\/2488","targetHints":{"allow":["GET"]}}],"collection":[{"href":"https:\/\/barrelandboar.nl\/en\/wp-json\/wp\/v2\/product"}],"about":[{"href":"https:\/\/barrelandboar.nl\/en\/wp-json\/wp\/v2\/types\/product"}],"replies":[{"embeddable":true,"href":"https:\/\/barrelandboar.nl\/en\/wp-json\/wp\/v2\/comments?post=2488"}],"wp:featuredmedia":[{"embeddable":true,"href":"https:\/\/barrelandboar.nl\/en\/wp-json\/wp\/v2\/media\/2487"}],"wp:attachment":[{"href":"https:\/\/barrelandboar.nl\/en\/wp-json\/wp\/v2\/media?parent=2488"}],"wp:term":[{"taxonomy":"product_brand","embeddable":true,"href":"https:\/\/barrelandboar.nl\/en\/wp-json\/wp\/v2\/product_brand?post=2488"},{"taxonomy":"product_cat","embeddable":true,"href":"https:\/\/barrelandboar.nl\/en\/wp-json\/wp\/v2\/product_cat?post=2488"},{"taxonomy":"product_tag","embeddable":true,"href":"https:\/\/barrelandboar.nl\/en\/wp-json\/wp\/v2\/product_tag?post=2488"}],"curies":[{"name":"wp","href":"https:\/\/api.w.org\/{rel}","templated":true}]}}