{"id":2495,"date":"2025-04-04T11:26:55","date_gmt":"2025-04-04T09:26:55","guid":{"rendered":"https:\/\/barrelandboar.nl\/product\/fjallraven-vidda-pro-lite-shorts-m-indigo-blue\/"},"modified":"2026-03-22T04:34:54","modified_gmt":"2026-03-22T03:34:54","slug":"fjallraven-vidda-pro-lite-shorts-m-indigo-blue","status":"publish","type":"product","link":"https:\/\/barrelandboar.nl\/en\/fjallraven-vidda-pro-lite-shorts-m-indigo-blue\/","title":{"rendered":"Fj\u00e4llr\u00e4ven Vidda Pro Lite Shorts M Indigo Blue"},"content":{"rendered":"<p style=\"margin-top:0pt;margin-bottom:5pt\"><span style=\"font-size:10.5pt;color:#000000;background-color:#FFFFFF\">The\u00a0<\/span><span style=\"font-size:10.5pt;color:#000000;background-color:#FFFFFF;font-weight:bold\">Fj\u00e4llr\u00e4ven Vidda Pro Lite Shorts<\/span><span style=\"font-size:10.5pt;color:#000000;background-color:#FFFFFF\">\u00a0is a lightweight, comfortable short trekking pant with practical pockets for hiking in warm temperatures.<\/span><\/p>\n<p style=\"margin-top:0pt;margin-bottom:5pt\"><span style=\"font-size:10.5pt;color:#000000;background-color:#FFFFFF\">The Vidda Pro is made of G-1000 Air Stretch and reinforced with double layers of fabric over the seat area. The functional trousers have several practical pockets, including open slash pockets, button pockets on the leg with pleats, a pocket for multiple items and an inner pocket for a phone.<\/span><\/p>\n<p style=\"margin-top:0pt;margin-bottom:5pt\"><span style=\"font-size:10.5pt;color:#000000;background-color:#FFFFFF;font-weight:bold\">Specifications:<\/span><\/p>\n<ul style=\"margin:0pt;padding:0pt;list-style-type:disc\">\n<li style=\"font-size:12pt\">\n<p style=\"margin-left:0pt;margin-top:0pt;margin-bottom:0pt\"><span style=\"color:#000000;background-color:#FFFFFF\">Can be modified with Greenland Wax<\/span><\/p>\n<\/li>\n<li style=\"font-size:12pt\">\n<p style=\"margin-left:0pt;margin-top:0pt;margin-bottom:0pt\"><span style=\"color:#000000;background-color:#FFFFFF\">Easy to carry<\/span><\/p>\n<\/li>\n<li style=\"font-size:12pt\">\n<p style=\"margin-left:0pt;margin-top:0pt;margin-bottom:0pt\"><span style=\"color:#000000;background-color:#FFFFFF\">Breathable<\/span><\/p>\n<\/li>\n<li style=\"font-size:12pt\">\n<p style=\"margin-left:0pt;margin-top:0pt;margin-bottom:0pt\"><span style=\"color:#000000;background-color:#FFFFFF\">Stretch<\/span><\/p>\n<\/li>\n<li style=\"font-size:12pt\">\n<p style=\"margin-left:0pt;margin-top:0pt;margin-bottom:0pt\"><span style=\"color:#000000;background-color:#FFFFFF\">Lightweight<\/span><\/p>\n<\/li>\n<li style=\"font-size:12pt\">\n<p style=\"margin-left:0pt;margin-top:0pt;margin-bottom:0pt\"><span style=\"color:#000000;background-color:#FFFFFF\">Made of G-1000 Air Stretch, reinforced with double layers of fabric at the back<\/span><\/p>\n<\/li>\n<li style=\"font-size:12pt\">\n<p style=\"margin-left:0pt;margin-top:0pt;margin-bottom:0pt\"><span style=\"color:#000000;background-color:#FFFFFF\">Open side pockets, buttoned leg pockets with pleats<\/span><\/p>\n<\/li>\n<li style=\"font-size:12pt\">\n<p style=\"margin-left:0pt;margin-top:0pt;margin-bottom:0pt\"><span style=\"color:#000000;background-color:#FFFFFF\">Pocket for multiple items, inner pocket for phone<\/span><\/p>\n<\/li>\n<li style=\"font-size:12pt\">\n<p style=\"margin-left:0pt;margin-top:0pt;margin-bottom:0pt\"><span style=\"color:#000000;background-color:#FFFFFF\">Regular-fit model<\/span><\/p>\n<\/li>\n<li style=\"font-size:12pt\">\n<p style=\"margin-left:0pt;margin-top:0pt;margin-bottom:0pt\"><span style=\"color:#000000;background-color:#FFFFFF\">Material: G-1000\u00ae Air Stretch: 65% polyester, 35% cotton<\/span><\/p>\n<\/li>\n<\/ul>\n<p style=\"margin-top:0pt;margin-bottom:0pt\"><span style=\"font-size:10.5pt;color:#000000;background-color:#FFFFFF\">\u00a0<\/span><\/p>","protected":false},"excerpt":{"rendered":"<p style=\"margin-top:0pt;margin-bottom:0pt\"><span style=\"font-size:10.5pt;color:#000000;background-color:#FFFFFF\">The\u00a0<\/span><span style=\"font-size:10.5pt;color:#000000;background-color:#FFFFFF;font-weight:bold\">Fj\u00e4llr\u00e4ven Vidda Pro Lite Shorts<\/span><span style=\"font-size:10.5pt;color:#000000;background-color:#FFFFFF\">\u00a0is a lightweight, comfortable short trekking pant with practical pockets for hiking in warm temperatures.<\/span><\/p>","protected":false},"featured_media":17866,"comment_status":"open","ping_status":"closed","template":"","meta":{"_acf_changed":false,"rank_math_title":"Fj\u00e4llr\u00e4ven Vidda Pro Lite Shorts M Indigo Blue","rank_math_description":"","rank_math_focus_keyword":"86892-534, Fj\u00e4llr\u00e4ven, , Vidda, Pro, Lite, Shorts, M, , Indigo, Blue, Fj\u00e4llr\u00e4ven Vidda Pro Lite Shorts M Indigo Blue","GroupGuid":"","EcommerceProductGuid":"C691C427-624E-427A-9197-AACA7C1244F9","EcommerceProductVariationGuid":"","ProductNumber":"86892-534","ProductId":""},"product_brand":[137],"product_cat":[71,74,70],"product_tag":[],"class_list":{"0":"post-2495","1":"product","2":"type-product","3":"status-publish","4":"has-post-thumbnail","6":"product_brand-fjallraven","7":"product_cat-heren","8":"product_cat-broeken","9":"product_cat-kleding","10":"pa_kleur-blauw","12":"first","13":"instock","14":"sale","15":"taxable","16":"shipping-taxable","17":"purchasable","18":"product-type-variable"},"bundled_by":[],"bundle_stock_status":"instock","bundle_stock_quantity":null,"bundle_virtual":false,"bundle_layout":"","bundle_add_to_cart_form_location":"","bundle_editable_in_cart":false,"bundle_sold_individually_context":"","bundle_item_grouping":"","bundle_min_size":"","bundle_max_size":"","bundle_price":[],"bundled_items":[],"bundle_sell_ids":[],"acf":[],"rank_math_title":"Fj\u00e4llr\u00e4ven Vidda Pro Lite Shorts M Indigo Blue","rank_math_description":null,"rank_math_focus_keyword":"86892-534, Fj\u00e4llr\u00e4ven, , Vidda, Pro, Lite, Shorts, M, , Indigo, Blue, Fj\u00e4llr\u00e4ven Vidda Pro Lite Shorts M Indigo Blue","GroupGuid":null,"EcommerceProductGuid":"C691C427-624E-427A-9197-AACA7C1244F9","EcommerceProductVariationGuid":null,"ProductNumber":"86892-534","ProductId":null,"IgnoreVenditGroupURL":null,"IgnoreVenditGroupSEO":null,"_links":{"self":[{"href":"https:\/\/barrelandboar.nl\/en\/wp-json\/wp\/v2\/product\/2495","targetHints":{"allow":["GET"]}}],"collection":[{"href":"https:\/\/barrelandboar.nl\/en\/wp-json\/wp\/v2\/product"}],"about":[{"href":"https:\/\/barrelandboar.nl\/en\/wp-json\/wp\/v2\/types\/product"}],"replies":[{"embeddable":true,"href":"https:\/\/barrelandboar.nl\/en\/wp-json\/wp\/v2\/comments?post=2495"}],"wp:featuredmedia":[{"embeddable":true,"href":"https:\/\/barrelandboar.nl\/en\/wp-json\/wp\/v2\/media\/17866"}],"wp:attachment":[{"href":"https:\/\/barrelandboar.nl\/en\/wp-json\/wp\/v2\/media?parent=2495"}],"wp:term":[{"taxonomy":"product_brand","embeddable":true,"href":"https:\/\/barrelandboar.nl\/en\/wp-json\/wp\/v2\/product_brand?post=2495"},{"taxonomy":"product_cat","embeddable":true,"href":"https:\/\/barrelandboar.nl\/en\/wp-json\/wp\/v2\/product_cat?post=2495"},{"taxonomy":"product_tag","embeddable":true,"href":"https:\/\/barrelandboar.nl\/en\/wp-json\/wp\/v2\/product_tag?post=2495"}],"curies":[{"name":"wp","href":"https:\/\/api.w.org\/{rel}","templated":true}]}}