{"id":2515,"date":"2025-04-04T12:27:54","date_gmt":"2025-04-04T10:27:54","guid":{"rendered":"https:\/\/barrelandboar.nl\/product\/fjallraven-vidda-pro-ventilated-trousers-regular-m-dark-olive\/"},"modified":"2026-03-22T04:23:47","modified_gmt":"2026-03-22T03:23:47","slug":"fjallraven-vidda-pro-ventilated-trousers-regular-m-dark-olive","status":"publish","type":"product","link":"https:\/\/barrelandboar.nl\/en\/fjallraven-vidda-pro-ventilated-trousers-regular-m-dark-olive\/","title":{"rendered":"Fj\u00e4llr\u00e4ven Vidda Pro Ventilated Trousers Regular M Dark Olive"},"content":{"rendered":"<p style=\"margin-top:0pt;margin-bottom:5pt\"><span style=\"font-size:10.5pt;color:#000000;background-color:#FFFFFF\">The\u00a0<\/span><span style=\"font-size:10.5pt;color:#000000;background-color:#FFFFFF;font-weight:bold\">Fj\u00e4llr\u00e4ven Vidda Pro Trousers<\/span><span style=\"font-size:10.5pt;color:#000000;background-color:#FFFFFF\">\u00a0is a durable trekking pant with Fj\u00e4llr\u00e4ven's patented G-1000. Designed to get you through long trekking trips as comfortably as possible. Reinforced at the knees and seat area with a double layer of fabric. There is also an opening at the knees for knee pads. This feels a lot more comfortable when leaning on your knees or walking in an area with a lot of stones.<\/span><\/p>\n<p style=\"margin-top:0pt;margin-bottom:5pt\"><span style=\"font-size:10.5pt;color:#000000;background-color:#FFFFFF\">With the Fj\u00e4llr\u00e4ven Vidda Pro Trousers, you don't necessarily need to carry a jacket or vest for your small stuff. That's because you can store them all in one of the six practical pockets. For example, there are three thigh pockets where there is room for a map and other equipment. Then, of course, there are the side pockets and a back pocket near the seat. There is also a multitool pocket where you can even hang an axe.<\/span><\/p>\n<p style=\"margin-top:0pt;margin-bottom:5pt\"><span style=\"font-size:10.5pt;color:#000000;background-color:#FFFFFF;font-weight:bold\">Specifications:<\/span><\/p>\n<ul style=\"margin:0pt;padding:0pt;list-style-type:disc\">\n<li style=\"font-size:12pt\">\n<p style=\"margin-left:0pt;margin-top:0pt;margin-bottom:0pt\"><span style=\"color:#000000;background-color:#FFFFFF\">Durable trekking trousers<\/span><\/p>\n<\/li>\n<li style=\"font-size:12pt\">\n<p style=\"margin-left:0pt;margin-top:0pt;margin-bottom:0pt\"><span style=\"color:#000000;background-color:#FFFFFF\">Waterproof through G-1000<\/span><\/p>\n<\/li>\n<li style=\"font-size:12pt\">\n<p style=\"margin-left:0pt;margin-top:0pt;margin-bottom:0pt\"><span style=\"color:#000000;background-color:#FFFFFF\">Regular fit and waist<\/span><\/p>\n<\/li>\n<li style=\"font-size:12pt\">\n<p style=\"margin-left:0pt;margin-top:0pt;margin-bottom:0pt\"><span style=\"color:#000000;background-color:#FFFFFF\">Pre-shaped knees and seat<\/span><\/p>\n<\/li>\n<li style=\"font-size:12pt\">\n<p style=\"margin-left:0pt;margin-top:0pt;margin-bottom:0pt\"><span style=\"color:#000000;background-color:#FFFFFF\">Six practical pockets<\/span><\/p>\n<\/li>\n<li style=\"font-size:12pt\">\n<p style=\"margin-left:0pt;margin-top:0pt;margin-bottom:0pt\"><span style=\"color:#000000;background-color:#FFFFFF\">Multitool pocket<\/span><\/p>\n<\/li>\n<li style=\"font-size:12pt\">\n<p style=\"margin-left:0pt;margin-top:0pt;margin-bottom:0pt\"><span style=\"color:#000000;background-color:#FFFFFF\">Adjustable fastenings at the bottom of the trouser legs<\/span><\/p>\n<\/li>\n<li style=\"font-size:12pt\">\n<p style=\"margin-left:0pt;margin-top:0pt;margin-bottom:0pt\"><span style=\"color:#000000;background-color:#FFFFFF\">Opening for knee pads (accessory)<\/span><\/p>\n<\/li>\n<\/ul>","protected":false},"excerpt":{"rendered":"<p style=\"margin-top:0pt;margin-bottom:0pt\"><span style=\"font-size:10.5pt;color:#000000;background-color:#FFFFFF\">The\u00a0<\/span><span style=\"font-size:10.5pt;color:#000000;background-color:#FFFFFF;font-weight:bold\">Fj\u00e4llr\u00e4ven Vidda Pro Trousers<\/span><span style=\"font-size:10.5pt;color:#000000;background-color:#FFFFFF\">\u00a0is a durable trekking pant with Fj\u00e4llr\u00e4ven's patented G-1000. Designed to get you through long trekking trips as comfortably as possible. Reinforced at the knees and seat area with a double layer of fabric. <\/span><\/p>","protected":false},"featured_media":2544,"comment_status":"open","ping_status":"closed","template":"","meta":{"_acf_changed":false,"rank_math_title":"Fj\u00e4llr\u00e4ven Vidda Pro Ventilated Trousers Regular M Dark Olive","rank_math_description":"","rank_math_focus_keyword":"81160-633, Fj\u00e4llr\u00e4ven, Vidda, Pro, Ventilated, Trousers, Regular, M, Dark, Olive, Fj\u00e4llr\u00e4ven Vidda Pro Ventilated Trousers Regular M Dark Olive","GroupGuid":"","EcommerceProductGuid":"40590125-69AC-49B3-B02C-3BFAF52BA3C0","EcommerceProductVariationGuid":"","ProductNumber":"81160-633","ProductId":""},"product_brand":[137],"product_cat":[71,74,70],"product_tag":[],"class_list":{"0":"post-2515","1":"product","2":"type-product","3":"status-publish","4":"has-post-thumbnail","6":"product_brand-fjallraven","7":"product_cat-heren","8":"product_cat-broeken","9":"product_cat-kleding","10":"pa_kleur-bruin","12":"first","13":"instock","14":"taxable","15":"shipping-taxable","16":"purchasable","17":"product-type-variable"},"bundled_by":[],"bundle_stock_status":"instock","bundle_stock_quantity":null,"bundle_virtual":false,"bundle_layout":"","bundle_add_to_cart_form_location":"","bundle_editable_in_cart":false,"bundle_sold_individually_context":"","bundle_item_grouping":"","bundle_min_size":"","bundle_max_size":"","bundle_price":[],"bundled_items":[],"bundle_sell_ids":[],"acf":[],"rank_math_title":"Fj\u00e4llr\u00e4ven Vidda Pro Ventilated Trousers Regular M Dark Olive","rank_math_description":null,"rank_math_focus_keyword":"81160-633, Fj\u00e4llr\u00e4ven, Vidda, Pro, Ventilated, Trousers, Regular, M, Dark, Olive, Fj\u00e4llr\u00e4ven Vidda Pro Ventilated Trousers Regular M Dark Olive","GroupGuid":null,"EcommerceProductGuid":"40590125-69AC-49B3-B02C-3BFAF52BA3C0","EcommerceProductVariationGuid":null,"ProductNumber":"81160-633","ProductId":null,"IgnoreVenditGroupURL":null,"IgnoreVenditGroupSEO":null,"_links":{"self":[{"href":"https:\/\/barrelandboar.nl\/en\/wp-json\/wp\/v2\/product\/2515","targetHints":{"allow":["GET"]}}],"collection":[{"href":"https:\/\/barrelandboar.nl\/en\/wp-json\/wp\/v2\/product"}],"about":[{"href":"https:\/\/barrelandboar.nl\/en\/wp-json\/wp\/v2\/types\/product"}],"replies":[{"embeddable":true,"href":"https:\/\/barrelandboar.nl\/en\/wp-json\/wp\/v2\/comments?post=2515"}],"wp:featuredmedia":[{"embeddable":true,"href":"https:\/\/barrelandboar.nl\/en\/wp-json\/wp\/v2\/media\/2544"}],"wp:attachment":[{"href":"https:\/\/barrelandboar.nl\/en\/wp-json\/wp\/v2\/media?parent=2515"}],"wp:term":[{"taxonomy":"product_brand","embeddable":true,"href":"https:\/\/barrelandboar.nl\/en\/wp-json\/wp\/v2\/product_brand?post=2515"},{"taxonomy":"product_cat","embeddable":true,"href":"https:\/\/barrelandboar.nl\/en\/wp-json\/wp\/v2\/product_cat?post=2515"},{"taxonomy":"product_tag","embeddable":true,"href":"https:\/\/barrelandboar.nl\/en\/wp-json\/wp\/v2\/product_tag?post=2515"}],"curies":[{"name":"wp","href":"https:\/\/api.w.org\/{rel}","templated":true}]}}