{"id":2530,"date":"2025-04-04T12:28:24","date_gmt":"2025-04-04T10:28:24","guid":{"rendered":"https:\/\/barrelandboar.nl\/product\/fjallraven-vidda-pro-ventilated-trousers-long-m-buckwheat-brown-54\/"},"modified":"2026-03-22T04:25:58","modified_gmt":"2026-03-22T03:25:58","slug":"fjallraven-vidda-pro-ventilated-trousers-long-m-buckwheat-brown-54","status":"publish","type":"product","link":"https:\/\/barrelandboar.nl\/en\/fjallraven-vidda-pro-ventilated-trousers-long-m-buckwheat-brown-54\/","title":{"rendered":"Fj\u00e4llr\u00e4ven Vidda Pro Ventilated Trousers Long M Buckwheat Brown 54"},"content":{"rendered":"<p><span>The\u00a0<\/span><span><strong>Fj\u00e4llr\u00e4ven Vidda Pro Ventilated Trousers M Long - Buckweat Brown<\/strong><\/span><span>\u00a0is a durable trekking pant with technical features, made from wind- and water-resistant G-1000 Eco. This model has good ventilation options and a new, slightly slimmer fit that still offers optimal freedom of movement. The adjustable straps with button at the bottom of the legs can be removed and the trousers feature several useful pockets and details, including a pocket for a knife on the right leg and a loop for an axe at waist level. This model has a longer leg length (+5 cm).\u00a0<\/span><\/p>\n<p><span><strong>Specifications:<\/strong><\/span><\/p>\n<ul>\n<li>Material: G-1000\u00ae Eco: 65% polyester, 35% cotton<br \/>63% polyamide, 26% polyester, 11% elastane<\/li>\n<li>Reinforced and pre-shaped knees with space for knee pads<\/li>\n<li>Medium waist<\/li>\n<li>Regular Fit<\/li>\n<li>Adjustable pipe ends<\/li>\n<li>Boot hook<\/li>\n<\/ul>","protected":false},"excerpt":{"rendered":"<p><span>The\u00a0<\/span><span><strong>Fj\u00e4llr\u00e4ven Vidda Pro Ventilated Trousers M Long - Buckweat Brown<\/strong><\/span><span>\u00a0is a durable trekking pant with technical features, made from wind- and water-resistant G-1000 Eco. This model has good ventilation options and a new, slightly slimmer fit that still offers optimal freedom of movement.<\/span><\/p>","protected":false},"featured_media":2528,"comment_status":"open","ping_status":"closed","template":"","meta":{"_acf_changed":false,"rank_math_title":"Fj\u00e4llr\u00e4ven Vidda Pro Ventilated Trousers Long M Buckwheat Brown","rank_math_description":"","rank_math_focus_keyword":"F81160, Fj\u00e4llr\u00e4ven, Vidda, Pro, Ventilated, Trousers, Long, M, Buckwheat, Brown, Fj\u00e4llr\u00e4ven Vidda Pro Ventilated Trousers Long M Buckwheat Brown","GroupGuid":"","EcommerceProductGuid":"58C13DC1-B108-4563-B6F4-C6364AA1F591","EcommerceProductVariationGuid":"","ProductNumber":"F81160","ProductId":""},"product_brand":[137],"product_cat":[71,74,70],"product_tag":[],"class_list":{"0":"post-2530","1":"product","2":"type-product","3":"status-publish","4":"has-post-thumbnail","6":"product_brand-fjallraven","7":"product_cat-heren","8":"product_cat-broeken","9":"product_cat-kleding","10":"pa_kleur-bruin","12":"first","13":"instock","14":"taxable","15":"shipping-taxable","16":"purchasable","17":"product-type-variable"},"bundled_by":[],"bundle_stock_status":"instock","bundle_stock_quantity":null,"bundle_virtual":false,"bundle_layout":"","bundle_add_to_cart_form_location":"","bundle_editable_in_cart":false,"bundle_sold_individually_context":"","bundle_item_grouping":"","bundle_min_size":"","bundle_max_size":"","bundle_price":[],"bundled_items":[],"bundle_sell_ids":[],"acf":[],"rank_math_title":"Fj\u00e4llr\u00e4ven Vidda Pro Ventilated Trousers Long M Buckwheat Brown","rank_math_description":null,"rank_math_focus_keyword":"F81160, Fj\u00e4llr\u00e4ven, Vidda, Pro, Ventilated, Trousers, Long, M, Buckwheat, Brown, Fj\u00e4llr\u00e4ven Vidda Pro Ventilated Trousers Long M Buckwheat Brown","GroupGuid":null,"EcommerceProductGuid":"58C13DC1-B108-4563-B6F4-C6364AA1F591","EcommerceProductVariationGuid":null,"ProductNumber":"F81160","ProductId":null,"IgnoreVenditGroupURL":null,"IgnoreVenditGroupSEO":null,"_links":{"self":[{"href":"https:\/\/barrelandboar.nl\/en\/wp-json\/wp\/v2\/product\/2530","targetHints":{"allow":["GET"]}}],"collection":[{"href":"https:\/\/barrelandboar.nl\/en\/wp-json\/wp\/v2\/product"}],"about":[{"href":"https:\/\/barrelandboar.nl\/en\/wp-json\/wp\/v2\/types\/product"}],"replies":[{"embeddable":true,"href":"https:\/\/barrelandboar.nl\/en\/wp-json\/wp\/v2\/comments?post=2530"}],"wp:featuredmedia":[{"embeddable":true,"href":"https:\/\/barrelandboar.nl\/en\/wp-json\/wp\/v2\/media\/2528"}],"wp:attachment":[{"href":"https:\/\/barrelandboar.nl\/en\/wp-json\/wp\/v2\/media?parent=2530"}],"wp:term":[{"taxonomy":"product_brand","embeddable":true,"href":"https:\/\/barrelandboar.nl\/en\/wp-json\/wp\/v2\/product_brand?post=2530"},{"taxonomy":"product_cat","embeddable":true,"href":"https:\/\/barrelandboar.nl\/en\/wp-json\/wp\/v2\/product_cat?post=2530"},{"taxonomy":"product_tag","embeddable":true,"href":"https:\/\/barrelandboar.nl\/en\/wp-json\/wp\/v2\/product_tag?post=2530"}],"curies":[{"name":"wp","href":"https:\/\/api.w.org\/{rel}","templated":true}]}}