{"id":2556,"date":"2025-04-04T12:53:41","date_gmt":"2025-04-04T10:53:41","guid":{"rendered":"https:\/\/barrelandboar.nl\/product\/fjallraven-tapered-winter-trousers-m-dark-olive\/"},"modified":"2026-03-22T04:31:07","modified_gmt":"2026-03-22T03:31:07","slug":"fjallraven-tapered-winter-trousers-m-dark-olive","status":"publish","type":"product","link":"https:\/\/barrelandboar.nl\/en\/fjallraven-tapered-winter-trousers-m-dark-olive\/","title":{"rendered":"Fj\u00e4llr\u00e4ven Tapered Winter Trousers M Dark Olive"},"content":{"rendered":"<p style=\"margin-top:0pt;margin-bottom:5pt\"><span style=\"font-size:10.5pt;color:#000000;background-color:#FFFFFF\">The\u00a0<\/span><span style=\"font-size:10.5pt;color:#000000;background-color:#FFFFFF;font-weight:bold\">Fj\u00e4llr\u00e4ven S\u00f6rmland Tapered Winter Trousers Dark Olive\u00a0<\/span><span style=\"font-size:10.5pt;color:#000000;background-color:#FFFFFF\">is a comfortable, warm hunting pant with narrow tapered legs that make it easy to slip into a pair of high boots. Made from wind- and water-resistant G-1000 Silent Eco that wicks away moisture very effectively. A brushed mesh lining running to just below the knees provides extra warmth where it is needed most.<\/span><\/p>\n<p style=\"margin-top:0pt;margin-bottom:5pt\"><span style=\"font-size:10.5pt;color:#000000;background-color:#FFFFFF\">Perfect for hunting in easy terrain or practising on the shooting range. However, its timeless style also makes the trousers suitable for other activities in everyday life. The model has a regular fit with a normal waist and is slightly raised at the back, so the trousers also fit well when you are squatting or carrying a backpack with a waist belt. The trousers have a pocket for a knife on the right leg, side pockets and back pockets with buttons, reinforced fastenings where you can easily attach braces and hemmed legs.<\/span><\/p>\n<p style=\"margin-top:0pt;margin-bottom:0pt\"><span style=\"font-size:10.5pt;color:#000000;background-color:#FFFFFF;font-weight:bold\">Specifications:<\/span><\/p>\n<ul style=\"margin:0pt;padding:0pt;list-style-type:disc\">\n<li style=\"font-size:12pt\">\n<p style=\"margin-left:0pt;margin-top:0pt;margin-bottom:0pt\"><span style=\"color:#000000;background-color:#FFFFFF\">Material:G-1000\u00ae Silent Eco: 65% polyester, 35% cotton<\/span><\/p>\n<\/li>\n<li style=\"font-size:12pt\">\n<p style=\"margin-left:0pt;margin-top:0pt;margin-bottom:0pt\"><span style=\"color:#000000;background-color:#FFFFFF\">Inner material: 100% polyester<\/span><\/p>\n<\/li>\n<li style=\"font-size:12pt\">\n<p style=\"margin-left:0pt;margin-top:0pt;margin-bottom:0pt\"><span style=\"color:#000000;background-color:#FFFFFF\">Medium waist<\/span><\/p>\n<\/li>\n<li style=\"font-size:12pt\">\n<p style=\"margin-left:0pt;margin-top:0pt;margin-bottom:0pt\"><span style=\"color:#000000;background-color:#FFFFFF\">Regular Fit<\/span><\/p>\n<\/li>\n<li style=\"font-size:12pt\">\n<p style=\"margin-left:0pt;margin-top:0pt;margin-bottom:0pt\"><span style=\"color:#000000;background-color:#FFFFFF\">Pre-shaped knees<\/span><\/p>\n<\/li>\n<\/ul>","protected":false},"excerpt":{"rendered":"<p style=\"margin-top:0pt;margin-bottom:0pt\"><span style=\"font-size:10.5pt;color:#000000;background-color:#FFFFFF\">The\u00a0<\/span><span style=\"font-size:10.5pt;color:#000000;background-color:#FFFFFF;font-weight:bold\">Fj\u00e4llr\u00e4ven S\u00f6rmland Tapered Winter Trousers Dark Olive\u00a0<\/span><span style=\"font-size:10.5pt;color:#000000;background-color:#FFFFFF\">is a comfortable, warm hunting pant with narrow tapered legs that make it easy to slip into a pair of high boots<\/span><\/p>","protected":false},"featured_media":2554,"comment_status":"open","ping_status":"closed","template":"","meta":{"_acf_changed":false,"rank_math_title":"Fj\u00e4llr\u00e4ven Tapered Winter Trousers M Dark Olive","rank_math_description":"","rank_math_focus_keyword":"90701, Fj\u00e4llr\u00e4ven, Tapered, Winter, Trousers, M, Dark, Olive, Fj\u00e4llr\u00e4ven Tapered Winter Trousers M Dark Olive","GroupGuid":"","EcommerceProductGuid":"97D57EC2-D0F9-4A4E-96AA-BB003570CA0D","EcommerceProductVariationGuid":"","ProductNumber":"90701","ProductId":""},"product_brand":[137],"product_cat":[71,74,70],"product_tag":[],"class_list":{"0":"post-2556","1":"product","2":"type-product","3":"status-publish","4":"has-post-thumbnail","6":"product_brand-fjallraven","7":"product_cat-heren","8":"product_cat-broeken","9":"product_cat-kleding","10":"pa_kleur-bruin","12":"first","13":"instock","14":"taxable","15":"shipping-taxable","16":"purchasable","17":"product-type-variable"},"bundled_by":[],"bundle_stock_status":"instock","bundle_stock_quantity":null,"bundle_virtual":false,"bundle_layout":"","bundle_add_to_cart_form_location":"","bundle_editable_in_cart":false,"bundle_sold_individually_context":"","bundle_item_grouping":"","bundle_min_size":"","bundle_max_size":"","bundle_price":[],"bundled_items":[],"bundle_sell_ids":[],"acf":[],"rank_math_title":"Fj\u00e4llr\u00e4ven Tapered Winter Trousers M Dark Olive","rank_math_description":null,"rank_math_focus_keyword":"90701, Fj\u00e4llr\u00e4ven, Tapered, Winter, Trousers, M, Dark, Olive, Fj\u00e4llr\u00e4ven Tapered Winter Trousers M Dark Olive","GroupGuid":null,"EcommerceProductGuid":"97D57EC2-D0F9-4A4E-96AA-BB003570CA0D","EcommerceProductVariationGuid":null,"ProductNumber":"90701","ProductId":null,"IgnoreVenditGroupURL":null,"IgnoreVenditGroupSEO":null,"_links":{"self":[{"href":"https:\/\/barrelandboar.nl\/en\/wp-json\/wp\/v2\/product\/2556","targetHints":{"allow":["GET"]}}],"collection":[{"href":"https:\/\/barrelandboar.nl\/en\/wp-json\/wp\/v2\/product"}],"about":[{"href":"https:\/\/barrelandboar.nl\/en\/wp-json\/wp\/v2\/types\/product"}],"replies":[{"embeddable":true,"href":"https:\/\/barrelandboar.nl\/en\/wp-json\/wp\/v2\/comments?post=2556"}],"wp:featuredmedia":[{"embeddable":true,"href":"https:\/\/barrelandboar.nl\/en\/wp-json\/wp\/v2\/media\/2554"}],"wp:attachment":[{"href":"https:\/\/barrelandboar.nl\/en\/wp-json\/wp\/v2\/media?parent=2556"}],"wp:term":[{"taxonomy":"product_brand","embeddable":true,"href":"https:\/\/barrelandboar.nl\/en\/wp-json\/wp\/v2\/product_brand?post=2556"},{"taxonomy":"product_cat","embeddable":true,"href":"https:\/\/barrelandboar.nl\/en\/wp-json\/wp\/v2\/product_cat?post=2556"},{"taxonomy":"product_tag","embeddable":true,"href":"https:\/\/barrelandboar.nl\/en\/wp-json\/wp\/v2\/product_tag?post=2556"}],"curies":[{"name":"wp","href":"https:\/\/api.w.org\/{rel}","templated":true}]}}