{"id":2578,"date":"2025-04-04T14:30:54","date_gmt":"2025-04-04T12:30:54","guid":{"rendered":"https:\/\/barrelandboar.nl\/product\/fjallraven-keb-agile-winter-trousers-m-dark-olive\/"},"modified":"2026-03-22T04:26:23","modified_gmt":"2026-03-22T03:26:23","slug":"fjallraven-keb-agile-winter-trousers-m-dark-olive","status":"publish","type":"product","link":"https:\/\/barrelandboar.nl\/en\/fjallraven-keb-agile-winter-trousers-m-dark-olive\/","title":{"rendered":"Fj\u00e4llr\u00e4ven Keb Agile Winter Trousers M Dark Olive"},"content":{"rendered":"<p style=\"margin-top:0pt;margin-bottom:5pt\"><span style=\"font-size:10.5pt;color:#000000;background-color:#FFFFFF\">The F<\/span><span style=\"font-size:10.5pt;color:#000000;background-color:#FFFFFF;font-weight:bold\">j\u00e4llr\u00e4ven Keb Agile Winter Trousers<\/span><span style=\"font-size:10.5pt;color:#000000;background-color:#FFFFFF\">\u00a0is a winter pant and made to be your favourite all-round trekking pant in cold conditions.<\/span><\/p>\n<p style=\"margin-top:0pt;margin-bottom:5pt\"><span style=\"font-size:10.5pt;color:#000000;background-color:#FFFFFF\">It is a softshell winter pant made of a double-woven, four-way stretch fabric with a brushed interior that makes it both warm and extremely comfortable. Recycled blend of polyamide, polyester and elastane with a DWR produced without PFAS and G-1000 stretch reinforcements across the thigh pockets, knees and leg ends.<\/span><\/p>\n<p style=\"margin-top:0pt;margin-bottom:5pt\"><span style=\"font-size:10.5pt;color:#000000;background-color:#FFFFFF\">Slightly roomier than the Keb Agile trousers, allowing for thicker base layers underneath. The leg ends have a zip-in insert and are compatible with winter hiking boots. Perfect for winter excursions where you need excellent freedom of movement, combined with warmth, durability and protection.<\/span><\/p>\n<p style=\"margin-top:0pt;margin-bottom:0pt\"><span style=\"font-size:10.5pt;color:#000000;background-color:#FFFFFF;font-weight:bold\">Specifications:<\/span><\/p>\n<ul style=\"margin:0pt;padding:0pt;list-style-type:disc\">\n<li style=\"font-size:12pt\">\n<p style=\"margin-left:0pt;margin-top:0pt;margin-bottom:0pt\"><span style=\"color:#000000;background-color:#FFFFFF\">Soft, warm fabric with four-way stretch and brushed inside.<\/span><\/p>\n<\/li>\n<li style=\"font-size:12pt\">\n<p style=\"margin-left:0pt;margin-top:0pt;margin-bottom:0pt\"><span style=\"color:#000000;background-color:#FFFFFF\">G-1000 Stretch reinforcements on leg ends, knees and thigh pockets.<\/span><\/p>\n<\/li>\n<li style=\"font-size:12pt\">\n<p style=\"margin-left:0pt;margin-top:0pt;margin-bottom:0pt\"><span style=\"color:#000000;background-color:#FFFFFF\">Zipped vents.<\/span><\/p>\n<\/li>\n<li style=\"font-size:12pt\">\n<p style=\"margin-left:0pt;margin-top:0pt;margin-bottom:0pt\"><span style=\"color:#000000;background-color:#FFFFFF\">Boot hooks and zipped inserts at the leg ends.<\/span><\/p>\n<\/li>\n<\/ul>","protected":false},"excerpt":{"rendered":"<p style=\"margin-top:0pt;margin-bottom:0pt\"><span style=\"font-size:10.5pt;color:#000000;background-color:#FFFFFF\">The F<\/span><span style=\"font-size:10.5pt;color:#000000;background-color:#FFFFFF;font-weight:bold\">j\u00e4llr\u00e4ven Keb Agile Winter Trousers<\/span><span style=\"font-size:10.5pt;color:#000000;background-color:#FFFFFF\">\u00a0is a winter pant and made to be your favourite all-round trekking pant in cold conditions.<\/span><\/p>","protected":false},"featured_media":12894,"comment_status":"open","ping_status":"closed","template":"","meta":{"_acf_changed":false,"rank_math_title":"Fj\u00e4llr\u00e4ven Keb Agile Winter Trousers M Dark Olive","rank_math_description":"","rank_math_focus_keyword":"87160-633, Fj\u00e4llr\u00e4ven, Keb, Agile, Winter, Trousers, M, Dark, Olive, Fj\u00e4llr\u00e4ven Keb Agile Winter Trousers M Dark Olive","GroupGuid":"","EcommerceProductGuid":"5D1D1DA2-9164-4D8C-B535-7765A710BAF9","EcommerceProductVariationGuid":"","ProductNumber":"87160-633","ProductId":""},"product_brand":[137],"product_cat":[71,74,70],"product_tag":[],"class_list":{"0":"post-2578","1":"product","2":"type-product","3":"status-publish","4":"has-post-thumbnail","6":"product_brand-fjallraven","7":"product_cat-heren","8":"product_cat-broeken","9":"product_cat-kleding","10":"pa_kleur-bruin","12":"first","13":"instock","14":"taxable","15":"shipping-taxable","16":"purchasable","17":"product-type-variable"},"bundled_by":[],"bundle_stock_status":"instock","bundle_stock_quantity":null,"bundle_virtual":false,"bundle_layout":"","bundle_add_to_cart_form_location":"","bundle_editable_in_cart":false,"bundle_sold_individually_context":"","bundle_item_grouping":"","bundle_min_size":"","bundle_max_size":"","bundle_price":[],"bundled_items":[],"bundle_sell_ids":[],"acf":[],"rank_math_title":"Fj\u00e4llr\u00e4ven Keb Agile Winter Trousers M Dark Olive","rank_math_description":null,"rank_math_focus_keyword":"87160-633, Fj\u00e4llr\u00e4ven, Keb, Agile, Winter, Trousers, M, Dark, Olive, Fj\u00e4llr\u00e4ven Keb Agile Winter Trousers M Dark Olive","GroupGuid":null,"EcommerceProductGuid":"5D1D1DA2-9164-4D8C-B535-7765A710BAF9","EcommerceProductVariationGuid":null,"ProductNumber":"87160-633","ProductId":null,"IgnoreVenditGroupURL":null,"IgnoreVenditGroupSEO":null,"_links":{"self":[{"href":"https:\/\/barrelandboar.nl\/en\/wp-json\/wp\/v2\/product\/2578","targetHints":{"allow":["GET"]}}],"collection":[{"href":"https:\/\/barrelandboar.nl\/en\/wp-json\/wp\/v2\/product"}],"about":[{"href":"https:\/\/barrelandboar.nl\/en\/wp-json\/wp\/v2\/types\/product"}],"replies":[{"embeddable":true,"href":"https:\/\/barrelandboar.nl\/en\/wp-json\/wp\/v2\/comments?post=2578"}],"wp:featuredmedia":[{"embeddable":true,"href":"https:\/\/barrelandboar.nl\/en\/wp-json\/wp\/v2\/media\/12894"}],"wp:attachment":[{"href":"https:\/\/barrelandboar.nl\/en\/wp-json\/wp\/v2\/media?parent=2578"}],"wp:term":[{"taxonomy":"product_brand","embeddable":true,"href":"https:\/\/barrelandboar.nl\/en\/wp-json\/wp\/v2\/product_brand?post=2578"},{"taxonomy":"product_cat","embeddable":true,"href":"https:\/\/barrelandboar.nl\/en\/wp-json\/wp\/v2\/product_cat?post=2578"},{"taxonomy":"product_tag","embeddable":true,"href":"https:\/\/barrelandboar.nl\/en\/wp-json\/wp\/v2\/product_tag?post=2578"}],"curies":[{"name":"wp","href":"https:\/\/api.w.org\/{rel}","templated":true}]}}