{"id":2590,"date":"2025-04-04T14:31:22","date_gmt":"2025-04-04T12:31:22","guid":{"rendered":"https:\/\/barrelandboar.nl\/product\/fjallraven-keb-agile-winter-trousers-m-deep-forest-laurel-green\/"},"modified":"2026-03-22T04:32:25","modified_gmt":"2026-03-22T03:32:25","slug":"fjallraven-keb-agile-winter-trousers-m-deep-forest-laurel-green","status":"publish","type":"product","link":"https:\/\/barrelandboar.nl\/en\/fjallraven-keb-agile-winter-trousers-m-deep-forest-laurel-green\/","title":{"rendered":"Fj\u00e4llr\u00e4ven Keb Agile Winter Trousers M Deep Forest - Laurel Green"},"content":{"rendered":"<p style=\"margin-top:0pt;margin-bottom:5pt\"><span style=\"font-size:10.5pt;color:#000000;background-color:#FFFFFF\">The<\/span><span style=\"font-size:10.5pt;color:#000000;background-color:#FFFFFF;font-weight:bold\">\u00a0Fj\u00e4llr\u00e4ven Keb Agile Winter Trousers M Deep Forest - Laurel Green<\/span><span style=\"font-size:10.5pt;color:#000000;background-color:#FFFFFF\">\u00a0is made to be your favourite all-round trekking pant in cold conditions. It is a shoft-shell winter pant made of double-woven, four-way stretch fabric with a brushed interior for a warm and extremely comfortable feel. Blend of recycled polyamide, polyester and elastane with PFC-free DWR and G-1000 Stretch reinforcements across the thigh pockets, knees and leg ends. It is slightly roomier than the Keb Agile Trousers, allowing room for thicker base layers. The leg ends have a zipped insert and are suitable for winter boots. Perfect for winter excursions where optimal freedom of movement needs to be combined with warmth, durability and protection.<\/span><\/p>\n<p style=\"margin-top:0pt;margin-bottom:0pt\"><span style=\"font-size:10.5pt;color:#000000;background-color:#FFFFFF;font-weight:bold\">Specifications:<\/span><\/p>\n<ul style=\"margin:0pt;padding:0pt;list-style-type:disc\">\n<li style=\"font-size:12pt\">\n<p style=\"margin-left:0pt;margin-top:0pt;margin-bottom:0pt\"><span style=\"color:#000000;background-color:#FFFFFF\">Length measurement: 34\"<\/span><\/p>\n<\/li>\n<li style=\"font-size:12pt\">\n<p style=\"margin-left:0pt;margin-top:0pt;margin-bottom:0pt\"><span style=\"color:#000000;background-color:#FFFFFF\">Material: G-1000\u00ae Stretch: 50% polyester (recycled), 15% polyester (T400), 35% cotton (organic)<br \/>49% polyamide (recycled), 43% polyester, 8% elastane<\/span><\/p>\n<\/li>\n<li style=\"font-size:12pt\">\n<p style=\"margin-left:0pt;margin-top:0pt;margin-bottom:0pt\"><span style=\"color:#000000;background-color:#FFFFFF\">Reinforced areas: Knees, Lower leg, Pockets<\/span><\/p>\n<\/li>\n<li style=\"font-size:12pt\">\n<p style=\"margin-left:0pt;margin-top:0pt;margin-bottom:0pt\"><span style=\"color:#000000;background-color:#FFFFFF\">Can be modified with Greenland Wax<\/span><\/p>\n<\/li>\n<li style=\"font-size:12pt\">\n<p style=\"margin-left:0pt;margin-top:0pt;margin-bottom:0pt\"><span style=\"color:#000000;background-color:#FFFFFF\">Easy to carry<\/span><\/p>\n<\/li>\n<li style=\"font-size:12pt\">\n<p style=\"margin-left:0pt;margin-top:0pt;margin-bottom:0pt\"><span style=\"color:#000000;background-color:#FFFFFF\">Sustainable<\/span><\/p>\n<\/li>\n<li style=\"font-size:12pt\">\n<p style=\"margin-left:0pt;margin-top:0pt;margin-bottom:0pt\"><span style=\"color:#000000;background-color:#FFFFFF\">Stretch<\/span><\/p>\n<\/li>\n<li style=\"font-size:12pt\">\n<p style=\"margin-left:0pt;margin-top:0pt;margin-bottom:0pt\"><span style=\"color:#000000;background-color:#FFFFFF\">Ventilation<\/span><\/p>\n<\/li>\n<\/ul>","protected":false},"excerpt":{"rendered":"<p style=\"margin-top:0pt;margin-bottom:0pt\"><span style=\"font-size:10.5pt;color:#000000;background-color:#FFFFFF\">The<\/span><span style=\"font-size:10.5pt;color:#000000;background-color:#FFFFFF;font-weight:bold\">\u00a0Fj\u00e4llr\u00e4ven Keb Agile Winter Trousers M Deep Forest - Laurel Green<\/span><span style=\"font-size:10.5pt;color:#000000;background-color:#FFFFFF\">\u00a0is made to be your favourite all-round trekking pant in cold conditions. <\/span><\/p>","protected":false},"featured_media":8288,"comment_status":"open","ping_status":"closed","template":"","meta":{"_acf_changed":false,"rank_math_title":"Fj\u00e4llr\u00e4ven Keb Agile Winter Trousers M Deep Forest - Laurel Green","rank_math_description":"","rank_math_focus_keyword":"87160-662-625, Fj\u00e4llr\u00e4ven, , Keb, Agile, Winter, Trousers, M, Deep, Forest, -, Laurel, Green, Fj\u00e4llr\u00e4ven Keb Agile Winter Trousers M Deep Forest - Laurel Green","GroupGuid":"","EcommerceProductGuid":"A70EF25F-08E8-4635-BFC5-B79846686145","EcommerceProductVariationGuid":"","ProductNumber":"87160-662-625","ProductId":""},"product_brand":[137],"product_cat":[71,74,70],"product_tag":[],"class_list":{"0":"post-2590","1":"product","2":"type-product","3":"status-publish","4":"has-post-thumbnail","6":"product_brand-fjallraven","7":"product_cat-heren","8":"product_cat-broeken","9":"product_cat-kleding","10":"pa_kleur-groen","12":"first","13":"instock","14":"taxable","15":"shipping-taxable","16":"purchasable","17":"product-type-variable"},"bundled_by":[],"bundle_stock_status":"instock","bundle_stock_quantity":null,"bundle_virtual":false,"bundle_layout":"","bundle_add_to_cart_form_location":"","bundle_editable_in_cart":false,"bundle_sold_individually_context":"","bundle_item_grouping":"","bundle_min_size":"","bundle_max_size":"","bundle_price":[],"bundled_items":[],"bundle_sell_ids":[],"acf":[],"rank_math_title":"Fj\u00e4llr\u00e4ven Keb Agile Winter Trousers M Deep Forest - Laurel Green","rank_math_description":null,"rank_math_focus_keyword":"87160-662-625, Fj\u00e4llr\u00e4ven, , Keb, Agile, Winter, Trousers, M, Deep, Forest, -, Laurel, Green, Fj\u00e4llr\u00e4ven Keb Agile Winter Trousers M Deep Forest - Laurel Green","GroupGuid":null,"EcommerceProductGuid":"A70EF25F-08E8-4635-BFC5-B79846686145","EcommerceProductVariationGuid":null,"ProductNumber":"87160-662-625","ProductId":null,"IgnoreVenditGroupURL":null,"IgnoreVenditGroupSEO":null,"_links":{"self":[{"href":"https:\/\/barrelandboar.nl\/en\/wp-json\/wp\/v2\/product\/2590","targetHints":{"allow":["GET"]}}],"collection":[{"href":"https:\/\/barrelandboar.nl\/en\/wp-json\/wp\/v2\/product"}],"about":[{"href":"https:\/\/barrelandboar.nl\/en\/wp-json\/wp\/v2\/types\/product"}],"replies":[{"embeddable":true,"href":"https:\/\/barrelandboar.nl\/en\/wp-json\/wp\/v2\/comments?post=2590"}],"wp:featuredmedia":[{"embeddable":true,"href":"https:\/\/barrelandboar.nl\/en\/wp-json\/wp\/v2\/media\/8288"}],"wp:attachment":[{"href":"https:\/\/barrelandboar.nl\/en\/wp-json\/wp\/v2\/media?parent=2590"}],"wp:term":[{"taxonomy":"product_brand","embeddable":true,"href":"https:\/\/barrelandboar.nl\/en\/wp-json\/wp\/v2\/product_brand?post=2590"},{"taxonomy":"product_cat","embeddable":true,"href":"https:\/\/barrelandboar.nl\/en\/wp-json\/wp\/v2\/product_cat?post=2590"},{"taxonomy":"product_tag","embeddable":true,"href":"https:\/\/barrelandboar.nl\/en\/wp-json\/wp\/v2\/product_tag?post=2590"}],"curies":[{"name":"wp","href":"https:\/\/api.w.org\/{rel}","templated":true}]}}