{"id":2609,"date":"2025-04-04T15:02:05","date_gmt":"2025-04-04T13:02:05","guid":{"rendered":"https:\/\/barrelandboar.nl\/product\/fjallraven-sormland-tapered-winter-trousers-w-deep-forest\/"},"modified":"2026-03-22T04:33:16","modified_gmt":"2026-03-22T03:33:16","slug":"fjallraven-sormland-tapered-winter-trousers-w-deep-forest","status":"publish","type":"product","link":"https:\/\/barrelandboar.nl\/en\/fjallraven-sormland-tapered-winter-trousers-w-deep-forest\/","title":{"rendered":"Fj\u00e4llr\u00e4ven S\u00f6rmland Tapered Winter Trousers W Deep Forest"},"content":{"rendered":"<p style=\"margin-top:0pt;margin-bottom:5pt\"><span style=\"font-size:10.5pt;color:#000000;background-color:#FFFFFF\">The\u00a0<\/span><span style=\"font-size:10.5pt;color:#000000;background-color:#FFFFFF;font-weight:bold\">Fj\u00e4llr\u00e4ven S\u00f6rmland Tapered Winter Women's Trousers<\/span><span style=\"font-size:10.5pt;color:#000000;background-color:#FFFFFF\">\u00a0is a comfortable, warm hunting pant. It has narrow tapered trouser legs that make it easy to slip into a pair of high boots. The trousers are made of wind- and water-resistant G-1000 Silent Eco that wicks away moisture very effectively.<\/span><\/p>\n<p style=\"margin-top:0pt;margin-bottom:5pt\"><span style=\"font-size:10.5pt;color:#000000;background-color:#FFFFFF\">A brushed mesh lining running to just below the knees provides extra warmth where it is needed most. Perfect for hunting in easy terrain or practising on the shooting range.<\/span><\/p>\n<p style=\"margin-top:0pt;margin-bottom:5pt\"><span style=\"font-size:10.5pt;color:#000000;background-color:#FFFFFF\">However, its timeless style also makes it suitable for other activities in everyday life. The model has a regular fit with a normal waist and is slightly raised at the back, so the trousers also sit well when you are squatting or carrying a backpack with a waist belt.<\/span><\/p>\n<p style=\"margin-top:0pt;margin-bottom:5pt\"><span style=\"font-size:10.5pt;color:#000000;background-color:#FFFFFF\">On the right leg is a knife pocket, plus side pockets and a back pocket. Front verses reinforced fastenings, to which you can easily attach braces.<\/span><\/p>\n<p style=\"margin-top:0pt;margin-bottom:5pt\"><span style=\"font-size:10.5pt;color:#000000;background-color:#FFFFFF;font-weight:bold\">Specifications:<\/span><\/p>\n<ul style=\"margin:0pt;padding:0pt;list-style-type:disc\">\n<li style=\"font-size:12pt\">\n<p style=\"margin-left:0pt;margin-top:0pt;margin-bottom:0pt\"><span style=\"color:#000000;background-color:#FFFFFF\">Material: G-1000\u00ae Silent Eco: 65% polyester, 35% cotton<\/span><\/p>\n<\/li>\n<li style=\"font-size:12pt\">\n<p style=\"margin-left:0pt;margin-top:0pt;margin-bottom:0pt\"><span style=\"color:#000000;background-color:#FFFFFF\">Inner material: 100% polyester<\/span><\/p>\n<\/li>\n<li style=\"font-size:12pt\">\n<p style=\"margin-left:0pt;margin-top:0pt;margin-bottom:0pt\"><span style=\"color:#000000;background-color:#FFFFFF\">Medium waist<\/span><\/p>\n<\/li>\n<li style=\"font-size:12pt\">\n<p style=\"margin-left:0pt;margin-top:0pt;margin-bottom:0pt\"><span style=\"color:#000000;background-color:#FFFFFF\">Regular Fit<\/span><\/p>\n<\/li>\n<li style=\"font-size:12pt\">\n<p style=\"margin-left:0pt;margin-top:0pt;margin-bottom:0pt\"><span style=\"color:#000000;background-color:#FFFFFF\">Hemmed pipes, fixed length<\/span><\/p>\n<\/li>\n<li style=\"font-size:12pt\">\n<p style=\"margin-left:0pt;margin-top:0pt;margin-bottom:0pt\"><span style=\"color:#000000;background-color:#FFFFFF\">Full-leg trousers<\/span><\/p>\n<\/li>\n<li style=\"font-size:12pt\">\n<p style=\"margin-left:0pt;margin-top:0pt;margin-bottom:0pt\"><span style=\"color:#000000;background-color:#FFFFFF\">Pre-shaped knees<\/span><\/p>\n<\/li>\n<li style=\"font-size:12pt\">\n<p style=\"margin-left:0pt;margin-top:0pt;margin-bottom:0pt\"><span style=\"color:#000000;background-color:#FFFFFF\">Number of pockets: 4; Back pocket(s), Side pocket(s), Pocket for a knife<\/span><\/p>\n<\/li>\n<\/ul>","protected":false},"excerpt":{"rendered":"<p style=\"margin-top:0pt;margin-bottom:0pt\"><span style=\"font-size:10.5pt;color:#000000;background-color:#FFFFFF\">The\u00a0<\/span><span style=\"font-size:10.5pt;color:#000000;background-color:#FFFFFF;font-weight:bold\">Fj\u00e4llr\u00e4ven S\u00f6rmland Tapered Winter Women's Trousers<\/span><span style=\"font-size:10.5pt;color:#000000;background-color:#FFFFFF\">\u00a0is a comfortable, warm hunting pant. It has narrow tapered trouser legs that make it easy to slip into a pair of high boots. The trousers are made of wind- and water-resistant G-1000 Silent Eco that wicks away moisture very effectively.<\/span><\/p>","protected":false},"featured_media":2607,"comment_status":"open","ping_status":"closed","template":"","meta":{"_acf_changed":false,"rank_math_title":"Fj\u00e4llr\u00e4ven S\u00f6rmland Tapered Winter Trousers W Deep Forest","rank_math_description":"","rank_math_focus_keyword":"90702, Fj\u00e4llr\u00e4ven, S\u00f6rmland, Tapered, Winter, Trousers, W, Deep, Forest, Fj\u00e4llr\u00e4ven S\u00f6rmland Tapered Winter Trousers W Deep Forest","GroupGuid":"","EcommerceProductGuid":"B30499A2-265D-49AC-B01E-ABB15EFA151F","EcommerceProductVariationGuid":"","ProductNumber":"90702","ProductId":""},"product_brand":[137],"product_cat":[83,86,70],"product_tag":[],"class_list":{"0":"post-2609","1":"product","2":"type-product","3":"status-publish","4":"has-post-thumbnail","6":"product_brand-fjallraven","7":"product_cat-dames","8":"product_cat-broeken-dames","9":"product_cat-kleding","10":"pa_kleur-groen","12":"first","13":"instock","14":"taxable","15":"shipping-taxable","16":"purchasable","17":"product-type-variable"},"bundled_by":[],"bundle_stock_status":"instock","bundle_stock_quantity":null,"bundle_virtual":false,"bundle_layout":"","bundle_add_to_cart_form_location":"","bundle_editable_in_cart":false,"bundle_sold_individually_context":"","bundle_item_grouping":"","bundle_min_size":"","bundle_max_size":"","bundle_price":[],"bundled_items":[],"bundle_sell_ids":[],"acf":[],"rank_math_title":"Fj\u00e4llr\u00e4ven S\u00f6rmland Tapered Winter Trousers W Deep Forest","rank_math_description":null,"rank_math_focus_keyword":"90702, Fj\u00e4llr\u00e4ven, S\u00f6rmland, Tapered, Winter, Trousers, W, Deep, Forest, Fj\u00e4llr\u00e4ven S\u00f6rmland Tapered Winter Trousers W Deep Forest","GroupGuid":null,"EcommerceProductGuid":"B30499A2-265D-49AC-B01E-ABB15EFA151F","EcommerceProductVariationGuid":null,"ProductNumber":"90702","ProductId":null,"IgnoreVenditGroupURL":null,"IgnoreVenditGroupSEO":null,"_links":{"self":[{"href":"https:\/\/barrelandboar.nl\/en\/wp-json\/wp\/v2\/product\/2609","targetHints":{"allow":["GET"]}}],"collection":[{"href":"https:\/\/barrelandboar.nl\/en\/wp-json\/wp\/v2\/product"}],"about":[{"href":"https:\/\/barrelandboar.nl\/en\/wp-json\/wp\/v2\/types\/product"}],"replies":[{"embeddable":true,"href":"https:\/\/barrelandboar.nl\/en\/wp-json\/wp\/v2\/comments?post=2609"}],"wp:featuredmedia":[{"embeddable":true,"href":"https:\/\/barrelandboar.nl\/en\/wp-json\/wp\/v2\/media\/2607"}],"wp:attachment":[{"href":"https:\/\/barrelandboar.nl\/en\/wp-json\/wp\/v2\/media?parent=2609"}],"wp:term":[{"taxonomy":"product_brand","embeddable":true,"href":"https:\/\/barrelandboar.nl\/en\/wp-json\/wp\/v2\/product_brand?post=2609"},{"taxonomy":"product_cat","embeddable":true,"href":"https:\/\/barrelandboar.nl\/en\/wp-json\/wp\/v2\/product_cat?post=2609"},{"taxonomy":"product_tag","embeddable":true,"href":"https:\/\/barrelandboar.nl\/en\/wp-json\/wp\/v2\/product_tag?post=2609"}],"curies":[{"name":"wp","href":"https:\/\/api.w.org\/{rel}","templated":true}]}}