{"id":2616,"date":"2025-04-04T15:02:22","date_gmt":"2025-04-04T13:02:22","guid":{"rendered":"https:\/\/barrelandboar.nl\/product\/fjallraven-karl-pro-hydratic-trousers-m-dark-olive\/"},"modified":"2026-03-22T04:31:33","modified_gmt":"2026-03-22T03:31:33","slug":"fjallraven-karl-pro-hydratic-trousers-m-dark-olive","status":"publish","type":"product","link":"https:\/\/barrelandboar.nl\/en\/fjallraven-karl-pro-hydratic-trousers-m-dark-olive\/","title":{"rendered":"Fj\u00e4llr\u00e4ven Karl Pro Hydratic Trousers M Dark Olive"},"content":{"rendered":"<p style=\"margin-top:0pt;margin-bottom:5pt\"><span style=\"font-size:10.5pt;color:#000000;background-color:#FFFFFF;font-weight:bold\">Fj\u00e4llr\u00e4ven Karl Pro Hydratic Trousers<\/span><span style=\"font-size:10.5pt;color:#000000;background-color:#FFFFFF\">\u00a0is a wind- and waterproof version of the popular Karl Pro Trousers. Made from strong G-1000 Silent and lined with Hydratic that prevents water from entering but wicks away moisture.<\/span><\/p>\n<p style=\"margin-top:0pt;margin-bottom:5pt\"><span style=\"font-size:10.5pt;color:#000000;background-color:#FFFFFF\">Technical cut with contoured fit on seat and knees for the best possible freedom of movement. A total of eight pockets provide space for everything you want to have within easy reach; two side pockets, two back pockets with flaps and buttons, a zipped pocket on the left leg and one with a flap and a phone pocket on the inside. In addition, a small pocket for a multi-tool.<\/span><\/p>\n<p style=\"margin-top:0pt;margin-bottom:0pt\"><span style=\"font-size:10.5pt;color:#000000;background-color:#FFFFFF\">The trousers have a regular fit and a normal waist height. The trouser legs are unfinished so you can easily adjust them to your own length.<\/span><\/p>","protected":false},"excerpt":{"rendered":"<p style=\"margin-top:0pt;margin-bottom:0pt\"><span style=\"font-size:10.5pt;color:#000000;background-color:#FFFFFF;font-weight:bold\">Fj\u00e4llr\u00e4ven Karl Pro Hydratic Trousers<\/span><span style=\"font-size:10.5pt;color:#000000;background-color:#FFFFFF\">\u00a0is a wind- and waterproof version of the popular Karl Pro Trousers. Made from strong G-1000 Silent and lined with Hydratic that prevents water from entering but wicks away moisture.<\/span><\/p>","protected":false},"featured_media":16020,"comment_status":"open","ping_status":"closed","template":"","meta":{"_acf_changed":false,"rank_math_title":"Fj\u00e4llr\u00e4ven Karl Pro Hydratic Trousers M Dark Olive","rank_math_description":"","rank_math_focus_keyword":"81462, Fj\u00e4llr\u00e4ven, Karl, Pro, Hydratic, Trousers, M, Dark, Olive, Fj\u00e4llr\u00e4ven Karl Pro Hydratic Trousers M Dark Olive","GroupGuid":"","EcommerceProductGuid":"9C9DCDCB-1A92-4EB1-8C37-BDE462A91910","EcommerceProductVariationGuid":"","ProductNumber":"81462","ProductId":""},"product_brand":[137],"product_cat":[71,74,70],"product_tag":[],"class_list":{"0":"post-2616","1":"product","2":"type-product","3":"status-publish","4":"has-post-thumbnail","6":"product_brand-fjallraven","7":"product_cat-heren","8":"product_cat-broeken","9":"product_cat-kleding","10":"pa_kleur-bruin","12":"first","13":"instock","14":"taxable","15":"shipping-taxable","16":"purchasable","17":"product-type-variable"},"bundled_by":[],"bundle_stock_status":"instock","bundle_stock_quantity":null,"bundle_virtual":false,"bundle_layout":"","bundle_add_to_cart_form_location":"","bundle_editable_in_cart":false,"bundle_sold_individually_context":"","bundle_item_grouping":"","bundle_min_size":"","bundle_max_size":"","bundle_price":[],"bundled_items":[],"bundle_sell_ids":[],"acf":[],"rank_math_title":"Fj\u00e4llr\u00e4ven Karl Pro Hydratic Trousers M Dark Olive","rank_math_description":null,"rank_math_focus_keyword":"81462, Fj\u00e4llr\u00e4ven, Karl, Pro, Hydratic, Trousers, M, Dark, Olive, Fj\u00e4llr\u00e4ven Karl Pro Hydratic Trousers M Dark Olive","GroupGuid":null,"EcommerceProductGuid":"9C9DCDCB-1A92-4EB1-8C37-BDE462A91910","EcommerceProductVariationGuid":null,"ProductNumber":"81462","ProductId":null,"IgnoreVenditGroupURL":null,"IgnoreVenditGroupSEO":null,"_links":{"self":[{"href":"https:\/\/barrelandboar.nl\/en\/wp-json\/wp\/v2\/product\/2616","targetHints":{"allow":["GET"]}}],"collection":[{"href":"https:\/\/barrelandboar.nl\/en\/wp-json\/wp\/v2\/product"}],"about":[{"href":"https:\/\/barrelandboar.nl\/en\/wp-json\/wp\/v2\/types\/product"}],"replies":[{"embeddable":true,"href":"https:\/\/barrelandboar.nl\/en\/wp-json\/wp\/v2\/comments?post=2616"}],"wp:featuredmedia":[{"embeddable":true,"href":"https:\/\/barrelandboar.nl\/en\/wp-json\/wp\/v2\/media\/16020"}],"wp:attachment":[{"href":"https:\/\/barrelandboar.nl\/en\/wp-json\/wp\/v2\/media?parent=2616"}],"wp:term":[{"taxonomy":"product_brand","embeddable":true,"href":"https:\/\/barrelandboar.nl\/en\/wp-json\/wp\/v2\/product_brand?post=2616"},{"taxonomy":"product_cat","embeddable":true,"href":"https:\/\/barrelandboar.nl\/en\/wp-json\/wp\/v2\/product_cat?post=2616"},{"taxonomy":"product_tag","embeddable":true,"href":"https:\/\/barrelandboar.nl\/en\/wp-json\/wp\/v2\/product_tag?post=2616"}],"curies":[{"name":"wp","href":"https:\/\/api.w.org\/{rel}","templated":true}]}}