{"id":2622,"date":"2025-04-04T15:02:35","date_gmt":"2025-04-04T13:02:35","guid":{"rendered":"https:\/\/barrelandboar.nl\/product\/fjallraven-karla-procurved-trousers-w-dark-olive\/"},"modified":"2026-03-22T04:27:40","modified_gmt":"2026-03-22T03:27:40","slug":"fjallraven-karla-procurved-trousers-w-dark-olive","status":"publish","type":"product","link":"https:\/\/barrelandboar.nl\/en\/fjallraven-karla-procurved-trousers-w-dark-olive\/","title":{"rendered":"Fj\u00e4llr\u00e4ven Karla Pro Curved Trousers W Dark Olive"},"content":{"rendered":"<p style=\"margin-top:0pt;margin-bottom:5pt\"><span style=\"font-size:10.5pt;color:#000000;background-color:#FFFFFF\">The\u00a0<\/span><span style=\"font-size:10.5pt;color:#000000;background-color:#FFFFFF;font-weight:bold\">Fj\u00e4llr\u00e4ven Karla Pro Women's Curved Trousers<\/span><span style=\"font-size:10.5pt;color:#000000;background-color:#FFFFFF\">\u00a0is a durable and versatile outdoor pant with Curved Fit. It has a slightly narrower waist and extra room on seat and thighs. This Pro model of the classic Karla Trousers has a new well-thought-out cut to ensure a better fit and more freedom of movement - whether you are walking, squatting or taking big steps. Suitable for in the mountains or in the forest. The material is wind- and water-resistant G-1000 Silent with a soft, brushed finish.<\/span><\/p>\n<p style=\"margin-top:0pt;margin-bottom:5pt\"><span style=\"font-size:10.5pt;color:#000000;background-color:#FFFFFF\">The knees and seat are pre-shaped and the waist has a high cut - just a little higher at the back - so the trousers fit snugly even under a backpack. The trousers have two pockets on the legs, one with a zip and one with buttons. The latter includes an inner mesh pocket for your mobile phone. Furthermore, the trousers have two side pockets and two back pockets with flaps. The bottom of the legs is unfinished and can be perfectly tailored for any length.<\/span><\/p>\n<p style=\"margin-top:0pt;margin-bottom:0pt\"><span style=\"font-size:10.5pt;color:#000000;background-color:#FFFFFF;font-weight:bold\">Specifications:<\/span><\/p>\n<ul style=\"margin:0pt;padding:0pt;list-style-type:disc\">\n<li style=\"font-size:12pt\">\n<p style=\"margin-left:0pt;margin-top:0pt;margin-bottom:0pt\"><span style=\"color:#000000;background-color:#FFFFFF\">Material:G-1000\u00ae Silent: 65% polyester, 35% cotton<\/span><\/p>\n<\/li>\n<\/ul>","protected":false},"excerpt":{"rendered":"<p style=\"margin-top:0pt;margin-bottom:0pt\"><span style=\"font-size:10.5pt;color:#000000;background-color:#FFFFFF\">The\u00a0<\/span><span style=\"font-size:10.5pt;color:#000000;background-color:#FFFFFF;font-weight:bold\">Fj\u00e4llr\u00e4ven Karla Pro Women's Curved Trousers<\/span><span style=\"font-size:10.5pt;color:#000000;background-color:#FFFFFF\">\u00a0is a durable and versatile outdoor pant with Curved Fit. It has a slightly narrower waist and extra space on seat and thighs. <\/span><\/p>","protected":false},"featured_media":2661,"comment_status":"open","ping_status":"closed","template":"","meta":{"_acf_changed":false,"rank_math_title":"Fj\u00e4llr\u00e4ven Karla ProCurved Trousers W Dark Olive","rank_math_description":"","rank_math_focus_keyword":"F89727, Fj\u00e4llr\u00e4ven, Karla, ProCurved, Trousers, W, Dark, Olive, Fj\u00e4llr\u00e4ven Karla ProCurved Trousers W Dark Olive","GroupGuid":"","EcommerceProductGuid":"6F2D7243-8388-4736-B0CE-25E55A7425E6","EcommerceProductVariationGuid":"","ProductNumber":"F89727","ProductId":""},"product_brand":[137],"product_cat":[83,86,70],"product_tag":[],"class_list":{"0":"post-2622","1":"product","2":"type-product","3":"status-publish","4":"has-post-thumbnail","6":"product_brand-fjallraven","7":"product_cat-dames","8":"product_cat-broeken-dames","9":"product_cat-kleding","10":"pa_kleur-bruin","12":"first","13":"instock","14":"taxable","15":"shipping-taxable","16":"purchasable","17":"product-type-variable"},"bundled_by":[],"bundle_stock_status":"instock","bundle_stock_quantity":null,"bundle_virtual":false,"bundle_layout":"","bundle_add_to_cart_form_location":"","bundle_editable_in_cart":false,"bundle_sold_individually_context":"","bundle_item_grouping":"","bundle_min_size":"","bundle_max_size":"","bundle_price":[],"bundled_items":[],"bundle_sell_ids":[],"acf":[],"rank_math_title":"Fj\u00e4llr\u00e4ven Karla ProCurved Trousers W Dark Olive","rank_math_description":null,"rank_math_focus_keyword":"F89727, Fj\u00e4llr\u00e4ven, Karla, ProCurved, Trousers, W, Dark, Olive, Fj\u00e4llr\u00e4ven Karla ProCurved Trousers W Dark Olive","GroupGuid":null,"EcommerceProductGuid":"6F2D7243-8388-4736-B0CE-25E55A7425E6","EcommerceProductVariationGuid":null,"ProductNumber":"F89727","ProductId":null,"IgnoreVenditGroupURL":null,"IgnoreVenditGroupSEO":null,"_links":{"self":[{"href":"https:\/\/barrelandboar.nl\/en\/wp-json\/wp\/v2\/product\/2622","targetHints":{"allow":["GET"]}}],"collection":[{"href":"https:\/\/barrelandboar.nl\/en\/wp-json\/wp\/v2\/product"}],"about":[{"href":"https:\/\/barrelandboar.nl\/en\/wp-json\/wp\/v2\/types\/product"}],"replies":[{"embeddable":true,"href":"https:\/\/barrelandboar.nl\/en\/wp-json\/wp\/v2\/comments?post=2622"}],"wp:featuredmedia":[{"embeddable":true,"href":"https:\/\/barrelandboar.nl\/en\/wp-json\/wp\/v2\/media\/2661"}],"wp:attachment":[{"href":"https:\/\/barrelandboar.nl\/en\/wp-json\/wp\/v2\/media?parent=2622"}],"wp:term":[{"taxonomy":"product_brand","embeddable":true,"href":"https:\/\/barrelandboar.nl\/en\/wp-json\/wp\/v2\/product_brand?post=2622"},{"taxonomy":"product_cat","embeddable":true,"href":"https:\/\/barrelandboar.nl\/en\/wp-json\/wp\/v2\/product_cat?post=2622"},{"taxonomy":"product_tag","embeddable":true,"href":"https:\/\/barrelandboar.nl\/en\/wp-json\/wp\/v2\/product_tag?post=2622"}],"curies":[{"name":"wp","href":"https:\/\/api.w.org\/{rel}","templated":true}]}}