{"id":2650,"date":"2025-04-04T15:03:39","date_gmt":"2025-04-04T13:03:39","guid":{"rendered":"https:\/\/barrelandboar.nl\/product\/fjallraven-nikka-shorts-curved-w-light-olive\/"},"modified":"2026-03-22T04:28:03","modified_gmt":"2026-03-22T03:28:03","slug":"fjallraven-nikka-shorts-curved-w-light-olive","status":"publish","type":"product","link":"https:\/\/barrelandboar.nl\/en\/fjallraven-nikka-shorts-curved-w-light-olive\/","title":{"rendered":"Fj\u00e4llr\u00e4ven Nikka Shorts Curved W Light Olive"},"content":{"rendered":"<p style=\"margin-top:0pt;margin-bottom:5pt\"><span style=\"font-size:10.5pt;color:#000000;background-color:#FFFFFF\">The\u00a0<\/span><span style=\"font-size:10.5pt;color:#000000;background-color:#FFFFFF;font-weight:bold\">Fj\u00e4llr\u00e4ven Nikka Shorts Curved<\/span><span style=\"font-size:10.5pt;color:#000000;background-color:#FFFFFF\">\u00a0are technical trekking shorts for women with Curved Fit, made of stretch fabric and G-1000 for excellent freedom of movement and durability.<\/span><\/p>\n<p style=\"margin-top:0pt;margin-bottom:5pt\"><span style=\"font-size:10.5pt;color:#000000;background-color:#FFFFFF\">This Curved Fit model falls slightly wider across the hips and thighs. The waist is slightly narrower than in other models. The waist is lower at the front and higher at the back so that the trousers stay in place even when you carry a backpack or are active.<\/span><\/p>\n<p style=\"margin-top:0pt;margin-bottom:5pt\"><span style=\"font-size:10.5pt;color:#000000;background-color:#FFFFFF\">The trousers have stretch fabric on the lower back and G-1000 reinforcements on the seat. The zipped side pockets are positioned for easy access, even when carrying a backpack with a waist belt. On the right pant leg is a large pocket with a flap and a small inner mesh pocket. On the left pant leg is a small pocket for a mobile phone or GPS. A loop at the waist lets you hook a knife, camera or other small items you like to keep close at hand.<\/span><\/p>\n<p style=\"margin-top:0pt;margin-bottom:0pt\"><span style=\"font-size:10.5pt;color:#000000;background-color:#FFFFFF;font-weight:bold\">Specifications:<\/span><\/p>\n<ul style=\"margin:0pt;padding:0pt;list-style-type:disc\">\n<li style=\"font-size:12pt\">\n<p style=\"margin-left:0pt;margin-top:0pt;margin-bottom:0pt\"><span style=\"color:#000000;background-color:#FFFFFF\">Can be modified with Greenland Wax<\/span><\/p>\n<\/li>\n<li style=\"font-size:12pt\">\n<p style=\"margin-left:0pt;margin-top:0pt;margin-bottom:0pt\"><span style=\"color:#000000;background-color:#FFFFFF\">Breathable<\/span><\/p>\n<\/li>\n<li style=\"font-size:12pt\">\n<p style=\"margin-left:0pt;margin-top:0pt;margin-bottom:0pt\"><span style=\"color:#000000;background-color:#FFFFFF\">Sustainable<\/span><\/p>\n<\/li>\n<li style=\"font-size:12pt\">\n<p style=\"margin-left:0pt;margin-top:0pt;margin-bottom:0pt\"><span style=\"color:#000000;background-color:#FFFFFF\">Water-repellent<\/span><\/p>\n<\/li>\n<li style=\"font-size:12pt\">\n<p style=\"margin-left:0pt;margin-top:0pt;margin-bottom:0pt\"><span style=\"color:#000000;background-color:#FFFFFF\">Stretch<\/span><\/p>\n<\/li>\n<li style=\"font-size:12pt\">\n<p style=\"margin-left:0pt;margin-top:0pt;margin-bottom:0pt\"><span style=\"color:#000000;background-color:#FFFFFF\">Material: G-1000\u00ae Original: 65% polyester, 35% cotton, 63% polyamide, 26% polyester, 11% elastane<\/span><\/p>\n<\/li>\n<li style=\"font-size:12pt\">\n<p style=\"margin-left:0pt;margin-top:0pt;margin-bottom:0pt\"><span style=\"color:#000000;background-color:#FFFFFF\">Reinforced areas: Back, pockets<\/span><\/p>\n<\/li>\n<li style=\"font-size:12pt\">\n<p style=\"margin-left:0pt;margin-top:0pt;margin-bottom:0pt\"><span style=\"color:#000000;background-color:#FFFFFF\">Waist: High waist<\/span><\/p>\n<\/li>\n<li style=\"font-size:12pt\">\n<p style=\"margin-left:0pt;margin-top:0pt;margin-bottom:0pt\"><span style=\"color:#000000;background-color:#FFFFFF\">Fit: Curved Fit<\/span><\/p>\n<\/li>\n<li style=\"font-size:12pt\">\n<p style=\"margin-left:0pt;margin-top:0pt;margin-bottom:0pt\"><span style=\"color:#000000;background-color:#FFFFFF\">Leg type: Shorts<\/span><\/p>\n<\/li>\n<li style=\"font-size:12pt\">\n<p style=\"margin-left:0pt;margin-top:0pt;margin-bottom:0pt\"><span style=\"color:#000000;background-color:#FFFFFF\">Number of pockets: 5<\/span><\/p>\n<\/li>\n<li style=\"font-size:12pt\">\n<p style=\"margin-left:0pt;margin-top:0pt;margin-bottom:0pt\"><span style=\"color:#000000;background-color:#FFFFFF\">Pockets: 2 or more pockets at the thighs, slip pocket(s), inner mesh pocket(s)<\/span><\/p>\n<\/li>\n<\/ul>","protected":false},"excerpt":{"rendered":"<p style=\"margin-top:0pt;margin-bottom:0pt\"><span style=\"font-size:10.5pt;color:#000000;background-color:#FFFFFF\">The\u00a0<\/span><span style=\"font-size:10.5pt;color:#000000;background-color:#FFFFFF;font-weight:bold\">Fj\u00e4llr\u00e4ven Nikka Shorts Curved<\/span><span style=\"font-size:10.5pt;color:#000000;background-color:#FFFFFF\">\u00a0are technical trekking shorts for women with Curved Fit, made of stretch fabric and G-1000 for excellent freedom of movement and durability.<\/span><\/p>","protected":false},"featured_media":12892,"comment_status":"open","ping_status":"closed","template":"","meta":{"_acf_changed":false,"rank_math_title":"Fj\u00e4llr\u00e4ven Nikka Shorts Curved W Light Olive","rank_math_description":"","rank_math_focus_keyword":"89731, Fj\u00e4llr\u00e4ven, Nikka, Shorts, Curved, W, Light, Olive, Fj\u00e4llr\u00e4ven Nikka Shorts Curved W Light Olive","GroupGuid":"","EcommerceProductGuid":"724585A3-392B-4817-AFDD-155989D1C214","EcommerceProductVariationGuid":"","ProductNumber":"89731","ProductId":""},"product_brand":[137],"product_cat":[83,86,70],"product_tag":[],"class_list":{"0":"post-2650","1":"product","2":"type-product","3":"status-publish","4":"has-post-thumbnail","6":"product_brand-fjallraven","7":"product_cat-dames","8":"product_cat-broeken-dames","9":"product_cat-kleding","10":"pa_kleur-groen","12":"first","13":"instock","14":"taxable","15":"shipping-taxable","16":"purchasable","17":"product-type-variable"},"bundled_by":[],"bundle_stock_status":"instock","bundle_stock_quantity":null,"bundle_virtual":false,"bundle_layout":"","bundle_add_to_cart_form_location":"","bundle_editable_in_cart":false,"bundle_sold_individually_context":"","bundle_item_grouping":"","bundle_min_size":"","bundle_max_size":"","bundle_price":[],"bundled_items":[],"bundle_sell_ids":[],"acf":[],"rank_math_title":"Fj\u00e4llr\u00e4ven Nikka Shorts Curved W Light Olive","rank_math_description":null,"rank_math_focus_keyword":"89731, Fj\u00e4llr\u00e4ven, Nikka, Shorts, Curved, W, Light, Olive, Fj\u00e4llr\u00e4ven Nikka Shorts Curved W Light Olive","GroupGuid":null,"EcommerceProductGuid":"724585A3-392B-4817-AFDD-155989D1C214","EcommerceProductVariationGuid":null,"ProductNumber":"89731","ProductId":null,"IgnoreVenditGroupURL":null,"IgnoreVenditGroupSEO":null,"_links":{"self":[{"href":"https:\/\/barrelandboar.nl\/en\/wp-json\/wp\/v2\/product\/2650","targetHints":{"allow":["GET"]}}],"collection":[{"href":"https:\/\/barrelandboar.nl\/en\/wp-json\/wp\/v2\/product"}],"about":[{"href":"https:\/\/barrelandboar.nl\/en\/wp-json\/wp\/v2\/types\/product"}],"replies":[{"embeddable":true,"href":"https:\/\/barrelandboar.nl\/en\/wp-json\/wp\/v2\/comments?post=2650"}],"wp:featuredmedia":[{"embeddable":true,"href":"https:\/\/barrelandboar.nl\/en\/wp-json\/wp\/v2\/media\/12892"}],"wp:attachment":[{"href":"https:\/\/barrelandboar.nl\/en\/wp-json\/wp\/v2\/media?parent=2650"}],"wp:term":[{"taxonomy":"product_brand","embeddable":true,"href":"https:\/\/barrelandboar.nl\/en\/wp-json\/wp\/v2\/product_brand?post=2650"},{"taxonomy":"product_cat","embeddable":true,"href":"https:\/\/barrelandboar.nl\/en\/wp-json\/wp\/v2\/product_cat?post=2650"},{"taxonomy":"product_tag","embeddable":true,"href":"https:\/\/barrelandboar.nl\/en\/wp-json\/wp\/v2\/product_tag?post=2650"}],"curies":[{"name":"wp","href":"https:\/\/api.w.org\/{rel}","templated":true}]}}