{"id":2672,"date":"2025-04-04T15:33:07","date_gmt":"2025-04-04T13:33:07","guid":{"rendered":"https:\/\/barrelandboar.nl\/product\/fjallraven-abisko-trail-stretch-trousers-regular-w-deep-forest\/"},"modified":"2026-03-22T04:34:29","modified_gmt":"2026-03-22T03:34:29","slug":"fjallraven-abisko-trail-stretch-trousers-regular-w-deep-forest","status":"publish","type":"product","link":"https:\/\/barrelandboar.nl\/en\/fjallraven-abisko-trail-stretch-trousers-regular-w-deep-forest\/","title":{"rendered":"Fj\u00e4llr\u00e4ven Abisko Trail Stretch Trousers Regular W Deep Forest"},"content":{"rendered":"<p style=\"margin-top:0pt;margin-bottom:5pt\"><span style=\"font-size:10.5pt;color:#000000;background-color:#FFFFFF\">The\u00a0<\/span><span style=\"font-size:10.5pt;color:#000000;background-color:#FFFFFF;font-weight:bold\">Fj\u00e4llr\u00e4ven Abisko Trail Stretch Trouser<\/span><span style=\"font-size:10.5pt;color:#000000;background-color:#FFFFFF\">s is a lightweight full-stretch pant made of durable, double-woven stretch material - the Abisko Trail Stretch Trousers W is a functional pant optimised for hiking. It is perfect for hikes where you need the excellent freedom of movement combined with durability and protection. Well-fitting design with a regular-fit, slightly tapered legs and elastic material at the sides and back of the waist. They also have a discreet zipped pocket on the leg for your essentials, side zipped pockets and elasticated adjustable drawstrings at the leg ends.<\/span><\/p>\n<p style=\"margin-top:0pt;margin-bottom:5pt\"><span style=\"font-size:10.5pt;color:#000000;background-color:#FFFFFF\">If you are already a fan of our trousers and wear EU sizes 34 to 44, you may keep the same size. EU sizes 46 and above may go down a size, depending on the fit.<\/span><\/p>\n<p style=\"margin-top:0pt;margin-bottom:0pt\"><span style=\"font-size:10.5pt;color:#000000;background-color:#FFFFFF;font-weight:bold\">Material<\/span><span style=\"font-size:10.5pt;color:#000000;background-color:#FFFFFF\">: 53% polyamide (recycled), 36% polyamide, 11% elastane<\/span><\/p>","protected":false},"excerpt":{"rendered":"<p style=\"margin-top:0pt;margin-bottom:0pt\"><span style=\"font-size:10.5pt;color:#000000;background-color:#FFFFFF\">The\u00a0<\/span><span style=\"font-size:10.5pt;color:#000000;background-color:#FFFFFF;font-weight:bold\">Fj\u00e4llr\u00e4ven Abisko Trail Stretch Trouser<\/span><span style=\"font-size:10.5pt;color:#000000;background-color:#FFFFFF\">s is a lightweight full-stretch pant made of durable, double-woven stretch material - the Abisko Trail Stretch Trousers W is a functional pant, optimised for hiking trips<\/span><\/p>","protected":false},"featured_media":8598,"comment_status":"open","ping_status":"closed","template":"","meta":{"_acf_changed":false,"rank_math_title":"Fj\u00e4llr\u00e4ven Abisko Trail Stretch Trousers Regular W Deep Forest","rank_math_description":"","rank_math_focus_keyword":"87101, Fj\u00e4llr\u00e4ven, Abisko, Trail, Stretch, Trousers, Regular, W, Deep, Forest, Fj\u00e4llr\u00e4ven Abisko Trail Stretch Trousers Regular W Deep Forest","GroupGuid":"","EcommerceProductGuid":"C2CC16D9-D5BE-4B6D-A27D-7562D46CED00","EcommerceProductVariationGuid":"","ProductNumber":"87101","ProductId":""},"product_brand":[137],"product_cat":[83,86,70],"product_tag":[],"class_list":{"0":"post-2672","1":"product","2":"type-product","3":"status-publish","4":"has-post-thumbnail","6":"product_brand-fjallraven","7":"product_cat-dames","8":"product_cat-broeken-dames","9":"product_cat-kleding","10":"pa_kleur-groen","12":"first","13":"instock","14":"taxable","15":"shipping-taxable","16":"purchasable","17":"product-type-variable"},"bundled_by":[],"bundle_stock_status":"instock","bundle_stock_quantity":null,"bundle_virtual":false,"bundle_layout":"","bundle_add_to_cart_form_location":"","bundle_editable_in_cart":false,"bundle_sold_individually_context":"","bundle_item_grouping":"","bundle_min_size":"","bundle_max_size":"","bundle_price":[],"bundled_items":[],"bundle_sell_ids":[],"acf":[],"rank_math_title":"Fj\u00e4llr\u00e4ven Abisko Trail Stretch Trousers Regular W Deep Forest","rank_math_description":null,"rank_math_focus_keyword":"87101, Fj\u00e4llr\u00e4ven, Abisko, Trail, Stretch, Trousers, Regular, W, Deep, Forest, Fj\u00e4llr\u00e4ven Abisko Trail Stretch Trousers Regular W Deep Forest","GroupGuid":null,"EcommerceProductGuid":"C2CC16D9-D5BE-4B6D-A27D-7562D46CED00","EcommerceProductVariationGuid":null,"ProductNumber":"87101","ProductId":null,"IgnoreVenditGroupURL":null,"IgnoreVenditGroupSEO":null,"_links":{"self":[{"href":"https:\/\/barrelandboar.nl\/en\/wp-json\/wp\/v2\/product\/2672","targetHints":{"allow":["GET"]}}],"collection":[{"href":"https:\/\/barrelandboar.nl\/en\/wp-json\/wp\/v2\/product"}],"about":[{"href":"https:\/\/barrelandboar.nl\/en\/wp-json\/wp\/v2\/types\/product"}],"replies":[{"embeddable":true,"href":"https:\/\/barrelandboar.nl\/en\/wp-json\/wp\/v2\/comments?post=2672"}],"wp:featuredmedia":[{"embeddable":true,"href":"https:\/\/barrelandboar.nl\/en\/wp-json\/wp\/v2\/media\/8598"}],"wp:attachment":[{"href":"https:\/\/barrelandboar.nl\/en\/wp-json\/wp\/v2\/media?parent=2672"}],"wp:term":[{"taxonomy":"product_brand","embeddable":true,"href":"https:\/\/barrelandboar.nl\/en\/wp-json\/wp\/v2\/product_brand?post=2672"},{"taxonomy":"product_cat","embeddable":true,"href":"https:\/\/barrelandboar.nl\/en\/wp-json\/wp\/v2\/product_cat?post=2672"},{"taxonomy":"product_tag","embeddable":true,"href":"https:\/\/barrelandboar.nl\/en\/wp-json\/wp\/v2\/product_tag?post=2672"}],"curies":[{"name":"wp","href":"https:\/\/api.w.org\/{rel}","templated":true}]}}