{"id":2704,"date":"2025-04-04T15:34:20","date_gmt":"2025-04-04T13:34:20","guid":{"rendered":"https:\/\/barrelandboar.nl\/product\/fjallraven-abisko-trekking-tights-hd-w-deep-forest\/"},"modified":"2026-03-22T04:27:40","modified_gmt":"2026-03-22T03:27:40","slug":"fjallraven-abisko-trekking-tights-hd-w-deep-forest","status":"publish","type":"product","link":"https:\/\/barrelandboar.nl\/en\/fjallraven-abisko-trekking-tights-hd-w-deep-forest\/","title":{"rendered":"Fj\u00e4llr\u00e4ven Abisko Trekking Tights HD W Deep Forest"},"content":{"rendered":"<p style=\"margin-top:0pt;margin-bottom:12pt\"><span style=\"color:#151515;background-color:#FFFFFF\">With Fj\u00e4llr\u00e4ven Abisko Trekking Tights HD, you have an extra hard-wearing trekking pant with reinforced areas on the seat and knees, for long and short walks.<\/span><\/p>\n<p style=\"margin-top:0pt;margin-bottom:12pt\"><span style=\"color:#151515;background-color:#FFFFFF\">A close-fitting, extremely functional and technical legging perfect for all types of trekking where you need full freedom of movement combined with durability.<\/span><\/p>\n<p style=\"margin-top:0pt;margin-bottom:12pt\"><span style=\"color:#151515;background-color:#FFFFFF\">Reinforced fabric with a water-repellent finish offers extra protection on rough terrain.A comfortable, high waistband with drawstring inside.<\/span><\/p>\n<p style=\"margin-top:0pt;margin-bottom:12pt\"><span style=\"color:#151515;background-color:#FFFFFF\">Sturdy pockets on the legs, one with a zip and one with a flap closure.<\/span><\/p>\n<p style=\"margin-top:0pt;margin-bottom:12pt\"><span style=\"color:#151515;background-color:#FFFFFF\">The pockets are angled for better access and a flattering fit.<\/span><\/p>\n<p style=\"margin-top:0pt;margin-bottom:0pt\"><span style=\"color:#151515;background-color:#FFFFFF\">In this new version, the reinforced areas at the buttocks and knees are softer and therefore more comfortable.<\/span><\/p>","protected":false},"excerpt":{"rendered":"<p style=\"margin-top:0pt;margin-bottom:0pt\"><span style=\"font-size:10.5pt;color:#000000;background-color:#FFFFFF\">The\u00a0<\/span><span style=\"font-size:10.5pt;color:#000000;background-color:#FFFFFF;font-weight:bold\">Fj\u00e4llr\u00e4ven Abisko Trekking Tights <\/span><span style=\"font-size:10.5pt;color:#000000;background-color:#FFFFFF\">is a hard-wearing trekking legging with reinforcements on the seat and knees. .<\/span> <\/p>\n<p style=\"margin-top:0pt;margin-bottom:0pt\">","protected":false},"featured_media":2702,"comment_status":"open","ping_status":"closed","template":"","meta":{"_acf_changed":false,"rank_math_title":"Fj\u00e4llr\u00e4ven Abisko Trekking Tights HD W Deep Forest","rank_math_description":"","rank_math_focus_keyword":"87143, Fj\u00e4llr\u00e4ven, Abisko, Trekking, Tights, HD, W, Deep, Forest, Fj\u00e4llr\u00e4ven Abisko Trekking Tights HD W Deep Forest","GroupGuid":"","EcommerceProductGuid":"7098F532-4327-4B13-BE4D-F9EEE91A0EC4","EcommerceProductVariationGuid":"","ProductNumber":"87143","ProductId":""},"product_brand":[137],"product_cat":[83,86,70],"product_tag":[],"class_list":{"0":"post-2704","1":"product","2":"type-product","3":"status-publish","4":"has-post-thumbnail","6":"product_brand-fjallraven","7":"product_cat-dames","8":"product_cat-broeken-dames","9":"product_cat-kleding","10":"pa_kleur-groen","12":"first","13":"instock","14":"taxable","15":"shipping-taxable","16":"purchasable","17":"product-type-variable"},"bundled_by":[],"bundle_stock_status":"instock","bundle_stock_quantity":null,"bundle_virtual":false,"bundle_layout":"","bundle_add_to_cart_form_location":"","bundle_editable_in_cart":false,"bundle_sold_individually_context":"","bundle_item_grouping":"","bundle_min_size":"","bundle_max_size":"","bundle_price":[],"bundled_items":[],"bundle_sell_ids":[],"acf":[],"rank_math_title":"Fj\u00e4llr\u00e4ven Abisko Trekking Tights HD W Deep Forest","rank_math_description":null,"rank_math_focus_keyword":"87143, Fj\u00e4llr\u00e4ven, Abisko, Trekking, Tights, HD, W, Deep, Forest, Fj\u00e4llr\u00e4ven Abisko Trekking Tights HD W Deep Forest","GroupGuid":null,"EcommerceProductGuid":"7098F532-4327-4B13-BE4D-F9EEE91A0EC4","EcommerceProductVariationGuid":null,"ProductNumber":"87143","ProductId":null,"IgnoreVenditGroupURL":null,"IgnoreVenditGroupSEO":null,"_links":{"self":[{"href":"https:\/\/barrelandboar.nl\/en\/wp-json\/wp\/v2\/product\/2704","targetHints":{"allow":["GET"]}}],"collection":[{"href":"https:\/\/barrelandboar.nl\/en\/wp-json\/wp\/v2\/product"}],"about":[{"href":"https:\/\/barrelandboar.nl\/en\/wp-json\/wp\/v2\/types\/product"}],"replies":[{"embeddable":true,"href":"https:\/\/barrelandboar.nl\/en\/wp-json\/wp\/v2\/comments?post=2704"}],"wp:featuredmedia":[{"embeddable":true,"href":"https:\/\/barrelandboar.nl\/en\/wp-json\/wp\/v2\/media\/2702"}],"wp:attachment":[{"href":"https:\/\/barrelandboar.nl\/en\/wp-json\/wp\/v2\/media?parent=2704"}],"wp:term":[{"taxonomy":"product_brand","embeddable":true,"href":"https:\/\/barrelandboar.nl\/en\/wp-json\/wp\/v2\/product_brand?post=2704"},{"taxonomy":"product_cat","embeddable":true,"href":"https:\/\/barrelandboar.nl\/en\/wp-json\/wp\/v2\/product_cat?post=2704"},{"taxonomy":"product_tag","embeddable":true,"href":"https:\/\/barrelandboar.nl\/en\/wp-json\/wp\/v2\/product_tag?post=2704"}],"curies":[{"name":"wp","href":"https:\/\/api.w.org\/{rel}","templated":true}]}}