{"id":2726,"date":"2025-04-04T16:03:50","date_gmt":"2025-04-04T14:03:50","guid":{"rendered":"https:\/\/barrelandboar.nl\/product\/fjallraven-singi-gear-holder-dark-olive\/"},"modified":"2026-03-22T04:30:40","modified_gmt":"2026-03-22T03:30:40","slug":"fjallraven-singi-gear-holder-dark-olive","status":"publish","type":"product","link":"https:\/\/barrelandboar.nl\/en\/fjallraven-singi-gear-holder-dark-olive\/","title":{"rendered":"Fj\u00e4llr\u00e4ven Singi Gear Holder Dark Olive"},"content":{"rendered":"<p style=\"margin-top:0pt;margin-bottom:5pt\"><span style=\"font-size:10.5pt;color:#000000;background-color:#FFFFFF\">For the excursions that require you to bring a bit more equipment, the\u00a0<\/span><span style=\"font-size:10.5pt;color:#000000;background-color:#FFFFFF;font-weight:bold\">Singi Gear Holder<\/span><span style=\"font-size:10.5pt;color:#000000;background-color:#FFFFFF\">\u00a0useful. You can attach it to the side or front of the backpack with pins and it is large enough to carry a bottle, tripod, rifle, fishing rod, etc. A tension strap at the top keeps the gear in place and a separate strap acts as an extra attachment point for long gear. It fits all backpacks in the Singi range, but keep in mind that the Singi 20 is not suitable for carrying a rifle.<\/span><\/p>\n<p style=\"margin-top:0pt;margin-bottom:0pt\"><span style=\"font-size:10.5pt;color:#000000;background-color:#FFFFFF;font-weight:bold\">Specifications:<\/span><\/p>\n<ul style=\"margin:0pt;padding:0pt;list-style-type:disc\">\n<li style=\"font-size:12pt\">\n<p style=\"margin-left:0pt;margin-top:0pt;margin-bottom:0pt\"><span style=\"color:#000000;background-color:#FFFFFF\">G-1000 HeavyDuty Eco S made of recycled polyester and organic cotton<\/span><\/p>\n<\/li>\n<li style=\"font-size:12pt\">\n<p style=\"margin-left:0pt;margin-top:0pt;margin-bottom:0pt\"><span style=\"color:#000000;background-color:#FFFFFF\">Reinforcements with durable, waterproof nylon<\/span><\/p>\n<\/li>\n<li style=\"font-size:12pt\">\n<p style=\"margin-left:0pt;margin-top:0pt;margin-bottom:0pt\"><span style=\"color:#000000;background-color:#FFFFFF\">Can be attached with pins to the daisy chain webbing on the side or front of the backpack<\/span><\/p>\n<\/li>\n<li style=\"font-size:12pt\">\n<p style=\"margin-left:0pt;margin-top:0pt;margin-bottom:0pt\"><span style=\"color:#000000;background-color:#FFFFFF\">Adjustable elastic drawstring at the top keeps gear in place<\/span><\/p>\n<\/li>\n<li style=\"font-size:12pt\">\n<p style=\"margin-left:0pt;margin-top:0pt;margin-bottom:0pt\"><span style=\"color:#000000;background-color:#FFFFFF\">Extra adjustable strap to attach long items<\/span><\/p>\n<\/li>\n<li style=\"font-size:12pt\">\n<p style=\"margin-left:0pt;margin-top:0pt;margin-bottom:0pt\"><span style=\"color:#000000;background-color:#FFFFFF\">Material:G-1000\u00ae HeavyDuty Eco S: 65% polyester, 35% cotton, 100% polyamide 500D<\/span><\/p>\n<\/li>\n<li style=\"font-size:12pt\">\n<p style=\"margin-left:0pt;margin-top:0pt;margin-bottom:0pt\"><span style=\"color:#000000;background-color:#FFFFFF\">Height: 21 cm, Width: 16 cm, Weight:65 g<\/span><\/p>\n<\/li>\n<\/ul>","protected":false},"excerpt":{"rendered":"<p>Voor de excursies waarvoor je wat meer uitrusting mee moet nemen, komt de\u00a0Singi Gear Holder\u00a0goed van pas. Je kunt het met pinnen aan de zij- of voorkant van de rugzak bevestigen en het is groot genoeg om er een fles, statief, geweer, hengel enz. in te dragen. Een spanband aan de bovenkant houdt de uitrusting [&hellip;]<\/p>\n","protected":false},"featured_media":2722,"comment_status":"open","ping_status":"closed","template":"","meta":{"_acf_changed":false,"rank_math_title":"Fj\u00e4llr\u00e4ven Singi Gear Holder Dark Olive","rank_math_description":"","rank_math_focus_keyword":"F23324, Fj\u00e4llr\u00e4ven, Singi, Gear, Holder, Dark, Olive, Fj\u00e4llr\u00e4ven Singi Gear Holder Dark Olive","GroupGuid":"","EcommerceProductGuid":"9698CD1B-2F7A-44F0-AE4D-E35CABE7286E","EcommerceProductVariationGuid":"","ProductNumber":"F23324","ProductId":"8109-0"},"product_brand":[137],"product_cat":[56,535,55],"product_tag":[],"class_list":{"0":"post-2726","1":"product","2":"type-product","3":"status-publish","4":"has-post-thumbnail","6":"product_brand-fjallraven","7":"product_cat-opbergen-transport","8":"product_cat-backpack","9":"product_cat-toebehoren","11":"first","12":"instock","13":"taxable","14":"shipping-taxable","15":"purchasable","16":"product-type-simple"},"bundled_by":[],"bundle_stock_status":"instock","bundle_stock_quantity":2,"bundle_virtual":false,"bundle_layout":"","bundle_add_to_cart_form_location":"","bundle_editable_in_cart":false,"bundle_sold_individually_context":"","bundle_item_grouping":"","bundle_min_size":"","bundle_max_size":"","bundle_price":[],"bundled_items":[],"bundle_sell_ids":[],"acf":[],"rank_math_title":"Fj\u00e4llr\u00e4ven Singi Gear Holder Dark Olive","rank_math_description":null,"rank_math_focus_keyword":"F23324, Fj\u00e4llr\u00e4ven, Singi, Gear, Holder, Dark, Olive, Fj\u00e4llr\u00e4ven Singi Gear Holder Dark Olive","GroupGuid":null,"EcommerceProductGuid":"9698CD1B-2F7A-44F0-AE4D-E35CABE7286E","EcommerceProductVariationGuid":null,"ProductNumber":"F23324","ProductId":"8109-0","IgnoreVenditGroupURL":null,"IgnoreVenditGroupSEO":null,"_links":{"self":[{"href":"https:\/\/barrelandboar.nl\/en\/wp-json\/wp\/v2\/product\/2726","targetHints":{"allow":["GET"]}}],"collection":[{"href":"https:\/\/barrelandboar.nl\/en\/wp-json\/wp\/v2\/product"}],"about":[{"href":"https:\/\/barrelandboar.nl\/en\/wp-json\/wp\/v2\/types\/product"}],"replies":[{"embeddable":true,"href":"https:\/\/barrelandboar.nl\/en\/wp-json\/wp\/v2\/comments?post=2726"}],"wp:featuredmedia":[{"embeddable":true,"href":"https:\/\/barrelandboar.nl\/en\/wp-json\/wp\/v2\/media\/2722"}],"wp:attachment":[{"href":"https:\/\/barrelandboar.nl\/en\/wp-json\/wp\/v2\/media?parent=2726"}],"wp:term":[{"taxonomy":"product_brand","embeddable":true,"href":"https:\/\/barrelandboar.nl\/en\/wp-json\/wp\/v2\/product_brand?post=2726"},{"taxonomy":"product_cat","embeddable":true,"href":"https:\/\/barrelandboar.nl\/en\/wp-json\/wp\/v2\/product_cat?post=2726"},{"taxonomy":"product_tag","embeddable":true,"href":"https:\/\/barrelandboar.nl\/en\/wp-json\/wp\/v2\/product_tag?post=2726"}],"curies":[{"name":"wp","href":"https:\/\/api.w.org\/{rel}","templated":true}]}}