{"id":2728,"date":"2025-04-04T16:34:12","date_gmt":"2025-04-04T14:34:12","guid":{"rendered":"https:\/\/barrelandboar.nl\/product\/fjallraven-kajka-65-graphite\/"},"modified":"2026-03-22T04:37:01","modified_gmt":"2026-03-22T03:37:01","slug":"fjallraven-kajka-65-graphite","status":"publish","type":"product","link":"https:\/\/barrelandboar.nl\/en\/fjallraven-kajka-65-graphite\/","title":{"rendered":"Fj\u00e4llr\u00e4ven Kajka 65 Graphite"},"content":{"rendered":"<p style=\"margin-top:0pt;margin-bottom:5pt\"><span style=\"font-size:10.5pt;color:#000000;background-color:#FFFFFF\">The\u00a0<\/span><span style=\"font-size:10.5pt;color:#000000;background-color:#FFFFFF;font-weight:bold\">Fj\u00e4llr\u00e4ven Kajka 65<\/span><span style=\"font-size:10.5pt;color:#000000;background-color:#FFFFFF\">\u00a0is a backpack best described as very comfortable, versatile but also hard-wearing. The bag features the Perfect Fit adjustment system. This ensures that the carrying system can be very well adjusted. Indeed, both the back length and the width between the shoulder straps can be adjusted. This makes the bag suitable for everyone.<\/span><\/p>\n<p style=\"margin-top:0pt;margin-bottom:0pt\"><span style=\"font-size:10.5pt;color:#000000;background-color:#FFFFFF\">Furthermore, the bag has zip pockets on the hip belt, top flap and sides, a rain cover with reflection, a hip belt, compression straps and a wet\/dry compartment. The bag features a unique wooden frame and a top opening with a snow seal.<\/span><\/p>","protected":false},"excerpt":{"rendered":"<p style=\"margin-top:0pt;margin-bottom:0pt\"><span style=\"font-size:10.5pt;color:#000000;background-color:#FFFFFF\">The\u00a0<\/span><span style=\"font-size:10.5pt;color:#000000;background-color:#FFFFFF;font-weight:bold\">Fj\u00e4llr\u00e4ven Kajka 65<\/span><span style=\"font-size:10.5pt;color:#000000;background-color:#FFFFFF\">\u00a0is a backpack best described as very comfortable, versatile but also hard-wearing.<\/span><\/p>","protected":false},"featured_media":2735,"comment_status":"open","ping_status":"closed","template":"","meta":{"_acf_changed":false,"rank_math_title":"Fj\u00e4llr\u00e4ven Kajka 65 Graphite","rank_math_description":"","rank_math_focus_keyword":"27094-1, Fj\u00e4llr\u00e4ven, Kajka, 65, Graphite, Fj\u00e4llr\u00e4ven Kajka 65 Graphite","GroupGuid":"","EcommerceProductGuid":"E0C861BC-D5A6-46F1-9E6F-BADDA530096A","EcommerceProductVariationGuid":"","ProductNumber":"27094-1","ProductId":"8088-0"},"product_brand":[137],"product_cat":[56,535,55],"product_tag":[],"class_list":{"0":"post-2728","1":"product","2":"type-product","3":"status-publish","4":"has-post-thumbnail","6":"product_brand-fjallraven","7":"product_cat-opbergen-transport","8":"product_cat-backpack","9":"product_cat-toebehoren","10":"pa_kleur-grijs","12":"first","13":"instock","14":"sale","15":"taxable","16":"shipping-taxable","17":"purchasable","18":"product-type-simple"},"bundled_by":[],"bundle_stock_status":"instock","bundle_stock_quantity":1,"bundle_virtual":false,"bundle_layout":"","bundle_add_to_cart_form_location":"","bundle_editable_in_cart":false,"bundle_sold_individually_context":"","bundle_item_grouping":"","bundle_min_size":"","bundle_max_size":"","bundle_price":[],"bundled_items":[],"bundle_sell_ids":[],"acf":[],"rank_math_title":"Fj\u00e4llr\u00e4ven Kajka 65 Graphite","rank_math_description":null,"rank_math_focus_keyword":"27094-1, Fj\u00e4llr\u00e4ven, Kajka, 65, Graphite, Fj\u00e4llr\u00e4ven Kajka 65 Graphite","GroupGuid":null,"EcommerceProductGuid":"E0C861BC-D5A6-46F1-9E6F-BADDA530096A","EcommerceProductVariationGuid":null,"ProductNumber":"27094-1","ProductId":"8088-0","IgnoreVenditGroupURL":null,"IgnoreVenditGroupSEO":null,"_links":{"self":[{"href":"https:\/\/barrelandboar.nl\/en\/wp-json\/wp\/v2\/product\/2728","targetHints":{"allow":["GET"]}}],"collection":[{"href":"https:\/\/barrelandboar.nl\/en\/wp-json\/wp\/v2\/product"}],"about":[{"href":"https:\/\/barrelandboar.nl\/en\/wp-json\/wp\/v2\/types\/product"}],"replies":[{"embeddable":true,"href":"https:\/\/barrelandboar.nl\/en\/wp-json\/wp\/v2\/comments?post=2728"}],"wp:featuredmedia":[{"embeddable":true,"href":"https:\/\/barrelandboar.nl\/en\/wp-json\/wp\/v2\/media\/2735"}],"wp:attachment":[{"href":"https:\/\/barrelandboar.nl\/en\/wp-json\/wp\/v2\/media?parent=2728"}],"wp:term":[{"taxonomy":"product_brand","embeddable":true,"href":"https:\/\/barrelandboar.nl\/en\/wp-json\/wp\/v2\/product_brand?post=2728"},{"taxonomy":"product_cat","embeddable":true,"href":"https:\/\/barrelandboar.nl\/en\/wp-json\/wp\/v2\/product_cat?post=2728"},{"taxonomy":"product_tag","embeddable":true,"href":"https:\/\/barrelandboar.nl\/en\/wp-json\/wp\/v2\/product_tag?post=2728"}],"curies":[{"name":"wp","href":"https:\/\/api.w.org\/{rel}","templated":true}]}}